{"id":1237,"date":"2019-01-08T00:59:57","date_gmt":"2019-01-08T00:59:57","guid":{"rendered":"http:\/\/imd2013.icom.cust.oxymium.net\/prensa-y-museos\/museos-como-participar\/"},"modified":"2019-01-08T01:04:45","modified_gmt":"2019-01-08T01:04:45","slug":"museos-como-participar","status":"publish","type":"page","link":"https:\/\/imd2013.mini.icom.museum\/es\/prensa-y-museos\/museos-como-participar\/","title":{"rendered":"Museos: \u00bfc\u00f3mo participar?"},"content":{"rendered":"<div id=\"RTE_CONTENT\"> <!--TYPO3SEARCH_begin--> \t<!--  CONTENT ELEMENT, uid:8879\/text [begin] --> \t\t<\/p>\n<div id=\"c8879\"> \t\t<!--  Text: [begin] --> \t\t\t<\/p>\n<p>Para ayudar a las instituciones que deseen participar en el D\u00eda Internacional de los Museos, el ICOM ha creado un kit de organizaci\u00f3n que contiene informaciones \u00fatiles sobre la manera de preparar un programa de actividades, personalizar el cartel oficial, lanzar una campa\u00f1a medi\u00e1tica y hasta c\u00f3mo encontrar patrocinadores institucionales o financieros. <\/p>\n<p>Ya sean proyectos con peque\u00f1os o grandes presupuestos, usted encontrar\u00e1 los instrumentos necesarios para realizar con \u00e9xito un D\u00eda Internacional de los Museos en el kit <i><a href=\"http:\/\/imd2013.mini.icom.museum\/wp-content\/uploads\/sites\/50\/2019\/01\/120820_IMD2013_musees_kit_ESP_FINAL.pdf\" title=\"TEXT, 120820 IMD2013 musees kit ESP FINAL, 120820_IMD2013_musees_kit_ESP_FINAL.pdf, 261 KB\">C\u00f3mo preparar su D\u00eda Internacional de los Museos 2013<\/a><\/i>. <\/p>\n<p>\u00a0<\/p>\n<p>\u00a0<\/p>\n<p> \t\t<!--  Text: [end] --> \t\t\t   \t<!--  \t\tBEGIN: Content of extension \"hpo_relatedlink\", plugin \"tx_hporelatedlink_pi1\"  \t--> \t<\/p>\n<div> \t\t \t<\/div>\n<p> \t \t<!-- END: Content of extension \"hpo_relatedlink\", plugin \"tx_hporelatedlink_pi1\" -->  \t<\/div>\n<p> \t<!--  CONTENT ELEMENT, uid:8879\/text [end] --> \t\t<!--TYPO3SEARCH_end--> <\/div>\n","protected":false},"excerpt":{"rendered":"<p>Para ayudar a las instituciones que deseen participar en el D\u00eda Internacional de los Museos, el ICOM ha creado un kit de organizaci\u00f3n que contiene informaciones \u00fatiles sobre la manera de preparar un programa de actividades, personalizar el cartel oficial, lanzar una campa\u00f1a medi\u00e1tica y hasta c\u00f3mo encontrar patrocinadores institucionales o financieros. Ya sean proyectos [&hellip;]<\/p>\n","protected":false},"author":1,"featured_media":0,"parent":137,"menu_order":1,"comment_status":"closed","ping_status":"closed","template":"","meta":{"footnotes":""},"yst_prominent_words":[],"acf":[],"_links":{"self":[{"href":"https:\/\/imd2013.mini.icom.museum\/es\/wp-json\/wp\/v2\/pages\/1237"}],"collection":[{"href":"https:\/\/imd2013.mini.icom.museum\/es\/wp-json\/wp\/v2\/pages"}],"about":[{"href":"https:\/\/imd2013.mini.icom.museum\/es\/wp-json\/wp\/v2\/types\/page"}],"author":[{"embeddable":true,"href":"https:\/\/imd2013.mini.icom.museum\/es\/wp-json\/wp\/v2\/users\/1"}],"replies":[{"embeddable":true,"href":"https:\/\/imd2013.mini.icom.museum\/es\/wp-json\/wp\/v2\/comments?post=1237"}],"version-history":[{"count":1,"href":"https:\/\/imd2013.mini.icom.museum\/es\/wp-json\/wp\/v2\/pages\/1237\/revisions"}],"predecessor-version":[{"id":2615,"href":"https:\/\/imd2013.mini.icom.museum\/es\/wp-json\/wp\/v2\/pages\/1237\/revisions\/2615"}],"up":[{"embeddable":true,"href":"https:\/\/imd2013.mini.icom.museum\/es\/wp-json\/wp\/v2\/pages\/137"}],"wp:attachment":[{"href":"https:\/\/imd2013.mini.icom.museum\/es\/wp-json\/wp\/v2\/media?parent=1237"}],"wp:term":[{"taxonomy":"yst_prominent_words","embeddable":true,"href":"https:\/\/imd2013.mini.icom.museum\/es\/wp-json\/wp\/v2\/yst_prominent_words?post=1237"}],"curies":[{"name":"wp","href":"https:\/\/api.w.org\/{rel}","templated":true}]}}