{"id":1258,"date":"2019-01-08T01:00:12","date_gmt":"2019-01-08T01:00:12","guid":{"rendered":"http:\/\/imd2013.icom.cust.oxymium.net\/prensa-y-museos\/espacio-prensa\/"},"modified":"2019-01-08T01:04:45","modified_gmt":"2019-01-08T01:04:45","slug":"espacio-prensa","status":"publish","type":"page","link":"https:\/\/imd2013.mini.icom.museum\/es\/prensa-y-museos\/espacio-prensa\/","title":{"rendered":"Espacio prensa"},"content":{"rendered":"<div id=\"RTE_CONTENT\"> <!--TYPO3SEARCH_begin--> \t<!--  CONTENT ELEMENT, uid:8880\/text [begin] --> \t\t<\/p>\n<div id=\"c8880\"> \t\t<!--  Text: [begin] --> \t\t\t<\/p>\n<ul>\n<li><a href=\"http:\/\/imd2013.mini.icom.museum\/wp-content\/uploads\/sites\/50\/2019\/01\/120917_IMD2013_communique_de_presse_ESP.pdf\" title=\"TEXT, 120917 IMD2013 communique de presse ESP, 120917_IMD2013_communique_de_presse_ESP.pdf, 141 KB\">Inauguraci\u00f3n del D\u00eda International de los Museos 2013 &#8211; Comunicado de prensa<\/a><\/li>\n<\/ul>\n<p>\u00a0<\/p>\n<p>Si desea obtener informaci\u00f3n sobre el D\u00eda Internacional de los Museos y las actividades organizadas en los diferentes pa\u00edses, s\u00edrvase contactar el <a href=\"mailto:icom.presse@icom.museum\" title=\"ICOM\">servicio de prensa del ICOM<\/a>.  <\/p>\n<p>Para m\u00e1s informaci\u00f3n sobre el evento, no dude en consultar el <a href=\"http:\/\/imd2013.mini.icom.museum\/wp-content\/uploads\/sites\/50\/2019\/01\/IMD2012-review-es.pdf\" title=\"TEXT, IMD2012-review-es, IMD2012-review-es.pdf, 318 KB\">balance del DIM 2012 en\u00a0el mundo<\/a>. <\/p>\n<p>\u00a0<\/p>\n<p>\u00a0<\/p>\n<p>\u00a0<\/p>\n<p>\u00a0<\/p>\n<p> \t\t<!--  Text: [end] --> \t\t\t   \t<!--  \t\tBEGIN: Content of extension \"hpo_relatedlink\", plugin \"tx_hporelatedlink_pi1\"  \t--> \t<\/p>\n<div> \t\t \t<\/div>\n<p> \t \t<!-- END: Content of extension \"hpo_relatedlink\", plugin \"tx_hporelatedlink_pi1\" -->  \t<\/div>\n<p> \t<!--  CONTENT ELEMENT, uid:8880\/text [end] --> \t\t<!--TYPO3SEARCH_end--> <\/div>\n","protected":false},"excerpt":{"rendered":"<p>Inauguraci\u00f3n del D\u00eda International de los Museos 2013 &#8211; Comunicado de prensa \u00a0 Si desea obtener informaci\u00f3n sobre el D\u00eda Internacional de los Museos y las actividades organizadas en los diferentes pa\u00edses, s\u00edrvase contactar el servicio de prensa del ICOM. Para m\u00e1s informaci\u00f3n sobre el evento, no dude en consultar el balance del DIM 2012 [&hellip;]<\/p>\n","protected":false},"author":1,"featured_media":0,"parent":137,"menu_order":2,"comment_status":"closed","ping_status":"closed","template":"","meta":{"footnotes":""},"yst_prominent_words":[],"acf":[],"_links":{"self":[{"href":"https:\/\/imd2013.mini.icom.museum\/es\/wp-json\/wp\/v2\/pages\/1258"}],"collection":[{"href":"https:\/\/imd2013.mini.icom.museum\/es\/wp-json\/wp\/v2\/pages"}],"about":[{"href":"https:\/\/imd2013.mini.icom.museum\/es\/wp-json\/wp\/v2\/types\/page"}],"author":[{"embeddable":true,"href":"https:\/\/imd2013.mini.icom.museum\/es\/wp-json\/wp\/v2\/users\/1"}],"replies":[{"embeddable":true,"href":"https:\/\/imd2013.mini.icom.museum\/es\/wp-json\/wp\/v2\/comments?post=1258"}],"version-history":[{"count":1,"href":"https:\/\/imd2013.mini.icom.museum\/es\/wp-json\/wp\/v2\/pages\/1258\/revisions"}],"predecessor-version":[{"id":2614,"href":"https:\/\/imd2013.mini.icom.museum\/es\/wp-json\/wp\/v2\/pages\/1258\/revisions\/2614"}],"up":[{"embeddable":true,"href":"https:\/\/imd2013.mini.icom.museum\/es\/wp-json\/wp\/v2\/pages\/137"}],"wp:attachment":[{"href":"https:\/\/imd2013.mini.icom.museum\/es\/wp-json\/wp\/v2\/media?parent=1258"}],"wp:term":[{"taxonomy":"yst_prominent_words","embeddable":true,"href":"https:\/\/imd2013.mini.icom.museum\/es\/wp-json\/wp\/v2\/yst_prominent_words?post=1258"}],"curies":[{"name":"wp","href":"https:\/\/api.w.org\/{rel}","templated":true}]}}