{"id":1342,"date":"2019-01-08T01:00:31","date_gmt":"2019-01-08T01:00:31","guid":{"rendered":"http:\/\/imd2013.icom.cust.oxymium.net\/el-dim-2013\/programa-de-actividades\/africa\/"},"modified":"2019-01-08T01:04:44","modified_gmt":"2019-01-08T01:04:44","slug":"africa","status":"publish","type":"page","link":"https:\/\/imd2013.mini.icom.museum\/es\/el-dim-2013\/programa-de-actividades\/africa\/","title":{"rendered":"\u00c1frica"},"content":{"rendered":"<div id=\"RTE_CONTENT\"> <!--TYPO3SEARCH_begin--> \t<!--  CONTENT ELEMENT, uid:10740\/text [begin] --> \t\t<\/p>\n<div id=\"c10740\"> \t\t<!--  Text: [begin] --> \t\t\t<\/p>\n<p><b>Botswana<\/b> <\/p>\n<p><b><br \/><\/b> <\/p>\n<p><b>National Museum, Gaborone<\/b> <\/p>\n<p>\u00a0<\/p>\n<p><i>Para ver el programa del museo, visite la versi\u00f3n en ingl\u00e9s de esta p\u00e1gina<\/i>. <\/p>\n<p>Tel: 361 0400 <\/p>\n<p>\u00a0<\/p>\n<hr>\n<p> <!--  Text: [end] --><!--  \t\tBEGIN: Content of extension \"hpo_relatedlink\", plugin \"tx_hporelatedlink_pi1\"  \t--><\/p>\n<div> \t\t \t<\/div>\n<p> \t \t<!-- END: Content of extension \"hpo_relatedlink\", plugin \"tx_hporelatedlink_pi1\" -->  \t<\/div>\n<p> \t<!--  CONTENT ELEMENT, uid:10740\/text [end] --> \t\t \t<!--  CONTENT ELEMENT, uid:9905\/textpic [begin] --> \t\t<\/p>\n<div id=\"c9905\"> \t\t<!--  Image block: [begin] --> \t\t\t<\/p>\n<div>\n<div>\n<div>\n<ul>\n<li><img decoding=\"async\" src=\"http:\/\/imd2013.mini.icom.museum\/wp-content\/uploads\/sites\/50\/2019\/01\/burkina1_01.jpg\" alt=\"\"><\/li>\n<\/ul>\n<\/div>\n<div>\n<ul>\n<li><img decoding=\"async\" src=\"http:\/\/imd2013.mini.icom.museum\/wp-content\/uploads\/sites\/50\/2019\/01\/burkina2_01.jpg\" alt=\"\"><\/li>\n<\/ul>\n<\/div><\/div>\n<div> \t\t<!--  Text: [begin] --> \t\t\t<\/p>\n<p><b>Burkina Faso<\/b> <\/p>\n<p>\u00a0<\/p>\n<p><b>Ciudad de Diapaga<\/b> <\/p>\n<p>\u00a0<\/p>\n<p><i>Para ver el programa del museo, visite la versi\u00f3n en franc\u00e9s de esta p\u00e1gina<\/i> <\/p>\n<p>\u00a0<\/p>\n<p><b>Contacto:<\/b><br \/>Alassane WAONGO, Presidente del ICOM Burkina Faso<br \/><a href=\"mailto:walassane@yahoo.fr\">walassane@yahoo.fr<\/a> <\/p>\n<p>\u00a0<\/p>\n<p>\u00a0<\/p>\n<p>\u00a0<\/p>\n<p>\u00a0<\/p>\n<p>\u00a0<\/p>\n<hr>\n<p> <!--  Text: [end] --> <\/div>\n<\/p><\/div>\n<div><!-- --><\/div>\n<p> \t\t<!--  Image block: [end] --> \t\t\t   \t<!--  \t\tBEGIN: Content of extension \"hpo_relatedlink\", plugin \"tx_hporelatedlink_pi1\"  \t--> \t<\/p>\n<div> \t\t \t<\/div>\n<p> \t \t<!-- END: Content of extension \"hpo_relatedlink\", plugin \"tx_hporelatedlink_pi1\" -->  \t<\/div>\n<p> \t<!--  CONTENT ELEMENT, uid:9905\/textpic [end] --> \t\t \t<!--  CONTENT ELEMENT, uid:10221\/textpic [begin] --> \t\t<\/p>\n<div id=\"c10221\"> \t\t<!--  Image block: [begin] --> \t\t\t<\/p>\n<div>\n<div><img decoding=\"async\" src=\"http:\/\/imd2013.mini.icom.museum\/wp-content\/uploads\/sites\/50\/2019\/01\/Cameroun1_01.JPG\" alt=\"\"><\/div>\n<div> \t\t<!--  Text: [begin] --> \t\t\t<\/p>\n<p><b>Camer\u00fan<\/p>\n<p><\/b> <\/p>\n<p><b>Mus\u00e9e des Civilisations,\u00a0Dschang<\/p>\n<p><\/b> <\/p>\n<p><i>Para ver el programa del museo, visite la versi\u00f3n en franc\u00e9s de esta p\u00e1gina.<\/p>\n<p><\/i> <\/p>\n<p>Mus\u00e9e des Civilisations<br \/>Direcci\u00f3n: Sis au bord du lac municipal de Dschang, BP 99 Dschang, Cameroun <br \/>Tel. : +237 33 45 18 53 \/ +237 99 07 48 34 \/ +237 98 61 73 90<br \/><a href=\"mailto:contact@routedeschefferies.com\">contact@routedeschefferies.com<\/a><\/p>\n<p><a href=\"http:\/\/www.routedeschefferies.com\/\" title=\"Opens external link in new window\" target=\"_blank\">www.routedeschefferies.com <\/p>\n<p><\/a> <\/p>\n<hr>\n<p><a href=\"http:\/\/www.routedeschefferies.com\/\" title=\"Opens external link in new window\" target=\"_blank\"><br \/><\/a><\/p>\n<p> \t\t<!--  Text: [end] --> \t\t\t<\/div>\n<\/p><\/div>\n<div><!-- --><\/div>\n<p> \t\t<!--  Image block: [end] --> \t\t\t   \t<!--  \t\tBEGIN: Content of extension \"hpo_relatedlink\", plugin \"tx_hporelatedlink_pi1\"  \t--> \t<\/p>\n<div> \t\t \t<\/div>\n<p> \t \t<!-- END: Content of extension \"hpo_relatedlink\", plugin \"tx_hporelatedlink_pi1\" -->  \t<\/div>\n<p> \t<!--  CONTENT ELEMENT, uid:10221\/textpic [end] --> \t\t \t<!--  CONTENT ELEMENT, uid:10737\/textpic [begin] --> \t\t<\/p>\n<div id=\"c10737\"> \t\t<!--  Image block: [begin] --> \t\t\t<\/p>\n<div> \t\t<!--  Text: [begin] --> \t\t\t<\/p>\n<p><b>Egipto<\/b><\/p>\n<div>\n<p><b><br \/><img decoding=\"async\" src=\"http:\/\/imd2013.mini.icom.museum\/wp-content\/uploads\/sites\/50\/2019\/01\/RTEmagicC_Egypt_International-Museum-Day_children-museum_05.jpg.jpg\" alt=\"\">Children Centre for Civilization and Creativity, Cairo Children Museum, El\u00a0Cairo<\/b> <\/p>\n<p>\u00a0<\/p>\n<p><i>Para ver el programa del museo, visite la versi\u00f3n en ingl\u00e9s de esta p\u00e1gina.<\/i><\/p>\n<\/p><\/div>\n<div>\n<p>\u00a0<\/p>\n<p>Child Museum<br \/>34 \u00a0Abo Bakr \u00a0EL \u00a0Seddik \u00a0Street,\u00a0Heliopolis<br \/>Cairo, Egypt \u00a0<br \/>Tel : \u00a026399915\u00a0\u2013 26424246 \u00a0 \u00a0<br \/>Fax: 26326126 <\/p>\n<p><a href=\"http:\/\/www.childmuseum.net\" title=\"Opens external link in new window\" target=\"_blank\">http:\/\/www.childmuseum.net<\/a><\/p>\n<p>\u00a0<\/p>\n<hr>\n<p>\u00a0<\/p>\n<\/p><\/div>\n<p> \t\t<!--  Text: [end] --> \t\t\t<\/div>\n<p> \t\t<!--  Image block: [end] --> \t\t\t   \t<!--  \t\tBEGIN: Content of extension \"hpo_relatedlink\", plugin \"tx_hporelatedlink_pi1\"  \t--> \t<\/p>\n<div> \t\t \t<\/div>\n<p> \t \t<!-- END: Content of extension \"hpo_relatedlink\", plugin \"tx_hporelatedlink_pi1\" -->  \t<\/div>\n<p> \t<!--  CONTENT ELEMENT, uid:10737\/textpic [end] --> \t\t \t<!--  CONTENT ELEMENT, uid:11229\/textpic [begin] --> \t\t<\/p>\n<div id=\"c11229\"> \t\t<!--  Image block: [begin] --> \t\t\t<\/p>\n<div>\n<div><img decoding=\"async\" src=\"http:\/\/imd2013.mini.icom.museum\/wp-content\/uploads\/sites\/50\/2019\/01\/Affiche-JIM-VADR2_02.jpg\" alt=\"\"><\/div>\n<div> \t\t<!--  Text: [begin] --> \t\t\t<\/p>\n<p>Marruecos<\/p>\n<p>\u00a0<\/p>\n<p>Villa des Arts de Rabat<\/p>\n<p>Vendredi 17 mai 2013, 17.00 <\/p>\n<p>Lancement du r\u00e9seau des professionnels des mus\u00e9es du Grand Magreb <\/p>\n<p>\u00a0<\/p>\n<p>\u00a0<\/p>\n<p>\u00a0<\/p>\n<p>\u00a0<\/p>\n<p>\u00a0<\/p>\n<p>\u00a0<\/p>\n<p>\u00a0<\/p>\n<hr>\n<p>\u00a0<\/p>\n<p> \t\t<!--  Text: [end] --> \t\t\t<\/div>\n<\/p><\/div>\n<div><!-- --><\/div>\n<p> \t\t<!--  Image block: [end] --> \t\t\t   \t<!--  \t\tBEGIN: Content of extension \"hpo_relatedlink\", plugin \"tx_hporelatedlink_pi1\"  \t--> \t<\/p>\n<div> \t\t \t<\/div>\n<p> \t \t<!-- END: Content of extension \"hpo_relatedlink\", plugin \"tx_hporelatedlink_pi1\" -->  \t<\/div>\n<p> \t<!--  CONTENT ELEMENT, uid:11229\/textpic [end] --> \t\t \t<!--  CONTENT ELEMENT, uid:10977\/text [begin] --> \t\t<\/p>\n<div id=\"c10977\"> \t\t<!--  Text: [begin] --> \t\t\t<\/p>\n<div>\n<p><b>Marruecos<\/b><\/p>\n<\/div>\n<div>\n<p><b><br \/><\/b><\/p>\n<\/div>\n<div>\n<p><b>Museo de la\u00a0<\/b><b>Arqueolog\u00eda<\/b><b>, Ville de Rabat<\/b><\/p>\n<\/div>\n<div>\n<p><b>\u00a0\u00a0<\/b><\/p>\n<\/div>\n<p><i>Para ver el programa del museo, visite la versi\u00f3n en franc\u00e9s de esta p\u00e1gina.<\/i> <\/p>\n<p>\u00a0<\/p>\n<div>\n<p>23 Rue Brihi, Rabat, Morocco<\/p>\n<\/div>\n<div>\n<p>Tel.: 05 37 70 \u00a019 19<\/p>\n<\/div>\n<div>\n<p>Contact: Khadija BOURCHOUK, Nasra.68@gmail.com \u00a0\u00a0<\/p>\n<\/div>\n<div>\n<p>R\u00e9da Ajar\u00e2am, Commissaire de l\u2019\u00e9v\u00e9nement,\u00a0<a href=\"mailto:Reda.aj@hotmail.com\">Reda.aj@hotmail.com<\/a> <\/p>\n<p>\u00a0<\/p>\n<\/p><\/div>\n<div>\n<hr>\n<p>\u00a0<\/p>\n<\/p><\/div>\n<p> \t\t<!--  Text: [end] --> \t\t\t   \t<!--  \t\tBEGIN: Content of extension \"hpo_relatedlink\", plugin \"tx_hporelatedlink_pi1\"  \t--> \t<\/p>\n<div> \t\t \t<\/div>\n<p> \t \t<!-- END: Content of extension \"hpo_relatedlink\", plugin \"tx_hporelatedlink_pi1\" -->  \t<\/div>\n<p> \t<!--  CONTENT ELEMENT, uid:10977\/text [end] --> \t\t \t<!--  CONTENT ELEMENT, uid:10616\/text [begin] --> \t\t<\/p>\n<div id=\"c10616\"> \t\t<!--  Text: [begin] --> \t\t\t<\/p>\n<p> <b>Nigeria<\/b> <\/p>\n<p><b><br \/><\/b> <\/p>\n<p><b>National Museum Lagos, Onikan Lagos<\/b> <\/p>\n<p>\u00a0<\/p>\n<p><img decoding=\"async\" clickenlarge=\"1\" src=\"http:\/\/imd2013.mini.icom.museum\/wp-content\/uploads\/sites\/50\/2019\/01\/RTEmagicC_Nigeria-Lagos_museum_-_Copie_02.jpg.jpg\" alt=\"\"><\/p>\n<p><i>Para ver el programa del museo, visite la versi\u00f3n en ingl\u00e9s de esta p\u00e1gina<\/p>\n<p><\/i> <\/p>\n<p>2 J K Randle Street, Onikan Lagos <br \/>Tel: 08033112623<br \/>Email: <a href=\"mailto:lagosmuseum@yahoo.com\">lagosmuseum@yahoo.com<\/a> o <a href=\"mailto:museumlagos@yahoo.com\">museumlagos@yahoo.com<br \/><\/a><\/p>\n<p><a href=\"http:\/\/www.nigerianmuseums.org\/\" target=\"_blank\">www.nigerianmuseums.org<\/a> <\/p>\n<p>\u00a0<\/p>\n<hr>\n<p> <!--  Text: [end] --><!--  \t\tBEGIN: Content of extension \"hpo_relatedlink\", plugin \"tx_hporelatedlink_pi1\"  \t--><\/p>\n<div> \t\t \t<\/div>\n<p> \t \t<!-- END: Content of extension \"hpo_relatedlink\", plugin \"tx_hporelatedlink_pi1\" -->  \t<\/div>\n<p> \t<!--  CONTENT ELEMENT, uid:10616\/text [end] --> \t\t \t<!--  CONTENT ELEMENT, uid:10517\/text [begin] --> \t\t<\/p>\n<div id=\"c10517\"> \t\t<!--  Text: [begin] --> \t\t\t<\/p>\n<p><b>Sud\u00e1frica<\/b> <\/p>\n<p>\u00a0<\/p>\n<p><b>Carnegie Art Gallery, Newcastle<\/b> <\/p>\n<p>\u00a0<\/p>\n<p><i>Para ver el programa del museo, visite la versi\u00f3n en ingl\u00e9s de esta p\u00e1gina.<\/i> <\/p>\n<p>Carnegie Art Gallery<br \/>P\/Bag X6621, 2940<br \/>Newcastle, Sud\u00e1frica <\/p>\n<p>Fax: +27 (034) 312 1570<br \/>Tel.: +27 (034) 328 7622.  <\/p>\n<p>E-mail: <a href=\"mailto:gallery@newcastle.gov.za\">gallery@newcastle.gov.za<\/a><br \/><a href=\"http:\/\/www.carnegie-art.co.za\" target=\"_blank\">http:\/\/www.carnegie-art.co.za<\/a> <\/p>\n<hr>\n<p> <!--  Text: [end] --><!--  \t\tBEGIN: Content of extension \"hpo_relatedlink\", plugin \"tx_hporelatedlink_pi1\"  \t--><\/p>\n<div> \t\t \t<\/div>\n<p> \t \t<!-- END: Content of extension \"hpo_relatedlink\", plugin \"tx_hporelatedlink_pi1\" -->  \t<\/div>\n<p> \t<!--  CONTENT ELEMENT, uid:10517\/text [end] --> \t\t \t<!--  CONTENT ELEMENT, uid:10574\/textpic [begin] --> \t\t<\/p>\n<div id=\"c10574\"> \t\t<!--  Image block: [begin] --> \t\t\t<\/p>\n<div> \t\t<!--  Text: [begin] --> \t\t\t<\/p>\n<p><b>Sud\u00e1frica <\/b> <\/p>\n<p>\u00a0<\/p>\n<p><b>Diamond Museum, Cape Town<\/b> <\/p>\n<p>\u00a0<\/p>\n<p><i>Para ver el programa del museo, visite la versi\u00f3n en ingl\u00e9s de esta p\u00e1gina.<\/i>  <\/p>\n<p>\u00a0<\/p>\n<p>Diamond Museum<br \/>First\u00a0floor of\u00a0The Clock Tower<br \/>Waterfront, Cape Town, 8001, Sud\u00e1frica <\/p>\n<p>Tel.: +27 (0)21 421 2488<br \/><a href=\"mailto:info@capetowndiamondmuseum.org\">info@capetowndiamondmuseum.org<\/a><br \/><a href=\"http:\/\/www.capetowndiamondmuseum.org\" title=\"Opens external link in new window\" target=\"_blank\">http:\/\/www.capetowndiamondmuseum.org<\/a> <\/p>\n<hr>\n<p> <!--  Text: [end] --> <\/div>\n<p> \t\t<!--  Image block: [end] --> \t\t\t   \t<!--  \t\tBEGIN: Content of extension \"hpo_relatedlink\", plugin \"tx_hporelatedlink_pi1\"  \t--> \t<\/p>\n<div> \t\t \t<\/div>\n<p> \t \t<!-- END: Content of extension \"hpo_relatedlink\", plugin \"tx_hporelatedlink_pi1\" -->  \t<\/div>\n<p> \t<!--  CONTENT ELEMENT, uid:10574\/textpic [end] --> \t\t<!--TYPO3SEARCH_end--> <\/div>\n","protected":false},"excerpt":{"rendered":"<p>Botswana National Museum, Gaborone \u00a0 Para ver el programa del museo, visite la versi\u00f3n en ingl\u00e9s de esta p\u00e1gina. Tel: 361 0400 \u00a0 Burkina Faso \u00a0 Ciudad de Diapaga \u00a0 Para ver el programa del museo, visite la versi\u00f3n en franc\u00e9s de esta p\u00e1gina \u00a0 Contacto:Alassane WAONGO, Presidente del ICOM Burkina Fasowalassane@yahoo.fr \u00a0 \u00a0 \u00a0 [&hellip;]<\/p>\n","protected":false},"author":1,"featured_media":0,"parent":158,"menu_order":0,"comment_status":"closed","ping_status":"closed","template":"","meta":{"footnotes":""},"yst_prominent_words":[],"acf":[],"_links":{"self":[{"href":"https:\/\/imd2013.mini.icom.museum\/es\/wp-json\/wp\/v2\/pages\/1342"}],"collection":[{"href":"https:\/\/imd2013.mini.icom.museum\/es\/wp-json\/wp\/v2\/pages"}],"about":[{"href":"https:\/\/imd2013.mini.icom.museum\/es\/wp-json\/wp\/v2\/types\/page"}],"author":[{"embeddable":true,"href":"https:\/\/imd2013.mini.icom.museum\/es\/wp-json\/wp\/v2\/users\/1"}],"replies":[{"embeddable":true,"href":"https:\/\/imd2013.mini.icom.museum\/es\/wp-json\/wp\/v2\/comments?post=1342"}],"version-history":[{"count":1,"href":"https:\/\/imd2013.mini.icom.museum\/es\/wp-json\/wp\/v2\/pages\/1342\/revisions"}],"predecessor-version":[{"id":2611,"href":"https:\/\/imd2013.mini.icom.museum\/es\/wp-json\/wp\/v2\/pages\/1342\/revisions\/2611"}],"up":[{"embeddable":true,"href":"https:\/\/imd2013.mini.icom.museum\/es\/wp-json\/wp\/v2\/pages\/158"}],"wp:attachment":[{"href":"https:\/\/imd2013.mini.icom.museum\/es\/wp-json\/wp\/v2\/media?parent=1342"}],"wp:term":[{"taxonomy":"yst_prominent_words","embeddable":true,"href":"https:\/\/imd2013.mini.icom.museum\/es\/wp-json\/wp\/v2\/yst_prominent_words?post=1342"}],"curies":[{"name":"wp","href":"https:\/\/api.w.org\/{rel}","templated":true}]}}