{"id":143,"date":"2019-01-08T00:49:06","date_gmt":"2019-01-08T00:49:06","guid":{"rendered":"http:\/\/imd2013.icom.cust.oxymium.net\/el-dim-2013\/el-dim-en-breve\/"},"modified":"2019-01-08T01:04:47","modified_gmt":"2019-01-08T01:04:47","slug":"el-dim-en-breve","status":"publish","type":"page","link":"https:\/\/imd2013.mini.icom.museum\/es\/el-dim-2013\/el-dim-en-breve\/","title":{"rendered":"El DIM en breve"},"content":{"rendered":"<div id=\"RTE_CONTENT\"> <!--TYPO3SEARCH_begin--> \t<!--  CONTENT ELEMENT, uid:8848\/text [begin] --> \t\t<\/p>\n<div id=\"c8848\"> \t\t<!--  Text: [begin] --> \t\t\t<\/p>\n<p>El Consejo Internacional de Museos (ICOM) cre\u00f3 el D\u00eda Internacional de los Museos en 1977 con el fin de sensibilizar al gran p\u00fablico con respecto al rol de los museos en el desarrollo de la sociedad.<\/p>\n<p>De Am\u00e9rica a Ocean\u00eda, pasando por Europa, Asia y \u00c1frica, el D\u00eda Internacional de los Museos es un momento \u00fanico para la comunidad muse\u00edstica. Ese d\u00eda, los museos participantes ponen de relieve una problem\u00e1tica que concierne al conjunto de las instituciones culturales. El D\u00eda Internacional de los Museos representa tambi\u00e9n una formidable ocasi\u00f3n para los profesionales de los museos de conocer su p\u00fablico. Los museos son instituciones que est\u00e1n en el seno de la sociedad, al servicio de su desarrollo. <\/p>\n<p>Tradicionalmente, el D\u00eda Internacional de los Museos se celebra alrededor del 18 de mayo. Puede durar un d\u00eda, un fin de semana o una semana, el objetivo es reunirse en el museo alrededor del lema: El museo, medio importante para el intercambio cultural, el enriquecimiento de culturas, el avance del entendimiento mutuo, la cooperaci\u00f3n y paz entre los pueblos. El DIM federa cada vez m\u00e1s museos a trav\u00e9s del mundo. En 2012, participaron en el evento 32 000 museos en 129 pa\u00edses, en\u00a0 cinco continentes. <\/p>\n<p> \t\t<!--  Text: [end] --> \t\t\t   \t<!--  \t\tBEGIN: Content of extension \"hpo_relatedlink\", plugin \"tx_hporelatedlink_pi1\"  \t--> \t<\/p>\n<div> \t\t \t<\/div>\n<p> \t \t<!-- END: Content of extension \"hpo_relatedlink\", plugin \"tx_hporelatedlink_pi1\" -->  \t<\/div>\n<p> \t<!--  CONTENT ELEMENT, uid:8848\/text [end] --> \t\t<!--TYPO3SEARCH_end--> <\/div>\n","protected":false},"excerpt":{"rendered":"<p>El Consejo Internacional de Museos (ICOM) cre\u00f3 el D\u00eda Internacional de los Museos en 1977 con el fin de sensibilizar al gran p\u00fablico con respecto al rol de los museos en el desarrollo de la sociedad. De Am\u00e9rica a Ocean\u00eda, pasando por Europa, Asia y \u00c1frica, el D\u00eda Internacional de los Museos es un momento [&hellip;]<\/p>\n","protected":false},"author":1,"featured_media":0,"parent":126,"menu_order":0,"comment_status":"closed","ping_status":"closed","template":"","meta":{"footnotes":""},"yst_prominent_words":[],"acf":[],"_links":{"self":[{"href":"https:\/\/imd2013.mini.icom.museum\/es\/wp-json\/wp\/v2\/pages\/143"}],"collection":[{"href":"https:\/\/imd2013.mini.icom.museum\/es\/wp-json\/wp\/v2\/pages"}],"about":[{"href":"https:\/\/imd2013.mini.icom.museum\/es\/wp-json\/wp\/v2\/types\/page"}],"author":[{"embeddable":true,"href":"https:\/\/imd2013.mini.icom.museum\/es\/wp-json\/wp\/v2\/users\/1"}],"replies":[{"embeddable":true,"href":"https:\/\/imd2013.mini.icom.museum\/es\/wp-json\/wp\/v2\/comments?post=143"}],"version-history":[{"count":1,"href":"https:\/\/imd2013.mini.icom.museum\/es\/wp-json\/wp\/v2\/pages\/143\/revisions"}],"predecessor-version":[{"id":2625,"href":"https:\/\/imd2013.mini.icom.museum\/es\/wp-json\/wp\/v2\/pages\/143\/revisions\/2625"}],"up":[{"embeddable":true,"href":"https:\/\/imd2013.mini.icom.museum\/es\/wp-json\/wp\/v2\/pages\/126"}],"wp:attachment":[{"href":"https:\/\/imd2013.mini.icom.museum\/es\/wp-json\/wp\/v2\/media?parent=143"}],"wp:term":[{"taxonomy":"yst_prominent_words","embeddable":true,"href":"https:\/\/imd2013.mini.icom.museum\/es\/wp-json\/wp\/v2\/yst_prominent_words?post=143"}],"curies":[{"name":"wp","href":"https:\/\/api.w.org\/{rel}","templated":true}]}}