{"id":155,"date":"2019-01-08T00:49:11","date_gmt":"2019-01-08T00:49:11","guid":{"rendered":"http:\/\/imd2013.icom.cust.oxymium.net\/el-dim-2013\/el-tema-2013\/"},"modified":"2019-01-08T01:04:47","modified_gmt":"2019-01-08T01:04:47","slug":"el-tema-2013","status":"publish","type":"page","link":"https:\/\/imd2013.mini.icom.museum\/es\/el-dim-2013\/el-tema-2013\/","title":{"rendered":"El tema 2013"},"content":{"rendered":"<div id=\"RTE_CONTENT\"> <!--TYPO3SEARCH_begin--> \t<!--  CONTENT ELEMENT, uid:8869\/textpic [begin] --> \t\t<\/p>\n<div id=\"c8869\"> \t\t<!--  Image block: [begin] --> \t\t\t<\/p>\n<div>\n<div><a href=\"\/international-museum-day-2013\/prensa-y-museos\/el-cartel-y-otros-soportes-de-comunicacion\/L\/1\/\"><img decoding=\"async\" src=\"http:\/\/imd2013.mini.icom.museum\/wp-content\/uploads\/sites\/50\/2019\/01\/imd2013_tri_big_04.jpg\" alt=\"\"><\/a><\/div>\n<div> \t\t<!--  Text: [begin] --> \t\t\t<\/p>\n<p>El tema del DIM es seleccionado por el Comit\u00e9 Consultivo del ICOM con el objetivo de valorizar la posici\u00f3n de los museos en la sociedad.<\/p>\n<p>En 2013, la comunidad muse\u00edstica organiz\u00f3 el D\u00eda Internacional de los Museos alrededor del tema: <\/p>\n<p><i><b>Museos (memoria + creatividad= progreso social)<\/b><\/i> <\/p>\n<p>Los museos son depositarios y regentes de la riqueza de nuestra herencia patrimonial, esta, asociada a la inventiva y vitalidad con las que el sector muse\u00edstico ha ejercido estos \u00faltimos a\u00f1os, son hoy los bastiones de los institutos muse\u00edsticos. Conciliar su misi\u00f3n tradicional de conservaci\u00f3n de la memoria con la creatividad necesaria a su renovaci\u00f3n y al desarrollo cultural del p\u00fablico: esta es la evoluci\u00f3n que los museos\u00a0 se abocan en emprender, con la firme convicci\u00f3n que su presencia y sus acciones pueden transformar la sociedad de manera constructiva. <\/p>\n<p>Resueltamente optimista, este tema bajo forma de ecuaci\u00f3n re\u00fane de manera din\u00e1mica diferentes conceptos esenciales para definir el museo de hoy,\u00a0 pone de relieve su naturaleza universal y la influencia positiva que ejerce sobre la sociedad. Resume la proeza que el museo ejecuta y resalta la vocaci\u00f3n de los museos en contribuir en el avance y reagrupamiento de\u00a0 la comunidad. <\/p>\n<p>\u00a0<\/p>\n<p>Para acompa\u00f1arles en la organizaci\u00f3n de este acontecimiento y establecer un v\u00ednculo con el tema, se les propone cinco tem\u00e1ticas que pueden desarrollar en su programaci\u00f3n:<\/p>\n<ul>\n<li> <b>Estructuras de educaci\u00f3n informal<\/b>. El museo educa de manera l\u00fadica, es un lugar donde se inicia a la cultura sin obligaci\u00f3n, donde se favorece el conocimiento a trav\u00e9s de medios renovados constantemente.<\/li>\n<\/ul>\n<ul>\n<li> <b>Un espacio social arraigado en su territorio<\/b>. El museo es actor de la identidad y del dinamismo de un territorio. Contribuye con su acci\u00f3n a valorizar el pasado de su territorio y a construir su porvenir.<\/li>\n<\/ul>\n<ul>\n<li> <b>Un v\u00ednculo intergeneracional<\/b>. Los museos mantienen y reavivan la relaci\u00f3n entre una comunidad y su historia. Representan espacios de di\u00e1logo entre generaciones.<\/li>\n<\/ul>\n<ul>\n<li> <b>Una presentaci\u00f3n moderna del patrimonio<\/b>. Los museos han sabido relevar r\u00e1pidamente las oportunidades de comunicaci\u00f3n y mediaci\u00f3n que permiten los nuevos medios y est\u00e1n muy lejos de la vieja imagen que pudieron tener.<\/li>\n<\/ul>\n<ul>\n<li> <b>Pr\u00e1cticas innovadoras para mejorar la conservaci\u00f3n<\/b>. Los dispositivos de conservaci\u00f3n mejoran y el museo se convierte en un verdadero laboratorio donde las t\u00e9cnicas de trabajo evolucionan continuamente.<\/li>\n<\/ul>\n<p> <!--  Text: [end] --> <\/div>\n<\/p><\/div>\n<div><!-- --><\/div>\n<p> \t\t<!--  Image block: [end] --> \t\t\t   \t<!--  \t\tBEGIN: Content of extension \"hpo_relatedlink\", plugin \"tx_hporelatedlink_pi1\"  \t--> \t<\/p>\n<div> \t\t \t<\/div>\n<p> \t \t<!-- END: Content of extension \"hpo_relatedlink\", plugin \"tx_hporelatedlink_pi1\" -->  \t<\/div>\n<p> \t<!--  CONTENT ELEMENT, uid:8869\/textpic [end] --> \t\t<!--TYPO3SEARCH_end--> <\/div>\n","protected":false},"excerpt":{"rendered":"<p>El tema del DIM es seleccionado por el Comit\u00e9 Consultivo del ICOM con el objetivo de valorizar la posici\u00f3n de los museos en la sociedad. En 2013, la comunidad muse\u00edstica organiz\u00f3 el D\u00eda Internacional de los Museos alrededor del tema: Museos (memoria + creatividad= progreso social) Los museos son depositarios y regentes de la riqueza [&hellip;]<\/p>\n","protected":false},"author":1,"featured_media":0,"parent":126,"menu_order":1,"comment_status":"closed","ping_status":"closed","template":"","meta":{"footnotes":""},"yst_prominent_words":[],"acf":[],"_links":{"self":[{"href":"https:\/\/imd2013.mini.icom.museum\/es\/wp-json\/wp\/v2\/pages\/155"}],"collection":[{"href":"https:\/\/imd2013.mini.icom.museum\/es\/wp-json\/wp\/v2\/pages"}],"about":[{"href":"https:\/\/imd2013.mini.icom.museum\/es\/wp-json\/wp\/v2\/types\/page"}],"author":[{"embeddable":true,"href":"https:\/\/imd2013.mini.icom.museum\/es\/wp-json\/wp\/v2\/users\/1"}],"replies":[{"embeddable":true,"href":"https:\/\/imd2013.mini.icom.museum\/es\/wp-json\/wp\/v2\/comments?post=155"}],"version-history":[{"count":1,"href":"https:\/\/imd2013.mini.icom.museum\/es\/wp-json\/wp\/v2\/pages\/155\/revisions"}],"predecessor-version":[{"id":2624,"href":"https:\/\/imd2013.mini.icom.museum\/es\/wp-json\/wp\/v2\/pages\/155\/revisions\/2624"}],"up":[{"embeddable":true,"href":"https:\/\/imd2013.mini.icom.museum\/es\/wp-json\/wp\/v2\/pages\/126"}],"wp:attachment":[{"href":"https:\/\/imd2013.mini.icom.museum\/es\/wp-json\/wp\/v2\/media?parent=155"}],"wp:term":[{"taxonomy":"yst_prominent_words","embeddable":true,"href":"https:\/\/imd2013.mini.icom.museum\/es\/wp-json\/wp\/v2\/yst_prominent_words?post=155"}],"curies":[{"name":"wp","href":"https:\/\/api.w.org\/{rel}","templated":true}]}}