{"id":158,"date":"2019-01-08T00:49:17","date_gmt":"2019-01-08T00:49:17","guid":{"rendered":"http:\/\/imd2013.icom.cust.oxymium.net\/el-dim-2013\/programa-de-actividades\/"},"modified":"2019-01-08T01:04:46","modified_gmt":"2019-01-08T01:04:46","slug":"programa-de-actividades","status":"publish","type":"page","link":"https:\/\/imd2013.mini.icom.museum\/es\/el-dim-2013\/programa-de-actividades\/","title":{"rendered":"Programa de actividades"},"content":{"rendered":"<div id=\"RTE_CONTENT\"> <!--TYPO3SEARCH_begin--> \t<!--  CONTENT ELEMENT, uid:8870\/text [begin] --> \t\t<\/p>\n<div id=\"c8870\"> \t\t<!--  Text: [begin] --> \t\t\t<\/p>\n<p>Descubra las numerosas actividades y visitas organizadas por los museos del mundo entero alrededor del tema <b><i>Museos (memoria + creatividad = progreso social)<\/i><\/b> con ocasi\u00f3n del\u00a0 D\u00eda Internacional de los Museos 2013. <\/p>\n<p>A partir de enero de 2013 usted podr\u00e1 encontrar todas las actividades clasificadas por continente\u00a0 y por pa\u00eds: desde proyecciones hasta talleres creativos, pasando por conferencias tem\u00e1ticas. <\/p>\n<p><a href=\"http:\/\/imd2013.icom.cust.oxymium.net\/es\/prensa-y-museos\/museos-como-participar\/\" title=\"Abre el enlace interno en la ventana actual\">Museos: \u00bfc\u00f3mo participar?<\/a> <\/p>\n<p>\u00a0<\/p>\n<p><a href=\"http:\/\/imd2013.icom.cust.oxymium.net\/es\/el-dim-2013\/programa-de-actividades\/africa\/\" title=\"Abre el enlace interno en la ventana actual\">&gt;&gt; \u00c1frica<\/a> <\/p>\n<p><a href=\"http:\/\/imd2013.icom.cust.oxymium.net\/es\/el-dim-2013\/programa-de-actividades\/america-del-norte\/\" title=\"Abre el enlace interno en la ventana actual\">&gt;&gt; Am\u00e9rica del Norte<\/a> <\/p>\n<p><a href=\"\/international-museum-day-2013\/el-dim-2013\/programa-de-actividades\/america-latina\/L\/1\/\" title=\"Abre el enlace interno en la ventana actual\">&gt;&gt; Am\u00e9rica Latina<\/a> <\/p>\n<p><a href=\"http:\/\/imd2013.icom.cust.oxymium.net\/es\/el-dim-2013\/programa-de-actividades\/asia\/\" title=\"Abre el enlace interno en la ventana actual\">&gt;&gt; Asia<\/a> <\/p>\n<p><a href=\"http:\/\/imd2013.icom.cust.oxymium.net\/es\/el-dim-2013\/programa-de-actividades\/europa\/\" title=\"Abre el enlace interno en la ventana actual\">&gt;&gt; Europa<\/a> <\/p>\n<p><a href=\"http:\/\/imd2013.icom.cust.oxymium.net\/es\/el-dim-2013\/programa-de-actividades\/oceania\/\" title=\"Abre el enlace interno en la ventana actual\">&gt;&gt; Ocean\u00eda<\/a> <\/p>\n<p>\u00a0<\/p>\n<hr size=\"2\">\n<p><b>A fin de poder comunicar sobre el programa de las actividades de su museo<\/b>, le pedimos que por favor complete ciertos datos y que nos envie sus respuestas por correo electr\u00f3nico: imd@icom.museum <\/p>\n<p>\u00a0<\/p>\n<p>Los datos que requerimos son: <\/p>\n<p><i>Nombre de la instituci\u00f3n:<\/i> <\/p>\n<p><i>Ciudad:<\/i> <\/p>\n<p><i>Pa\u00eds:<\/i> <\/p>\n<p><i>Tipos de actividades previstas para el DIM 2013 (exposici\u00f3n, conferencia\u2026):<\/i> <\/p>\n<p><i>Descripci\u00f3n de las actividades (800 caracteres como m\u00e1ximo):<\/i> <\/p>\n<p><i>Actividades gratuitas: s\u00ed \/ no; si son de pago, s\u00edrvanse indicar los precios<\/i> <\/p>\n<p><i>N\u00famero de tel\u00e9fono:<\/i> <\/p>\n<p><i>Fax:<\/i> <\/p>\n<p><i>Correo electr\u00f3nico:<\/i> <\/p>\n<p><i>Direcci\u00f3n completa de la instituci\u00f3n:<\/i> <\/p>\n<p><i>Sitio Web de la instituci\u00f3n:<\/i> <\/p>\n<p><i>Nombre del contacto (s\u00edrvanse indicar si quieren que aparezca esta informaci\u00f3n en el sitio Web del DIM 2013):<\/i> <\/p>\n<p><i>Direcci\u00f3n electr\u00f3nica del contacto (s\u00edrvanse indicar si quieren que aparezca esta informaci\u00f3n en el sitio Web del DIM 2013):<\/i> <\/p>\n<p>\u00a0<\/p>\n<p>S\u00edrvanse tambi\u00e9n mandarnos una imagen en formato jpeg (1,5 MB como m\u00e1ximo) as\u00ed como las traducciones al franc\u00e9s y al ingl\u00e9s si desean que su programa de actividades est\u00e9 disponible en estos idiomas. <\/p>\n<p>\u00a0<\/p>\n<p>\u00a0<\/p>\n<p>\u00a0<\/p>\n<p>\u00a0<\/p>\n<p> \t\t<!--  Text: [end] --> \t\t\t   \t<!--  \t\tBEGIN: Content of extension \"hpo_relatedlink\", plugin \"tx_hporelatedlink_pi1\"  \t--> \t<\/p>\n<div> \t\t \t<\/div>\n<p> \t \t<!-- END: Content of extension \"hpo_relatedlink\", plugin \"tx_hporelatedlink_pi1\" -->  \t<\/div>\n<p> \t<!--  CONTENT ELEMENT, uid:8870\/text [end] --> \t\t<!--TYPO3SEARCH_end--> <\/div>\n","protected":false},"excerpt":{"rendered":"<p>Descubra las numerosas actividades y visitas organizadas por los museos del mundo entero alrededor del tema Museos (memoria + creatividad = progreso social) con ocasi\u00f3n del\u00a0 D\u00eda Internacional de los Museos 2013. A partir de enero de 2013 usted podr\u00e1 encontrar todas las actividades clasificadas por continente\u00a0 y por pa\u00eds: desde proyecciones hasta talleres creativos, [&hellip;]<\/p>\n","protected":false},"author":1,"featured_media":0,"parent":126,"menu_order":2,"comment_status":"closed","ping_status":"closed","template":"","meta":{"footnotes":""},"yst_prominent_words":[],"acf":[],"_links":{"self":[{"href":"https:\/\/imd2013.mini.icom.museum\/es\/wp-json\/wp\/v2\/pages\/158"}],"collection":[{"href":"https:\/\/imd2013.mini.icom.museum\/es\/wp-json\/wp\/v2\/pages"}],"about":[{"href":"https:\/\/imd2013.mini.icom.museum\/es\/wp-json\/wp\/v2\/types\/page"}],"author":[{"embeddable":true,"href":"https:\/\/imd2013.mini.icom.museum\/es\/wp-json\/wp\/v2\/users\/1"}],"replies":[{"embeddable":true,"href":"https:\/\/imd2013.mini.icom.museum\/es\/wp-json\/wp\/v2\/comments?post=158"}],"version-history":[{"count":1,"href":"https:\/\/imd2013.mini.icom.museum\/es\/wp-json\/wp\/v2\/pages\/158\/revisions"}],"predecessor-version":[{"id":2623,"href":"https:\/\/imd2013.mini.icom.museum\/es\/wp-json\/wp\/v2\/pages\/158\/revisions\/2623"}],"up":[{"embeddable":true,"href":"https:\/\/imd2013.mini.icom.museum\/es\/wp-json\/wp\/v2\/pages\/126"}],"wp:attachment":[{"href":"https:\/\/imd2013.mini.icom.museum\/es\/wp-json\/wp\/v2\/media?parent=158"}],"wp:term":[{"taxonomy":"yst_prominent_words","embeddable":true,"href":"https:\/\/imd2013.mini.icom.museum\/es\/wp-json\/wp\/v2\/yst_prominent_words?post=158"}],"curies":[{"name":"wp","href":"https:\/\/api.w.org\/{rel}","templated":true}]}}