{"id":179,"date":"2019-01-08T00:49:22","date_gmt":"2019-01-08T00:49:22","guid":{"rendered":"http:\/\/imd2013.icom.cust.oxymium.net\/el-dim-cerca-de-usted\/"},"modified":"2019-01-08T01:04:46","modified_gmt":"2019-01-08T01:04:46","slug":"el-dim-cerca-de-usted","status":"publish","type":"page","link":"https:\/\/imd2013.mini.icom.museum\/es\/el-dim-cerca-de-usted\/","title":{"rendered":"El DIM cerca de usted"},"content":{"rendered":"<div id=\"RTE_CONTENT\"> <!--TYPO3SEARCH_begin--> \t<!--  CONTENT ELEMENT, uid:8871\/textpic [begin] --> \t\t<\/p>\n<div id=\"c8871\"> \t\t<!--  Image block: [begin] --> \t\t\t<\/p>\n<div>\n<div> \t\t<!--  Text: [begin] --> \t\t\t<\/p>\n<p>Alrededor de 32 000 museos en 129 pa\u00edses del mundo organizan el D\u00eda Internacional de los Museos. Es muy probable que tambi\u00e9n se celebre\u00a0 en su ciudad. <\/p>\n<p>Con el fin de conocer los eventos que tendr\u00e1n lugar cerca de su ciudad el d\u00eda D, s\u00edrvase consultar el programa detallado donde ciertos eventos ya est\u00e1n presentes y clasificados por continente. Puede seguir tambi\u00e9n las novedades v\u00eda Facebook haci\u00e9ndose fan de la p\u00e1gina del DIM. <\/p>\n<p>Numerosos museos participan en el evento, pero no est\u00e1n necesariamente presentes en el sitio internet o en Facebook. Le aconsejamos consultar el sitio internet de las instituciones que le interesen o cont\u00e1ctelos directamente. <\/p>\n<p>\u00a0<\/p>\n<p>\u00a0<\/p>\n<p> \t\t<!--  Text: [end] --> \t\t\t<\/div>\n<div>\n<dl>\n<dt><a href=\"http:\/\/imd2013.mini.icom.museum\/wp-content\/uploads\/sites\/50\/2019\/01\/Brazil---CENTRO-CULTURAL-BANCO-DO-BRASIL_01.jpg&amp;md5=0afb5262b27f7edadcca4a57fef9241712fcc3f5&amp;parameters[0]=YTo0OntzOjU6IndpZHRoIjtzOjQ6IjgwMG0iO3M6NjoiaGVpZ2h0IjtzOjQ6IjYw&amp;parameters[1]=MG0iO3M6NzoiYm9keVRhZyI7czo0MToiPGJvZHkgc3R5bGU9Im1hcmdpbjowOyBi&amp;parameters[2]=YWNrZ3JvdW5kOiNmZmY7Ij4iO3M6NDoid3JhcCI7czozNzoiPGEgaHJlZj0iamF2&amp;parameters[3]=YXNjcmlwdDpjbG9zZSgpOyI+IHwgPC9hPiI7fQ==\" onclick=\"openPic('\/index.php?eID=tx_cms_showpic&amp;file=uploads%2Fpics%2FBrazil---CENTRO-CULTURAL-BANCO-DO-BRASIL_01.jpg&amp;md5=0afb5262b27f7edadcca4a57fef9241712fcc3f5&amp;parameters[0]=YTo0OntzOjU6IndpZHRoIjtzOjQ6IjgwMG0iO3M6NjoiaGVpZ2h0IjtzOjQ6IjYw&amp;parameters[1]=MG0iO3M6NzoiYm9keVRhZyI7czo0MToiPGJvZHkgc3R5bGU9Im1hcmdpbjowOyBi&amp;parameters[2]=YWNrZ3JvdW5kOiNmZmY7Ij4iO3M6NDoid3JhcCI7czozNzoiPGEgaHJlZj0iamF2&amp;parameters[3]=YXNjcmlwdDpjbG9zZSgpOyI%2BIHwgPC9hPiI7fQ%3D%3D','thePicture','width=709,height=471,status=0,menubar=0'); return false;\" target=\"thePicture\"><img decoding=\"async\" src=\"http:\/\/imd2013.mini.icom.museum\/wp-content\/uploads\/sites\/50\/2019\/01\/2916eaaa76.jpg\" alt=\"\"><\/a><\/dt>\n<dd>International Museum Day 2012 &#8211; Brazil <\/dd>\n<\/dl>\n<\/div><\/div>\n<div><!-- --><\/div>\n<p> \t\t<!--  Image block: [end] --> \t\t\t   \t<!--  \t\tBEGIN: Content of extension \"hpo_relatedlink\", plugin \"tx_hporelatedlink_pi1\"  \t--> \t<\/p>\n<div> \t\t \t<\/div>\n<p> \t \t<!-- END: Content of extension \"hpo_relatedlink\", plugin \"tx_hporelatedlink_pi1\" -->  \t<\/div>\n<p> \t<!--  CONTENT ELEMENT, uid:8871\/textpic [end] --> \t\t<!--TYPO3SEARCH_end--> <\/div>\n","protected":false},"excerpt":{"rendered":"<p>Alrededor de 32 000 museos en 129 pa\u00edses del mundo organizan el D\u00eda Internacional de los Museos. Es muy probable que tambi\u00e9n se celebre\u00a0 en su ciudad. Con el fin de conocer los eventos que tendr\u00e1n lugar cerca de su ciudad el d\u00eda D, s\u00edrvase consultar el programa detallado donde ciertos eventos ya est\u00e1n presentes [&hellip;]<\/p>\n","protected":false},"author":1,"featured_media":0,"parent":0,"menu_order":0,"comment_status":"closed","ping_status":"closed","template":"","meta":{"footnotes":""},"yst_prominent_words":[],"acf":[],"_links":{"self":[{"href":"https:\/\/imd2013.mini.icom.museum\/es\/wp-json\/wp\/v2\/pages\/179"}],"collection":[{"href":"https:\/\/imd2013.mini.icom.museum\/es\/wp-json\/wp\/v2\/pages"}],"about":[{"href":"https:\/\/imd2013.mini.icom.museum\/es\/wp-json\/wp\/v2\/types\/page"}],"author":[{"embeddable":true,"href":"https:\/\/imd2013.mini.icom.museum\/es\/wp-json\/wp\/v2\/users\/1"}],"replies":[{"embeddable":true,"href":"https:\/\/imd2013.mini.icom.museum\/es\/wp-json\/wp\/v2\/comments?post=179"}],"version-history":[{"count":1,"href":"https:\/\/imd2013.mini.icom.museum\/es\/wp-json\/wp\/v2\/pages\/179\/revisions"}],"predecessor-version":[{"id":2622,"href":"https:\/\/imd2013.mini.icom.museum\/es\/wp-json\/wp\/v2\/pages\/179\/revisions\/2622"}],"wp:attachment":[{"href":"https:\/\/imd2013.mini.icom.museum\/es\/wp-json\/wp\/v2\/media?parent=179"}],"wp:term":[{"taxonomy":"yst_prominent_words","embeddable":true,"href":"https:\/\/imd2013.mini.icom.museum\/es\/wp-json\/wp\/v2\/yst_prominent_words?post=179"}],"curies":[{"name":"wp","href":"https:\/\/api.w.org\/{rel}","templated":true}]}}