{"id":182,"date":"2019-01-08T00:49:27","date_gmt":"2019-01-08T00:49:27","guid":{"rendered":"http:\/\/imd2013.icom.cust.oxymium.net\/las-redes-sociales\/"},"modified":"2019-01-08T01:04:46","modified_gmt":"2019-01-08T01:04:46","slug":"las-redes-sociales","status":"publish","type":"page","link":"https:\/\/imd2013.mini.icom.museum\/es\/las-redes-sociales\/","title":{"rendered":"Las redes sociales"},"content":{"rendered":"<div id=\"RTE_CONTENT\"> <!--TYPO3SEARCH_begin--> \t<!--  CONTENT ELEMENT, uid:8872\/text [begin] --> \t\t<\/p>\n<div id=\"c8872\"> \t\t<!--  Text: [begin] --> \t\t\t<\/p>\n<p>Ser fan en la p\u00e1gina Facebook<\/p>\n<p>Siendo fan, recibir\u00e1 las actualizaciones y la programaci\u00f3n de los eventos en tiempo real. \u00bfUna informaci\u00f3n important\u00edsima?\u00a0 \u00a1Los fans de la p\u00e1gina reciben la informaci\u00f3n autom\u00e1ticamente! <\/p>\n<p>Localizar el hashtag del DIM en Twitter<\/p>\n<p>Un Tweet tiene 140 caracteres, comparable a un estatuto en Facebook (\u00bfqu\u00e9\u00a0 hace usted en este momento?). Muchos museos participantes tienen una cuenta Twitter y comunican en tiempo real sobre sus novedades en relaci\u00f3n con el evento. Podr\u00e1 localizarlos gracias al hashtag (palabra clave) del DIM 2013: #IMD2013  <\/p>\n<p>\u00a0<\/p>\n<p>\u00a0<\/p>\n<p> \t\t<!--  Text: [end] --> \t\t\t   \t<!--  \t\tBEGIN: Content of extension \"hpo_relatedlink\", plugin \"tx_hporelatedlink_pi1\"  \t--> \t<\/p>\n<div> \t\t \t<\/div>\n<p> \t \t<!-- END: Content of extension \"hpo_relatedlink\", plugin \"tx_hporelatedlink_pi1\" -->  \t<\/div>\n<p> \t<!--  CONTENT ELEMENT, uid:8872\/text [end] --> \t\t<!--TYPO3SEARCH_end--> <\/div>\n","protected":false},"excerpt":{"rendered":"<p>Ser fan en la p\u00e1gina Facebook Siendo fan, recibir\u00e1 las actualizaciones y la programaci\u00f3n de los eventos en tiempo real. \u00bfUna informaci\u00f3n important\u00edsima?\u00a0 \u00a1Los fans de la p\u00e1gina reciben la informaci\u00f3n autom\u00e1ticamente! Localizar el hashtag del DIM en Twitter Un Tweet tiene 140 caracteres, comparable a un estatuto en Facebook (\u00bfqu\u00e9\u00a0 hace usted en este [&hellip;]<\/p>\n","protected":false},"author":1,"featured_media":0,"parent":0,"menu_order":1,"comment_status":"closed","ping_status":"closed","template":"","meta":{"footnotes":""},"yst_prominent_words":[],"acf":[],"_links":{"self":[{"href":"https:\/\/imd2013.mini.icom.museum\/es\/wp-json\/wp\/v2\/pages\/182"}],"collection":[{"href":"https:\/\/imd2013.mini.icom.museum\/es\/wp-json\/wp\/v2\/pages"}],"about":[{"href":"https:\/\/imd2013.mini.icom.museum\/es\/wp-json\/wp\/v2\/types\/page"}],"author":[{"embeddable":true,"href":"https:\/\/imd2013.mini.icom.museum\/es\/wp-json\/wp\/v2\/users\/1"}],"replies":[{"embeddable":true,"href":"https:\/\/imd2013.mini.icom.museum\/es\/wp-json\/wp\/v2\/comments?post=182"}],"version-history":[{"count":1,"href":"https:\/\/imd2013.mini.icom.museum\/es\/wp-json\/wp\/v2\/pages\/182\/revisions"}],"predecessor-version":[{"id":2621,"href":"https:\/\/imd2013.mini.icom.museum\/es\/wp-json\/wp\/v2\/pages\/182\/revisions\/2621"}],"wp:attachment":[{"href":"https:\/\/imd2013.mini.icom.museum\/es\/wp-json\/wp\/v2\/media?parent=182"}],"wp:term":[{"taxonomy":"yst_prominent_words","embeddable":true,"href":"https:\/\/imd2013.mini.icom.museum\/es\/wp-json\/wp\/v2\/yst_prominent_words?post=182"}],"curies":[{"name":"wp","href":"https:\/\/api.w.org\/{rel}","templated":true}]}}