{"id":206,"date":"2019-01-08T00:49:36","date_gmt":"2019-01-08T00:49:36","guid":{"rendered":"http:\/\/imd2013.icom.cust.oxymium.net\/el-icom\/el-icom-rio-2013\/"},"modified":"2019-01-08T01:04:46","modified_gmt":"2019-01-08T01:04:46","slug":"el-icom-rio-2013","status":"publish","type":"page","link":"https:\/\/imd2013.mini.icom.museum\/es\/el-icom\/el-icom-rio-2013\/","title":{"rendered":"El ICOM RIO 2013"},"content":{"rendered":"<div id=\"RTE_CONTENT\"> <!--TYPO3SEARCH_begin--> \t<!--  CONTENT ELEMENT, uid:8874\/textpic [begin] --> \t\t<\/p>\n<div id=\"c8874\"> \t\t<!--  Image block: [begin] --> \t\t\t<\/p>\n<div>\n<div><img decoding=\"async\" src=\"http:\/\/imd2013.mini.icom.museum\/wp-content\/uploads\/sites\/50\/2019\/01\/f2c7639ffe.jpg\" alt=\"\"><\/div>\n<div> \t\t<!--  Text: [begin] --> \t\t\t<\/p>\n<p>Durante el DIM 2013 se honrar\u00e1 sin duda a Brasil ya que la 23ava Conferencia General del ICOM tendr\u00e1 lugar en Rio de Janeiro del 10 al 17 de agosto de 2013. <\/p>\n<p>En esta ocasi\u00f3n, el tema del DIM se ver\u00e1 enriquecido y dar\u00e1 lugar a numerosas sesiones organizadas por los diferentes Comit\u00e9s Internacionales del ICOM. Esta manifestaci\u00f3n reunir\u00e1 a m\u00e1s de 3 000 profesionales de museos, miembros o no del ICOM, con el fin de reflexionar e intercambiar con respecto a los desaf\u00edos que debe afrontar el sector muse\u00edstico. <\/p>\n<p>No dude en consultar el sitio internet del ICOM,\u00a0 <a href=\"http:\/\/icom.museum\/\" title=\"ICOM\" target=\"_blank\">http:\/\/icom.museum<\/a>, para mantenerse informado sobre la apertura de las inscripciones y el programa detallado de la Conferencia. <\/p>\n<p>\u00a0<\/p>\n<p>\u00a0<\/p>\n<p> \t\t<!--  Text: [end] --> \t\t\t<\/div>\n<\/p><\/div>\n<div><!-- --><\/div>\n<p> \t\t<!--  Image block: [end] --> \t\t\t   \t<!--  \t\tBEGIN: Content of extension \"hpo_relatedlink\", plugin \"tx_hporelatedlink_pi1\"  \t--> \t<\/p>\n<div> \t\t \t<\/div>\n<p> \t \t<!-- END: Content of extension \"hpo_relatedlink\", plugin \"tx_hporelatedlink_pi1\" -->  \t<\/div>\n<p> \t<!--  CONTENT ELEMENT, uid:8874\/textpic [end] --> \t\t<!--TYPO3SEARCH_end--> <\/div>\n","protected":false},"excerpt":{"rendered":"<p>Durante el DIM 2013 se honrar\u00e1 sin duda a Brasil ya que la 23ava Conferencia General del ICOM tendr\u00e1 lugar en Rio de Janeiro del 10 al 17 de agosto de 2013. En esta ocasi\u00f3n, el tema del DIM se ver\u00e1 enriquecido y dar\u00e1 lugar a numerosas sesiones organizadas por los diferentes Comit\u00e9s Internacionales del [&hellip;]<\/p>\n","protected":false},"author":1,"featured_media":0,"parent":131,"menu_order":1,"comment_status":"closed","ping_status":"closed","template":"","meta":{"footnotes":""},"yst_prominent_words":[],"acf":[],"_links":{"self":[{"href":"https:\/\/imd2013.mini.icom.museum\/es\/wp-json\/wp\/v2\/pages\/206"}],"collection":[{"href":"https:\/\/imd2013.mini.icom.museum\/es\/wp-json\/wp\/v2\/pages"}],"about":[{"href":"https:\/\/imd2013.mini.icom.museum\/es\/wp-json\/wp\/v2\/types\/page"}],"author":[{"embeddable":true,"href":"https:\/\/imd2013.mini.icom.museum\/es\/wp-json\/wp\/v2\/users\/1"}],"replies":[{"embeddable":true,"href":"https:\/\/imd2013.mini.icom.museum\/es\/wp-json\/wp\/v2\/comments?post=206"}],"version-history":[{"count":1,"href":"https:\/\/imd2013.mini.icom.museum\/es\/wp-json\/wp\/v2\/pages\/206\/revisions"}],"predecessor-version":[{"id":2619,"href":"https:\/\/imd2013.mini.icom.museum\/es\/wp-json\/wp\/v2\/pages\/206\/revisions\/2619"}],"up":[{"embeddable":true,"href":"https:\/\/imd2013.mini.icom.museum\/es\/wp-json\/wp\/v2\/pages\/131"}],"wp:attachment":[{"href":"https:\/\/imd2013.mini.icom.museum\/es\/wp-json\/wp\/v2\/media?parent=206"}],"wp:term":[{"taxonomy":"yst_prominent_words","embeddable":true,"href":"https:\/\/imd2013.mini.icom.museum\/es\/wp-json\/wp\/v2\/yst_prominent_words?post=206"}],"curies":[{"name":"wp","href":"https:\/\/api.w.org\/{rel}","templated":true}]}}