{"id":209,"date":"2019-01-08T00:49:41","date_gmt":"2019-01-08T00:49:41","guid":{"rendered":"http:\/\/imd2013.icom.cust.oxymium.net\/patrocinadores\/la-noche-europea-de-los-museos\/"},"modified":"2019-01-08T01:04:45","modified_gmt":"2019-01-08T01:04:45","slug":"la-noche-europea-de-los-museos","status":"publish","type":"page","link":"https:\/\/imd2013.mini.icom.museum\/es\/patrocinadores\/la-noche-europea-de-los-museos\/","title":{"rendered":"La Noche Europea de los Museos"},"content":{"rendered":"<div id=\"RTE_CONTENT\"> <!--TYPO3SEARCH_begin--> \t<!--  CONTENT ELEMENT, uid:8875\/text [begin] --> \t\t<\/p>\n<div id=\"c8875\"> \t\t<!--  Text: [begin] --> \t\t\t<\/p>\n<p>Desde 2011, el ICOM patrocina la Noche Europea de los Museos, que tiene lugar cada a\u00f1o el s\u00e1bado m\u00e1s cercano al D\u00eda Internacional de los Museos. En 2013, ambos eventos coincidir\u00e1n ya que la Noche Europea de los Museos tendr\u00e1 lugar al mismo tiempo que el D\u00eda Internacional de los Museos, el s\u00e1bado 18 de mayo. <\/p>\n<p>\u00a0<\/p>\n<p>La Noche Europea de los Museos fue creada en 2005 por el Ministerio franc\u00e9s de Cultura y Comunicaci\u00f3n. Permite al p\u00fablico visitar los museos\u00a0 participantes de noche y gratuitamente, posponiendo la hora de cierre hasta la una de la madrugada aproximadamente.  <\/p>\n<p>Al acoger al p\u00fablico por la noche, los museos le invitan a una visita de las colecciones diferente, m\u00e1s sensorial e ins\u00f3lita. Se ofrecen numerosas animaciones, y est\u00e1 presente un p\u00fablico diferente, m\u00e1s joven y familiar. Un gran n\u00famero de visitantes participan en este evento festivo. As\u00ed, el a\u00f1o pasado, dos millones de personas\u00a0 acudieron a la Noche de los Museos en Francia. <\/p>\n<p>\u00a0<\/p>\n<p>Tambi\u00e9n patrocinan el evento El Consejo de Europa y la UNESCO. La Federaci\u00f3n Francesa de las Sociedades de Amigos de Museos y la R\u00e9union des mus\u00e9es nationaux &#8211; Grand Palais, en Francia, son socios institucionales de la operaci\u00f3n.  <\/p>\n<p>\u00a0<\/p>\n<p>La Noche Europea de los Museos est\u00e1 presente en internet y las redes sociales donde tiene cierta visibilidad: <\/p>\n<p>\u00a0<\/p>\n<p>Sitio web: <a href=\"http:\/\/www.nuitdesmusees.culture.fr\" target=\"_blank\">www.nuitdesmusees.culture.fr<\/a>\u00a0  <\/p>\n<p>\u00a0<\/p>\n<p>Perfil Facebook: <a href=\"http:\/\/www.facebook.com\/nuitdesmusees\" target=\"_blank\">www.facebook.com\/nuitdesmusees<\/a>\u00a0  <\/p>\n<p>\u00a0<\/p>\n<p>Perfil Twitter: <a href=\"https:\/\/twitter.com\/NuitdesMusees\" title=\"Abre el enlace externo en una ventana nueva\" target=\"_blank\">http:\/\/twitter.com\/nuitdesmusees<\/a>\u00a0  <\/p>\n<p>\u00a0<\/p>\n<p>Cadena Dailymotion: <a href=\"http:\/\/www.dailymotion.com\/Nuitdesmusees\" target=\"_blank\">www.dailymotion.com\/Nuitdesmusees<\/a>\u00a0 <\/p>\n<p>\u00a0<\/p>\n<p>P\u00e1gina Flickr: <a href=\"http:\/\/www.flickr.com\/photos\/nuitdesmusees\" target=\"_blank\">www.flickr.com\/photos\/nuitdesmusees<\/a>\u00a0  <\/p>\n<p>\u00a0<\/p>\n<p>\u00a0<\/p>\n<p> \t\t<!--  Text: [end] --> \t\t\t   \t<!--  \t\tBEGIN: Content of extension \"hpo_relatedlink\", plugin \"tx_hporelatedlink_pi1\"  \t--> \t<\/p>\n<div> \t\t \t<\/div>\n<p> \t \t<!-- END: Content of extension \"hpo_relatedlink\", plugin \"tx_hporelatedlink_pi1\" -->  \t<\/div>\n<p> \t<!--  CONTENT ELEMENT, uid:8875\/text [end] --> \t\t<!--TYPO3SEARCH_end--> <\/div>\n","protected":false},"excerpt":{"rendered":"<p>Desde 2011, el ICOM patrocina la Noche Europea de los Museos, que tiene lugar cada a\u00f1o el s\u00e1bado m\u00e1s cercano al D\u00eda Internacional de los Museos. En 2013, ambos eventos coincidir\u00e1n ya que la Noche Europea de los Museos tendr\u00e1 lugar al mismo tiempo que el D\u00eda Internacional de los Museos, el s\u00e1bado 18 de [&hellip;]<\/p>\n","protected":false},"author":1,"featured_media":0,"parent":134,"menu_order":0,"comment_status":"closed","ping_status":"closed","template":"","meta":{"footnotes":""},"yst_prominent_words":[],"acf":[],"_links":{"self":[{"href":"https:\/\/imd2013.mini.icom.museum\/es\/wp-json\/wp\/v2\/pages\/209"}],"collection":[{"href":"https:\/\/imd2013.mini.icom.museum\/es\/wp-json\/wp\/v2\/pages"}],"about":[{"href":"https:\/\/imd2013.mini.icom.museum\/es\/wp-json\/wp\/v2\/types\/page"}],"author":[{"embeddable":true,"href":"https:\/\/imd2013.mini.icom.museum\/es\/wp-json\/wp\/v2\/users\/1"}],"replies":[{"embeddable":true,"href":"https:\/\/imd2013.mini.icom.museum\/es\/wp-json\/wp\/v2\/comments?post=209"}],"version-history":[{"count":1,"href":"https:\/\/imd2013.mini.icom.museum\/es\/wp-json\/wp\/v2\/pages\/209\/revisions"}],"predecessor-version":[{"id":2618,"href":"https:\/\/imd2013.mini.icom.museum\/es\/wp-json\/wp\/v2\/pages\/209\/revisions\/2618"}],"up":[{"embeddable":true,"href":"https:\/\/imd2013.mini.icom.museum\/es\/wp-json\/wp\/v2\/pages\/134"}],"wp:attachment":[{"href":"https:\/\/imd2013.mini.icom.museum\/es\/wp-json\/wp\/v2\/media?parent=209"}],"wp:term":[{"taxonomy":"yst_prominent_words","embeddable":true,"href":"https:\/\/imd2013.mini.icom.museum\/es\/wp-json\/wp\/v2\/yst_prominent_words?post=209"}],"curies":[{"name":"wp","href":"https:\/\/api.w.org\/{rel}","templated":true}]}}