{"id":2317,"date":"2019-01-08T01:03:03","date_gmt":"2019-01-08T01:03:03","guid":{"rendered":"http:\/\/imd2013.icom.cust.oxymium.net\/el-dim-2013\/programa-de-actividades\/america-del-norte\/"},"modified":"2019-01-08T01:04:43","modified_gmt":"2019-01-08T01:04:43","slug":"america-del-norte","status":"publish","type":"page","link":"https:\/\/imd2013.mini.icom.museum\/es\/el-dim-2013\/programa-de-actividades\/america-del-norte\/","title":{"rendered":"Am\u00e9rica del Norte"},"content":{"rendered":"<div id=\"RTE_CONTENT\"> <!--TYPO3SEARCH_begin--> \t<!--  CONTENT ELEMENT, uid:10277\/text [begin] --> \t\t<\/p>\n<div id=\"c10277\"> \t\t<!--  Text: [begin] --> \t\t\t<\/p>\n<p><b>Canada<\/p>\n<p>Bank of Canada\u2019s Currency Museum, Ottawa (Ontario)<\/b><\/p>\n<p><img decoding=\"async\" clickenlarge=\"1\" src=\"http:\/\/imd2013.mini.icom.museum\/wp-content\/uploads\/sites\/50\/2019\/01\/RTEmagicC_Canada_Currency_museum_EN_03.jpg.jpg\" alt=\"\"><br \/><i>Para ver el programa del museo, visite la versi\u00f3n en ingl\u00e9s o en franc\u00e9s de esta p\u00e1gina.<\/i> <\/p>\n<p>\u00a0<\/p>\n<p>Currency Museum Bank of Canada245 Sparks Street (between Bank and Kent)<br \/>Ottawa, Ontario<br \/>Canada<br \/>K1A 0G9 <\/p>\n<p>Tel.: 613-782-8914 <\/p>\n<p>Email:<a href=\"mailto:museum-musee@bankofcanada.ca\"> museum-musee@bankofcanada.ca<\/p>\n<p><\/a> <\/p>\n<p><a href=\"http:\/\/www.currencymuseum.ca\/\" target=\"_blank\">http:\/\/www.currencymuseum.ca\/<\/a> <\/p>\n<p>\u00a0<\/p>\n<hr>\n<p> <!--  Text: [end] --><!--  \t\tBEGIN: Content of extension \"hpo_relatedlink\", plugin \"tx_hporelatedlink_pi1\"  \t--><\/p>\n<div> \t\t \t<\/div>\n<p> \t \t<!-- END: Content of extension \"hpo_relatedlink\", plugin \"tx_hporelatedlink_pi1\" -->  \t<\/div>\n<p> \t<!--  CONTENT ELEMENT, uid:10277\/text [end] --> \t\t \t<!--  CONTENT ELEMENT, uid:9848\/text [begin] --> \t\t<\/p>\n<div id=\"c9848\"> \t\t<!--  Text: [begin] --> \t\t\t<\/p>\n<p><span><img decoding=\"async\" src=\"http:\/\/imd2013.mini.icom.museum\/wp-content\/uploads\/sites\/50\/2019\/01\/RTEmagicC_canada-heritage-park-museum_02.JPG.JPG\" alt=\"\">Canad\u00e1<\/span> <\/p>\n<p>\u00a0<\/p>\n<p><span>Heritage Park Museum, Terrace, BC<\/span> <\/p>\n<p>\u00a0<\/p>\n<p><i>Para ver el programa del museo, visite la versi\u00f3n en ingl\u00e9s de esta p\u00e1gina.<\/i> <\/p>\n<p>Full address of the institution: 4702 Kerby Ave., Terrace, BC; <br \/>Mailing address: Box 512, Terrace, BC, V8G 4B5<br \/>Tel. 1-250-635-4546<br \/>Contact: Kelsey Wiebe <a href=\"mailto:curator@heritageparkmuseum.com\">curator@heritageparkmuseum.com<\/a> <\/p>\n<p>Website: <a href=\"http:\/\/www.heritageparkmuseum.com\/\" target=\"_blank\">www.heritageparkmuseum.com<\/a><br \/>Facebook page: <a href=\"http:\/\/facebook.com\/heritageparkmuseum\" target=\"_blank\">facebook.com\/heritageparkmuseum<\/a> <\/p>\n<hr>\n<p>\u00a0<\/p>\n<p> \t\t<!--  Text: [end] --> \t\t\t   \t<!--  \t\tBEGIN: Content of extension \"hpo_relatedlink\", plugin \"tx_hporelatedlink_pi1\"  \t--> \t<\/p>\n<div> \t\t \t<\/div>\n<p> \t \t<!-- END: Content of extension \"hpo_relatedlink\", plugin \"tx_hporelatedlink_pi1\" -->  \t<\/div>\n<p> \t<!--  CONTENT ELEMENT, uid:9848\/text [end] --> \t\t \t<!--  CONTENT ELEMENT, uid:10429\/textpic [begin] --> \t\t<\/p>\n<div id=\"c10429\"> \t\t<!--  Image block: [begin] --> \t\t\t<\/p>\n<div>\n<div><img decoding=\"async\" src=\"http:\/\/imd2013.mini.icom.museum\/wp-content\/uploads\/sites\/50\/2019\/01\/Canada-Stewart_01.jpg\" alt=\"\"><\/div>\n<div> \t\t<!--  Text: [begin] --> \t\t\t<\/p>\n<p><b>Canad<\/b><b>\u00e1<\/b><\/p>\n<div><\/div>\n<div>\n<p><b>Stewart Museum, Montreal<\/b><\/p>\n<\/div>\n<div><\/div>\n<div><\/div>\n<div><\/div>\n<p><i>Para ver el programa del museo, visite la versi\u00f3n en franc\u00e9s o en ingl\u00e9s de esta p\u00e1gina.<\/i><\/p>\n<div><\/div>\n<div><\/div>\n<div><\/div>\n<div>\n<p>\u00a0<\/p>\n<p>Stewart Museum<\/p>\n<\/p><\/div>\n<div>\n<p>20 chemin du Tour-de-l\u2019Isle, Montreal (Quebec) H3C 0K7, Canada<\/p>\n<\/div>\n<div>\n<p>514 861-6701<\/p>\n<\/div>\n<div>\n<p>Contacto: Nicole Gilbert\u00a0<\/p>\n<\/div>\n<div>\n<p>Tel: 514 861-6701<\/p>\n<\/div>\n<div>\n<p>Fax: 514 861-2211<\/p>\n<\/div>\n<div>\n<p>Email: <a href=\"mailto:info@stewart-museum.org\" title=\"Opens window for sending email\">info@stewart-museum.org<\/a><\/p>\n<\/div>\n<div>\n<p><a href=\"http:\/\/www.stewart-museum.org\" title=\"Opens external link in new window\" target=\"_blank\">www.stewart-museum.org<\/a> <\/p>\n<p>\u00a0<\/p>\n<p>\u00a0<\/p>\n<hr>\n<p>\u00a0<\/p>\n<\/p><\/div>\n<div><\/div>\n<p> \t\t<!--  Text: [end] --> \t\t\t<\/div>\n<\/p><\/div>\n<div><!-- --><\/div>\n<p> \t\t<!--  Image block: [end] --> \t\t\t   \t<!--  \t\tBEGIN: Content of extension \"hpo_relatedlink\", plugin \"tx_hporelatedlink_pi1\"  \t--> \t<\/p>\n<div> \t\t \t<\/div>\n<p> \t \t<!-- END: Content of extension \"hpo_relatedlink\", plugin \"tx_hporelatedlink_pi1\" -->  \t<\/div>\n<p> \t<!--  CONTENT ELEMENT, uid:10429\/textpic [end] --> \t\t \t<!--  CONTENT ELEMENT, uid:11297\/text [begin] --> \t\t<\/p>\n<div id=\"c11297\"> \t\t<!--  Text: [begin] --> \t\t\t<\/p>\n<p><span>Estados unidos<\/span><span><\/span> <\/p>\n<p><span>Association of Art Museums Directors &#8211; AAMD Member Museums Celebrating Art Museum Day 2013<\/span> <\/p>\n<p>Para ver el <a href=\"https:\/\/aamd.org\/our-members\/from-the-field\/art-museum-day-2013\" target=\"_blank\">programa<\/a><a href=\"https:\/\/aamd.org\/our-members\/from-the-field\/art-museum-day-2013\" target=\"_blank\">https:\/\/aamd.org\/our-members\/from-the-field\/art-museum-day-2013<\/a> <\/p>\n<hr>\n<p>\u00a0<\/p>\n<p> \t\t<!--  Text: [end] --> \t\t\t   \t<!--  \t\tBEGIN: Content of extension \"hpo_relatedlink\", plugin \"tx_hporelatedlink_pi1\"  \t--> \t<\/p>\n<div> \t\t \t<\/div>\n<p> \t \t<!-- END: Content of extension \"hpo_relatedlink\", plugin \"tx_hporelatedlink_pi1\" -->  \t<\/div>\n<p> \t<!--  CONTENT ELEMENT, uid:11297\/text [end] --> \t\t \t<!--  CONTENT ELEMENT, uid:9871\/text [begin] --> \t\t<\/p>\n<div id=\"c9871\"> \t\t<!--  Text: [begin] --> \t\t\t<\/p>\n<p><b>Estados Unidos<\/p>\n<p><\/b> <\/p>\n<p><b>Nasher Sculpture Center, Dallas, Texas<\/b> <\/p>\n<p><i>Para ver el programa del museo, visite la versi\u00f3n en Ingl\u00e9s de esta p\u00e1gina<\/i><\/p>\n<p>Address: 2001 Flora, Dallas, TX 75201<br \/>Tel.: 214.242.5178<br \/>Contact person: Paula Lindstrom<br \/><a href=\"mailto:plindstrom@nashersculpturecenter.org\" title=\"Opens window for sending email\">plindstrom@nashersculpturecenter.org<\/a><\/p>\n<p><a href=\"http:\/\/www.nashersculpturecenter.org\/\" title=\"Opens external link in new window\" target=\"_blank\">http:\/\/www.nashersculpturecenter.org<\/a>\u00a0\u00a0\u00a0\u00a0\u00a0\u00a0\u00a0\u00a0\u00a0\u00a0\u00a0\u00a0\u00a0 <\/p>\n<p>\u00a0<\/p>\n<hr>\n<p> <!--  Text: [end] --><!--  \t\tBEGIN: Content of extension \"hpo_relatedlink\", plugin \"tx_hporelatedlink_pi1\"  \t--><\/p>\n<div> \t\t \t<\/div>\n<p> \t \t<!-- END: Content of extension \"hpo_relatedlink\", plugin \"tx_hporelatedlink_pi1\" -->  \t<\/div>\n<p> \t<!--  CONTENT ELEMENT, uid:9871\/text [end] --> \t\t \t<!--  CONTENT ELEMENT, uid:10284\/text [begin] --> \t\t<\/p>\n<div id=\"c10284\"> \t\t<!--  Text: [begin] --> \t\t\t<\/p>\n<p><b>Estados Unidos<\/b> <\/p>\n<p><b><br \/><\/b> <\/p>\n<p><b>H. Lee White Marine Museum, Oswego, NY<\/b> <\/p>\n<p>\u00a0<\/p>\n<p><b><img decoding=\"async\" clickenlarge=\"1\" src=\"http:\/\/imd2013.mini.icom.museum\/wp-content\/uploads\/sites\/50\/2019\/01\/RTEmagicC_USA-lee_white_marine_museum_02.jpg.jpg\" alt=\"\"><\/b><i>Para ver el programa del museo, visite la versi\u00f3n en Ingl\u00e9s de esta p\u00e1gina<\/i><b><\/b> <\/p>\n<p>PO Box 101, End of West First Street Pier, <br \/>Oswego, NY 13126, USA<br \/>Tel: 315-342-0480<br \/><a href=\"mailto:info@hleewhitemarinemuseum.com\">info@hleewhitemarinemuseum.com<\/p>\n<p><\/a> <\/p>\n<p> <a href=\"http:\/\/www.hleewhitemarinemuseum.com\" target=\"_blank\">www.hleewhitemarinemuseum.com<\/a> <\/p>\n<p>\u00a0<\/p>\n<hr>\n<p> <!--  Text: [end] --><!--  \t\tBEGIN: Content of extension \"hpo_relatedlink\", plugin \"tx_hporelatedlink_pi1\"  \t--><\/p>\n<div> \t\t \t<\/div>\n<p> \t \t<!-- END: Content of extension \"hpo_relatedlink\", plugin \"tx_hporelatedlink_pi1\" -->  \t<\/div>\n<p> \t<!--  CONTENT ELEMENT, uid:10284\/text [end] --> \t\t \t<!--  CONTENT ELEMENT, uid:10619\/text [begin] --> \t\t<\/p>\n<div id=\"c10619\"> \t\t<!--  Text: [begin] --> \t\t\t<\/p>\n<p><b>Estados Unidos<\/b> <\/p>\n<p><b><br \/><\/b> <\/p>\n<p><b><img decoding=\"async\" src=\"http:\/\/imd2013.mini.icom.museum\/wp-content\/uploads\/sites\/50\/2019\/01\/RTEmagicC_US-El_Paso_03.jpg.jpg\" alt=\"\">El Paso Museum of History (EPMH)<\/p>\n<p><\/b> <\/p>\n<p><i>Para ver el programa del museo, visite la versi\u00f3n en ingl\u00e9s de esta p\u00e1gina.<\/i>  <\/p>\n<p>\u00a0<\/p>\n<p>510 N. Santa Fe Street, El Paso, Texas 79901<br \/>Tel: +1 915-351-3588 <br \/><a href=\"mailto:cityhistorymuseum@elpasotexas.gov\">cityhistorymuseum@elpasotexas.gov<\/a> <\/p>\n<p>\u00a0<\/p>\n<p><a href=\"http:\/\/www.elpasotexas.gov\/history\/\" target=\"_blank\">http:\/\/www.elpasotexas.gov\/history\/<\/a> <\/p>\n<p>\u00a0<\/p>\n<hr>\n<p> <!--  Text: [end] --><!--  \t\tBEGIN: Content of extension \"hpo_relatedlink\", plugin \"tx_hporelatedlink_pi1\"  \t--><\/p>\n<div> \t\t \t<\/div>\n<p> \t \t<!-- END: Content of extension \"hpo_relatedlink\", plugin \"tx_hporelatedlink_pi1\" -->  \t<\/div>\n<p> \t<!--  CONTENT ELEMENT, uid:10619\/text [end] --> \t\t \t<!--  CONTENT ELEMENT, uid:10625\/text [begin] --> \t\t<\/p>\n<div id=\"c10625\"> \t\t<!--  Text: [begin] --> \t\t\t<\/p>\n<p><b>Estados Unidos<\/b> <\/p>\n<p><b><br \/><\/b> <\/p>\n<p><b>Stark Museum of Art, Orange, Texas<\/b> <\/p>\n<p>\u00a0<\/p>\n<p><i>Para ver el programa del museo, visite la versi\u00f3n en franc\u00e9s o en ingl\u00e9s de esta p\u00e1gina.<\/i> <\/p>\n<p><img decoding=\"async\" src=\"http:\/\/imd2013.mini.icom.museum\/wp-content\/uploads\/sites\/50\/2019\/01\/RTEmagicC_USA_stark_museum_of_art_orange_texas_02.jpg.jpg\" alt=\"\">712 Green Ave.<br \/>Orange, Texas 77630<br \/>Tel: 409-886-2787<br \/>Fax: 409-883-6361<br \/>Email: <a href=\"mailto:info@starkmuseum.org\">info@starkmuseum.org<\/a><br \/>Contacto: Elena Ivanova \u2013 Chief Educator &#8211; <a href=\"mailto:eivanova@starkmuseum.org\">eivanova@starkmuseum.org<\/a> <\/p>\n<p><a href=\"http:\/\/www.starkculturalvenues.org\/\" target=\"_blank\">www.starkculturalvenues.org<\/a> <\/p>\n<p>\u00a0<\/p>\n<hr>\n<p> <!--  Text: [end] --><!--  \t\tBEGIN: Content of extension \"hpo_relatedlink\", plugin \"tx_hporelatedlink_pi1\"  \t--><\/p>\n<div> \t\t \t<\/div>\n<p> \t \t<!-- END: Content of extension \"hpo_relatedlink\", plugin \"tx_hporelatedlink_pi1\" -->  \t<\/div>\n<p> \t<!--  CONTENT ELEMENT, uid:10625\/text [end] --> \t\t \t<!--  CONTENT ELEMENT, uid:10680\/text [begin] --> \t\t<\/p>\n<div id=\"c10680\"> \t\t<!--  Text: [begin] --> \t\t\t<\/p>\n<p><b>Estados Unidos<\/b> <\/p>\n<p><b><br \/>Pueblo Grande Museum, Phoenix<\/b> <\/p>\n<p>\u00a0<\/p>\n<p><i>Para ver el programa del museo, visite la versi\u00f3n en ingl\u00e9s de esta p\u00e1gina.<\/i>  <\/p>\n<p>\u00a0<\/p>\n<p><a href=\"http:\/\/phoenix.gov\/recreation\/arts\/museums\/pueblo\/index.html\" title=\"Opens external link in new window\" target=\"_blank\">Website<\/a> <\/p>\n<p>\u00a0<\/p>\n<hr>\n<p> <!--  Text: [end] --><!--  \t\tBEGIN: Content of extension \"hpo_relatedlink\", plugin \"tx_hporelatedlink_pi1\"  \t--><\/p>\n<div> \t\t \t<\/div>\n<p> \t \t<!-- END: Content of extension \"hpo_relatedlink\", plugin \"tx_hporelatedlink_pi1\" -->  \t<\/div>\n<p> \t<!--  CONTENT ELEMENT, uid:10680\/text [end] --> \t\t \t<!--  CONTENT ELEMENT, uid:10683\/text [begin] --> \t\t<\/p>\n<div id=\"c10683\"> \t\t<!--  Text: [begin] --> \t\t\t<\/p>\n<p><b>Estados Unidos<\/b> <\/p>\n<p>\u00a0<\/p>\n<p><b>Chesapeake Bay Maritime Museum, St Michaels<\/b><\/p>\n<p><i>Para ver el programa del museo, visite la versi\u00f3n en ingl\u00e9s de esta p\u00e1gina.<\/i> <\/p>\n<p><i><\/i><br \/><a href=\"http:\/\/www.cbmm.org\" target=\"_blank\">www.cbmm.org<\/a> <\/p>\n<p>\u00a0<\/p>\n<hr>\n<p> <!--  Text: [end] --><!--  \t\tBEGIN: Content of extension \"hpo_relatedlink\", plugin \"tx_hporelatedlink_pi1\"  \t--><\/p>\n<div> \t\t \t<\/div>\n<p> \t \t<!-- END: Content of extension \"hpo_relatedlink\", plugin \"tx_hporelatedlink_pi1\" -->  \t<\/div>\n<p> \t<!--  CONTENT ELEMENT, uid:10683\/text [end] --> \t\t \t<!--  CONTENT ELEMENT, uid:10778\/textpic [begin] --> \t\t<\/p>\n<div id=\"c10778\"> \t\t<!--  Image block: [begin] --> \t\t\t<\/p>\n<div>\n<div><img decoding=\"async\" src=\"http:\/\/imd2013.mini.icom.museum\/wp-content\/uploads\/sites\/50\/2019\/01\/USA-MuseumsArt_01.jpg\" alt=\"\"><\/div>\n<div> \t\t<!--  Text: [begin] --> \t\t\t<\/p>\n<p><b>Estados Unidos<\/b><\/p>\n<div>\n<p><b>The Harvard Art Museums, Cambridge<br \/><\/b> <\/p>\n<p>\u00a0<\/p>\n<\/p><\/div>\n<div><\/div>\n<div><\/div>\n<div>\n<p><i>Para ver el programa del museo, visite la versi\u00f3n en ingl\u00e9s de esta p\u00e1gina.<\/i><\/p>\n<\/div>\n<div><\/div>\n<div><\/div>\n<div>\n<p>485 Broadway, Cambridge, MA 02138<\/p>\n<\/div>\n<div>\n<p>Tel: 617-495-9400<\/p>\n<\/div>\n<div>\n<p><a href=\"http:\/\/www.harvardartmuseums.org\" title=\"Opens external link in new window\" target=\"_blank\">www.harvardartmuseums.org<\/a> <\/p>\n<p>\u00a0<\/p>\n<p>\u00a0<\/p>\n<hr>\n<p>\u00a0<\/p>\n<\/p><\/div>\n<div><\/div>\n<div><\/div>\n<p> \t\t<!--  Text: [end] --> \t\t\t<\/div>\n<\/p><\/div>\n<div><!-- --><\/div>\n<p> \t\t<!--  Image block: [end] --> \t\t\t   \t<!--  \t\tBEGIN: Content of extension \"hpo_relatedlink\", plugin \"tx_hporelatedlink_pi1\"  \t--> \t<\/p>\n<div> \t\t \t<\/div>\n<p> \t \t<!-- END: Content of extension \"hpo_relatedlink\", plugin \"tx_hporelatedlink_pi1\" -->  \t<\/div>\n<p> \t<!--  CONTENT ELEMENT, uid:10778\/textpic [end] --> \t\t \t<!--  CONTENT ELEMENT, uid:10832\/text [begin] --> \t\t<\/p>\n<div id=\"c10832\"> \t\t<!--  Text: [begin] --> \t\t\t<\/p>\n<p><b>Estados Unidos<\/b><\/p>\n<div>\n<p><b><br \/>Minneapolis:<\/b><\/p>\n<\/div>\n<div>\n<p><b>Walker Art Center<\/b><\/p>\n<\/div>\n<div>\n<p><b>Minneapolis Institue of Arts<\/b><\/p>\n<\/div>\n<div>\n<p><b>Weisman Art Museum<\/b> <\/p>\n<p>\u00a0<\/p>\n<\/p><\/div>\n<div>\n<p><i>Para ver el programa del museo, visite la versi\u00f3n en ingl\u00e9s de esta p\u00e1gina.<\/i> <\/p>\n<p>\u00a0<\/p>\n<\/p><\/div>\n<div>\n<p><a href=\"http:\/\/gallery.mailchimp.com\/676886a9cd25ef4fe0e56c868\/files\/International_Museum_Day_2013_draft.1.pdf\" title=\"Abre el enlace externo en una ventana nueva\" target=\"_blank\">Mas informaci\u00f3n<\/a>. <\/p>\n<p>\u00a0<\/p>\n<hr>\n<p>\u00a0<\/p>\n<\/p><\/div>\n<p> \t\t<!--  Text: [end] --> \t\t\t   \t<!--  \t\tBEGIN: Content of extension \"hpo_relatedlink\", plugin \"tx_hporelatedlink_pi1\"  \t--> \t<\/p>\n<div> \t\t \t<\/div>\n<p> \t \t<!-- END: Content of extension \"hpo_relatedlink\", plugin \"tx_hporelatedlink_pi1\" -->  \t<\/div>\n<p> \t<!--  CONTENT ELEMENT, uid:10832\/text [end] --> \t\t \t<!--  CONTENT ELEMENT, uid:11173\/textpic [begin] --> \t\t<\/p>\n<div id=\"c11173\"> \t\t<!--  Image block: [begin] --> \t\t\t<\/p>\n<div>\n<div><img decoding=\"async\" src=\"http:\/\/imd2013.mini.icom.museum\/wp-content\/uploads\/sites\/50\/2019\/01\/powell_01.jpg\" alt=\"\"><\/div>\n<div> \t\t<!--  Text: [begin] --> \t\t\t<\/p>\n<p><b>Estados Unidos<\/b><\/p>\n<div>\n<p><b><br \/><\/b><\/p>\n<\/div>\n<div>\n<p><b>Florida Museum of Natural History; Gainesville, Florida<\/b><\/p>\n<\/div>\n<div><\/div>\n<div>\n<p>\u00a0<\/p>\n<p><i>Para ver el programa del museo, visite la versi\u00f3n en ingl\u00e9s de esta p\u00e1gina.<\/i><\/p>\n<div><\/div>\n<\/p><\/div>\n<div><\/div>\n<div>\n<p>\u00a0<\/p>\n<p>Tel: 352-846-2000<\/p>\n<\/p><\/div>\n<div>\n<p>Fax: 352-846-0253<\/p>\n<\/div>\n<div>\n<p>Email: <a href=\"mailto:museuminfo@flmnh.ufl.edu\" title=\"Opens window for sending email\">museuminfo@flmnh.ufl.edu<\/a><\/p>\n<\/div>\n<div>\n<p>3215 Hull Road, Gainesville, FL 32611<\/p>\n<\/div>\n<div>\n<p><a href=\"http:\/\/www.flmnh.ufl.edu\" title=\"Opens external link in new window\" target=\"_blank\">www.flmnh.ufl.edu<\/a> <\/p>\n<p>\u00a0<\/p>\n<\/p><\/div>\n<div>\n<hr>\n<p>\u00a0<\/p>\n<\/p><\/div>\n<p> \t\t<!--  Text: [end] --> \t\t\t<\/div>\n<\/p><\/div>\n<div><!-- --><\/div>\n<p> \t\t<!--  Image block: [end] --> \t\t\t   \t<!--  \t\tBEGIN: Content of extension \"hpo_relatedlink\", plugin \"tx_hporelatedlink_pi1\"  \t--> \t<\/p>\n<div> \t\t \t<\/div>\n<p> \t \t<!-- END: Content of extension \"hpo_relatedlink\", plugin \"tx_hporelatedlink_pi1\" -->  \t<\/div>\n<p> \t<!--  CONTENT ELEMENT, uid:11173\/textpic [end] --> \t\t \t<!--  CONTENT ELEMENT, uid:11308\/textpic [begin] --> \t\t<\/p>\n<div id=\"c11308\"> \t\t<!--  Image block: [begin] --> \t\t\t<\/p>\n<div> \t\t<!--  Text: [begin] --> \t\t\t<\/p>\n<p><span>Estados Unidos<\/span> <\/p>\n<p><span><\/span> <\/p>\n<p><span>Ukrainian Museum, New York<\/span> <\/p>\n<p><span><\/span> <\/p>\n<p><i>Para ver el programa del museo, visite la versi\u00f3n en ingl\u00e9s de esta p\u00e1gina.<\/i> <\/p>\n<p>\u00a0<\/p>\n<p>222 East 6th Street<br \/>New York, NY 10003<br \/>212-228-0110 x304<br \/>212-228-1947 (fax) <\/p>\n<p><a href=\"http:\/\/www.ukrainianmuseum.org\" title=\"Opens external link in new window\" target=\"_blank\">http:\/\/www.ukrainianmuseum.org<\/a> <\/p>\n<p>\u00a0<\/p>\n<hr>\n<p>\u00a0<\/p>\n<p> \t\t<!--  Text: [end] --> \t\t\t<\/div>\n<p> \t\t<!--  Image block: [end] --> \t\t\t   \t<!--  \t\tBEGIN: Content of extension \"hpo_relatedlink\", plugin \"tx_hporelatedlink_pi1\"  \t--> \t<\/p>\n<div> \t\t \t<\/div>\n<p> \t \t<!-- END: Content of extension \"hpo_relatedlink\", plugin \"tx_hporelatedlink_pi1\" -->  \t<\/div>\n<p> \t<!--  CONTENT ELEMENT, uid:11308\/textpic [end] --> \t\t<!--TYPO3SEARCH_end--> <\/div>\n","protected":false},"excerpt":{"rendered":"<p>Canada Bank of Canada\u2019s Currency Museum, Ottawa (Ontario) Para ver el programa del museo, visite la versi\u00f3n en ingl\u00e9s o en franc\u00e9s de esta p\u00e1gina. \u00a0 Currency Museum Bank of Canada245 Sparks Street (between Bank and Kent)Ottawa, OntarioCanadaK1A 0G9 Tel.: 613-782-8914 Email: museum-musee@bankofcanada.ca http:\/\/www.currencymuseum.ca\/ \u00a0 Canad\u00e1 \u00a0 Heritage Park Museum, Terrace, BC \u00a0 Para ver [&hellip;]<\/p>\n","protected":false},"author":1,"featured_media":0,"parent":158,"menu_order":4,"comment_status":"closed","ping_status":"closed","template":"","meta":{"footnotes":""},"yst_prominent_words":[],"acf":[],"_links":{"self":[{"href":"https:\/\/imd2013.mini.icom.museum\/es\/wp-json\/wp\/v2\/pages\/2317"}],"collection":[{"href":"https:\/\/imd2013.mini.icom.museum\/es\/wp-json\/wp\/v2\/pages"}],"about":[{"href":"https:\/\/imd2013.mini.icom.museum\/es\/wp-json\/wp\/v2\/types\/page"}],"author":[{"embeddable":true,"href":"https:\/\/imd2013.mini.icom.museum\/es\/wp-json\/wp\/v2\/users\/1"}],"replies":[{"embeddable":true,"href":"https:\/\/imd2013.mini.icom.museum\/es\/wp-json\/wp\/v2\/comments?post=2317"}],"version-history":[{"count":1,"href":"https:\/\/imd2013.mini.icom.museum\/es\/wp-json\/wp\/v2\/pages\/2317\/revisions"}],"predecessor-version":[{"id":2607,"href":"https:\/\/imd2013.mini.icom.museum\/es\/wp-json\/wp\/v2\/pages\/2317\/revisions\/2607"}],"up":[{"embeddable":true,"href":"https:\/\/imd2013.mini.icom.museum\/es\/wp-json\/wp\/v2\/pages\/158"}],"wp:attachment":[{"href":"https:\/\/imd2013.mini.icom.museum\/es\/wp-json\/wp\/v2\/media?parent=2317"}],"wp:term":[{"taxonomy":"yst_prominent_words","embeddable":true,"href":"https:\/\/imd2013.mini.icom.museum\/es\/wp-json\/wp\/v2\/yst_prominent_words?post=2317"}],"curies":[{"name":"wp","href":"https:\/\/api.w.org\/{rel}","templated":true}]}}