{"id":2365,"date":"2019-01-08T01:03:10","date_gmt":"2019-01-08T01:03:10","guid":{"rendered":"http:\/\/imd2013.icom.cust.oxymium.net\/el-dim-2013\/programa-de-actividades\/oceania\/"},"modified":"2019-01-08T01:04:43","modified_gmt":"2019-01-08T01:04:43","slug":"oceania","status":"publish","type":"page","link":"https:\/\/imd2013.mini.icom.museum\/es\/el-dim-2013\/programa-de-actividades\/oceania\/","title":{"rendered":"Ocean\u00eda"},"content":{"rendered":"<div id=\"RTE_CONTENT\"> <!--TYPO3SEARCH_begin--> \t<!--  CONTENT ELEMENT, uid:10378\/text [begin] --> \t\t<\/p>\n<div id=\"c10378\"> \t\t<!--  Text: [begin] --> \t\t\t<\/p>\n<p><b>Australia<\/b> <\/p>\n<p><b><br \/><\/b> <\/p>\n<p><b>The Workshops Rail Museum, Ipswich<\/b> <\/p>\n<p>\u00a0<br \/><img decoding=\"async\" clickenlarge=\"1\" src=\"http:\/\/imd2013.mini.icom.museum\/wp-content\/uploads\/sites\/50\/2019\/01\/RTEmagicC_Australia_workshops_rail_museum_Toyland_Express_03.jpg.jpg\" alt=\"\"><\/p>\n<p><img decoding=\"async\" clickenlarge=\"1\" src=\"http:\/\/imd2013.mini.icom.museum\/wp-content\/uploads\/sites\/50\/2019\/01\/RTEmagicC_Australia_workshops_rail_museum_Bush_Picnic_-_Farmer_Phill_and_Jack_Roo_-_Damper_03.jpg.jpg\" alt=\"\"><br \/><i>Para ver el programa del museo, visite la versi\u00f3n en ingl\u00e9s de esta p\u00e1gina.<\/i> <\/p>\n<p><\/p>\n<p>The Workshops Rail Museum, <br \/>North Street, North Ipswich Q 4305<br \/>Tel: (07) 3432 5100<br \/>Fax: (07) 3432 5114<br \/><a href=\"mailto:info@theworkshops.qm.qld.gov.au\">info@theworkshops.qm.qld.gov.au<\/p>\n<p><\/a>\u00a0\u00a0 <\/p>\n<p><a href=\"http:\/\/www.theworkshops.qm.qld.gov.au\" target=\"_blank\">www.theworkshops.qm.qld.gov.au<\/a> <\/p>\n<p>\u00a0<\/p>\n<hr>\n<p> <!--  Text: [end] --><!--  \t\tBEGIN: Content of extension \"hpo_relatedlink\", plugin \"tx_hporelatedlink_pi1\"  \t--><\/p>\n<div> \t\t \t<\/div>\n<p> \t \t<!-- END: Content of extension \"hpo_relatedlink\", plugin \"tx_hporelatedlink_pi1\" -->  \t<\/div>\n<p> \t<!--  CONTENT ELEMENT, uid:10378\/text [end] --> \t\t \t<!--  CONTENT ELEMENT, uid:10715\/textpic [begin] --> \t\t<\/p>\n<div id=\"c10715\"> \t\t<!--  Image block: [begin] --> \t\t\t<\/p>\n<div>\n<div><img decoding=\"async\" src=\"http:\/\/imd2013.mini.icom.museum\/wp-content\/uploads\/sites\/50\/2019\/01\/AUST-WA_01.jpg\" alt=\"\"><\/div>\n<div> \t\t<!--  Text: [begin] --> \t\t\t<\/p>\n<p><b>Australia<br \/><\/b> <\/p>\n<p><b>Heathcote Museum &amp; Gallery, Applecross, Australia Occidental<br \/><\/b> <\/p>\n<p>\u00a0<\/p>\n<p><i>Para ver el programa del museo, visite la versi\u00f3n en ingl\u00e9s de esta p\u00e1gina.<\/i> <\/p>\n<p>Swan House, 58-60 Duncraig Road, Applecross, Western Australia<br \/>Tel.: (08) 9364 5666<br \/><a href=\"mailto:melinfo@melville.wa.gov.au\">melinfo@melville.wa.gov.au<\/a><br \/><a href=\"http:\/\/www.melvillecity.com.au\/facilities\/museums\/heathcote\" title=\"Abre el enlace externo en una ventana nueva\" target=\"_blank\">Sitio\u00a0Web oficial<\/a> <\/p>\n<p>\u00a0<\/p>\n<hr>\n<p>\u00a0<\/p>\n<p> \t\t<!--  Text: [end] --> \t\t\t<\/div>\n<\/p><\/div>\n<div><!-- --><\/div>\n<p> \t\t<!--  Image block: [end] --> \t\t\t   \t<!--  \t\tBEGIN: Content of extension \"hpo_relatedlink\", plugin \"tx_hporelatedlink_pi1\"  \t--> \t<\/p>\n<div> \t\t \t<\/div>\n<p> \t \t<!-- END: Content of extension \"hpo_relatedlink\", plugin \"tx_hporelatedlink_pi1\" -->  \t<\/div>\n<p> \t<!--  CONTENT ELEMENT, uid:10715\/textpic [end] --> \t\t \t<!--  CONTENT ELEMENT, uid:11251\/textpic [begin] --> \t\t<\/p>\n<div id=\"c11251\"> \t\t<!--  Image block: [begin] --> \t\t\t<\/p>\n<div>\n<div><img decoding=\"async\" src=\"http:\/\/imd2013.mini.icom.museum\/wp-content\/uploads\/sites\/50\/2019\/01\/Samoan_01.jpg\" alt=\"\"><\/div>\n<div> \t\t<!--  Text: [begin] --> \t\t\t<\/p>\n<p><b>Nueva Zelanda<\/b><\/p>\n<div>\n<p><b>Whanganui Regional Museum, Whanganui<\/b><\/p>\n<\/div>\n<div><\/div>\n<div>\n<p>\u00a0<\/p>\n<p>\u00a0<\/p>\n<p><i>Para ver el programa del museo, visite la versi\u00f3n en ingl\u00e9s de esta p\u00e1gina.<\/i><\/p>\n<div><\/div>\n<p>\u00a0<\/p>\n<p>Tel: 06 349 1110 <\/p>\n<p>Contacto: Louise Follett,\u00a0<a href=\"mailto:Louisef@wrm.org.nz\">Louisef@wrm.org.nz<\/a><\/p>\n<\/p><\/div>\n<div>\n<p>Watt Street, Whanganui 4540 New Zealand<\/p>\n<\/div>\n<div>\n<p><a href=\"http:\/\/www.wrm.org.nz\" title=\"Opens external link in new window\" target=\"_blank\">www.wrm.org.nz<\/a> <\/p>\n<p>\u00a0<\/p>\n<hr>\n<p>\u00a0<\/p>\n<\/p><\/div>\n<div><\/div>\n<div><\/div>\n<p> \t\t<!--  Text: [end] --> \t\t\t<\/div>\n<\/p><\/div>\n<div><!-- --><\/div>\n<p> \t\t<!--  Image block: [end] --> \t\t\t   \t<!--  \t\tBEGIN: Content of extension \"hpo_relatedlink\", plugin \"tx_hporelatedlink_pi1\"  \t--> \t<\/p>\n<div> \t\t \t<\/div>\n<p> \t \t<!-- END: Content of extension \"hpo_relatedlink\", plugin \"tx_hporelatedlink_pi1\" -->  \t<\/div>\n<p> \t<!--  CONTENT ELEMENT, uid:11251\/textpic [end] --> \t\t \t<!--  CONTENT ELEMENT, uid:11344\/textpic [begin] --> \t\t<\/p>\n<div id=\"c11344\"> \t\t<!--  Image block: [begin] --> \t\t\t<\/p>\n<div>\n<div><img decoding=\"async\" src=\"http:\/\/imd2013.mini.icom.museum\/wp-content\/uploads\/sites\/50\/2019\/01\/austrlia_01.jpg\" alt=\"\"><\/div>\n<div> \t\t<!--  Text: [begin] --> \t\t\t<\/p>\n<p><b>Australia<\/b><\/p>\n<div>\n<p><b><br \/><\/b><\/p>\n<\/div>\n<div>\n<p><b>QUT Art Museum, Brisbane<\/b> <\/p>\n<p>\u00a0<\/p>\n<\/p><\/div>\n<div><\/div>\n<div><\/div>\n<p><i>Para ver el programa del museo, visite la versi\u00f3n en ingl\u00e9s de esta p\u00e1gina.<\/i> <\/p>\n<p>\u00a0<\/p>\n<p>\u00a0<\/p>\n<div><\/div>\n<div>\n<p>Tel. 07 3138 5370<\/p>\n<\/div>\n<div>\n<p>Email: <a href=\"mailto:artmuseum@qut.edu.au\" title=\"Opens window for sending email\">artmuseum@qut.edu.au<\/a><\/p>\n<\/div>\n<div>\n<p>2 George Street, QUT Gardens Point Campus, Brisbane QLD 4001, Australia<\/p>\n<\/div>\n<div>\n<p><a href=\"http:\/\/www.artmuseum.qut.edu.au\/\" title=\"Opens external link in new window\" target=\"_blank\">http:\/\/www.artmuseum.qut.edu.au\/<\/a> <\/p>\n<p>\u00a0<\/p>\n<hr>\n<p>\u00a0<\/p>\n<\/p><\/div>\n<div><\/div>\n<p> \t\t<!--  Text: [end] --> \t\t\t<\/div>\n<\/p><\/div>\n<div><!-- --><\/div>\n<p> \t\t<!--  Image block: [end] --> \t\t\t   \t<!--  \t\tBEGIN: Content of extension \"hpo_relatedlink\", plugin \"tx_hporelatedlink_pi1\"  \t--> \t<\/p>\n<div> \t\t \t<\/div>\n<p> \t \t<!-- END: Content of extension \"hpo_relatedlink\", plugin \"tx_hporelatedlink_pi1\" -->  \t<\/div>\n<p> \t<!--  CONTENT ELEMENT, uid:11344\/textpic [end] --> \t\t<!--TYPO3SEARCH_end--> <\/div>\n","protected":false},"excerpt":{"rendered":"<p>Australia The Workshops Rail Museum, Ipswich \u00a0 Para ver el programa del museo, visite la versi\u00f3n en ingl\u00e9s de esta p\u00e1gina. The Workshops Rail Museum, North Street, North Ipswich Q 4305Tel: (07) 3432 5100Fax: (07) 3432 5114info@theworkshops.qm.qld.gov.au \u00a0\u00a0 www.theworkshops.qm.qld.gov.au \u00a0 Australia Heathcote Museum &amp; Gallery, Applecross, Australia Occidental \u00a0 Para ver el programa del museo, [&hellip;]<\/p>\n","protected":false},"author":1,"featured_media":0,"parent":158,"menu_order":5,"comment_status":"closed","ping_status":"closed","template":"","meta":{"footnotes":""},"yst_prominent_words":[],"acf":[],"_links":{"self":[{"href":"https:\/\/imd2013.mini.icom.museum\/es\/wp-json\/wp\/v2\/pages\/2365"}],"collection":[{"href":"https:\/\/imd2013.mini.icom.museum\/es\/wp-json\/wp\/v2\/pages"}],"about":[{"href":"https:\/\/imd2013.mini.icom.museum\/es\/wp-json\/wp\/v2\/types\/page"}],"author":[{"embeddable":true,"href":"https:\/\/imd2013.mini.icom.museum\/es\/wp-json\/wp\/v2\/users\/1"}],"replies":[{"embeddable":true,"href":"https:\/\/imd2013.mini.icom.museum\/es\/wp-json\/wp\/v2\/comments?post=2365"}],"version-history":[{"count":1,"href":"https:\/\/imd2013.mini.icom.museum\/es\/wp-json\/wp\/v2\/pages\/2365\/revisions"}],"predecessor-version":[{"id":2606,"href":"https:\/\/imd2013.mini.icom.museum\/es\/wp-json\/wp\/v2\/pages\/2365\/revisions\/2606"}],"up":[{"embeddable":true,"href":"https:\/\/imd2013.mini.icom.museum\/es\/wp-json\/wp\/v2\/pages\/158"}],"wp:attachment":[{"href":"https:\/\/imd2013.mini.icom.museum\/es\/wp-json\/wp\/v2\/media?parent=2365"}],"wp:term":[{"taxonomy":"yst_prominent_words","embeddable":true,"href":"https:\/\/imd2013.mini.icom.museum\/es\/wp-json\/wp\/v2\/yst_prominent_words?post=2365"}],"curies":[{"name":"wp","href":"https:\/\/api.w.org\/{rel}","templated":true}]}}