{"id":353,"date":"2019-01-08T00:52:38","date_gmt":"2019-01-08T00:52:38","guid":{"rendered":"http:\/\/imd2013.icom.cust.oxymium.net\/patrocinadores\/art-hopping\/"},"modified":"2019-01-08T01:04:45","modified_gmt":"2019-01-08T01:04:45","slug":"art-hopping","status":"publish","type":"page","link":"https:\/\/imd2013.mini.icom.museum\/es\/patrocinadores\/art-hopping\/","title":{"rendered":"Art Hopping"},"content":{"rendered":"<div id=\"RTE_CONTENT\"> <!--TYPO3SEARCH_begin--> \t<!--  CONTENT ELEMENT, uid:10216\/textpic [begin] --> \t\t<\/p>\n<div id=\"c10216\"> \t\t<!--  Image block: [begin] --> \t\t\t<\/p>\n<div>\n<div><a href=\"http:\/\/imd2013.mini.icom.museum\/wp-content\/uploads\/sites\/50\/2019\/01\/ART_HOPPING.jpg\"><img decoding=\"async\" src=\"http:\/\/imd2013.mini.icom.museum\/wp-content\/uploads\/sites\/50\/2019\/01\/ART-HOPPING-2_02.jpg\" alt=\"\"><\/a><\/div>\n<div> \t\t<!--  Text: [begin] --> \t\t\t<\/p>\n<p><span>ART HOPPING: La Colecci\u00f3n Roland proporciona pel\u00edculas de arte a los museos que participan al DIM<\/span> <\/p>\n<p><b>Del 12 al 31 de mayo, el ICOM se asocia con la Colecci\u00f3n Roland para el proyecto ART HOPPING, que ofrece a los museos ampliar de manera notable su programa de actividades para el DIM permitiendo a los visitantes acceder gratuitamente a una gran colecci\u00f3n de pel\u00edculas sobre arte<\/b><\/p>\n<p><b>17 horas de cine gratuito<\/b><\/p>\n<p>ART HOPPING transporta al espectador a un paisaje cinematogr\u00e1fico que se extiende de la cultura Maya a Dal\u00ed, de Miguel \u00c1ngel a Picasso, y muchos m\u00e1s. En conjunto, un total de 12 horas de contenidos cautivadores por parte de 19 directores con comentarios en ingl\u00e9s. Adem\u00e1s, se ofrecen cinco horas extra de once directores, en este caso sin comentarios y que abarca de Rembrandt a Vasarely y de Turner a Steinberg. Estas obras est\u00e1n adaptadas a un p\u00fablico no angl\u00f3fono y a discapacitados auditivos. <\/p>\n<p>La Colecci\u00f3n Roland ofrece a los museos que participan al D\u00eda Internacional de los Museos los derechos de autor y los gastos de distribuci\u00f3n para que el p\u00fablico pueda verlos de manera gratuita.<\/p>\n<p>\u02c3 <a href=\"http:\/\/www.rcqr.org\/?e\" target=\"_blank\">Ver la lista de las pel\u00edculas disponibles<\/a><\/p>\n<p><b>Un p\u00f3ster interactivo<\/b><\/p>\n<p>Los p\u00f3steres ART HOPPING contienen un c\u00f3digo QR que redirecciona a los usuarios al directorio de pel\u00edculas de la Colecci\u00f3n Roland disponibles en l\u00ednea. Al colocar el smartphone sobre el famoso cuadrado negro, los visitantes podr\u00e1n saltar del antiguo Egipto y la \u00e9poca romana a la actualidad. Gracias a los c\u00f3digos QR, se puede ver una pel\u00edcula completa o fragmentos de cualquiera de los t\u00edtulos propuestos. El acceso a la pel\u00edcula seleccionada es inmediato y la retransmisi\u00f3n no requiere conexi\u00f3n a internet ni navegaci\u00f3n web. <\/p>\n<p>Los p\u00f3steres ART HOPPING est\u00e1n disponibles en <b>ingl\u00e9s, espa\u00f1ol, franc\u00e9s y alem\u00e1n<\/b>. Tambi\u00e9n se puede personalizar una versi\u00f3n sin texto, lo que permitir\u00e1 a los museos crear p\u00f3steres en la lengua local. <\/p>\n<p>Los museos pueden <b>distribuir el p\u00f3ster<\/b> en la entrada, en las escuelas, bibliotecas, jardines, etc. Pueden <b>colocar los c\u00f3digos QR en el interior del museo<\/b> para que los visitantes los vean durante la visita, o <b>en la p\u00e1gina web<\/b>, ya que estos c\u00f3digos se pueden escanear f\u00e1cilmente en la pantalla. Tambi\u00e9n pueden <b>reproducir pel\u00edculas en pantallas reducidas del museo<\/b>. Se puede consultar la viabilidad ante cualquier otro uso que los museos pudieran plantear. <\/p>\n<p>\u02c3 <b>Descargar el P\u00f3ster n\u00b01 (Grupo Picasso) versi\u00f3n sin texto <\/b>para a\u00f1adir su idioma local, pel\u00edculas e informaciones en ingl\u00e9s <br \/><a href=\"http:\/\/imd2013.mini.icom.museum\/wp-content\/uploads\/sites\/50\/2019\/01\/ICOM_IMD_AH_PICASSO_Print_1a.pdf\" title=\"TEXTE, ICOM IMD AH PICASSO Print 1a, ICOM_IMD_AH_PICASSO_Print_1a.pdf, 448 KB\">Baja resoluci\u00f3n<\/a>  <br \/><a href=\"http:\/\/imd2013.mini.icom.museum\/wp-content\/uploads\/sites\/50\/2019\/01\/ICOM_IMD_AH_PICASSO_Print_1b.pdf\" title=\"TEXTE, ICOM IMD AH PICASSO Print 1b, ICOM_IMD_AH_PICASSO_Print_1b.pdf, 21 MB\">Alta resoluci\u00f3n<\/a> <\/p>\n<p><b>\u02c3 Descargar el P\u00f3ster n\u00b01 (Grupo Picasso) en ingl\u00e9s: <\/b>pel\u00edculas e informaciones en ingl\u00e9s<br \/><a href=\"http:\/\/imd2013.mini.icom.museum\/wp-content\/uploads\/sites\/50\/2019\/01\/ICOM_IMD_AH_PICASSO_Print_1b.pdf\" title=\"TEXTE, ICOM IMD AH PICASSO Print 1b, ICOM_IMD_AH_PICASSO_Print_1b.pdf, 441 KB\">Baja resoluci\u00f3n<\/a> <br \/><a href=\"http:\/\/imd2013.mini.icom.museum\/wp-content\/uploads\/sites\/50\/2019\/01\/ICOM_IMD_AH_PICASSO_Print_1a.pdf\" title=\"TEXTE, ICOM IMD AH PICASSO Print 1a, ICOM_IMD_AH_PICASSO_Print_1a.pdf, 21 MB\">Alta resoluci\u00f3n<\/a><\/p>\n<p>\u02c3  <b>Descargar el P\u00f3ster n\u00b02 (Grupo Delacroix) en ingl\u00e9s: <\/b>pel\u00edculas sin comentarios e informaciones en ingl\u00e9s<br \/><a href=\"http:\/\/imd2013.mini.icom.museum\/wp-content\/uploads\/sites\/50\/2019\/01\/ICOM_IMD_AH_DELACROIX_Engish_2a.pdf\" title=\"TEXTE, ICOM IMD AH DELACROIX Engish 2a, ICOM_IMD_AH_DELACROIX_Engish_2a.pdf, 461 KB\">Baja resoluci\u00f3n<\/a> <br \/><a href=\"http:\/\/imd2013.mini.icom.museum\/wp-content\/uploads\/sites\/50\/2019\/01\/ICOM_IMD_AH_DELACROIX_Eng_Print_2a.pdf\" title=\"TEXTE, ICOM IMD AH DELACROIX Eng Print 2a, ICOM_IMD_AH_DELACROIX_Eng_Print_2a.pdf, 17.2 MB\">Alta resoluci\u00f3n<\/a><\/p>\n<p>&gt; <b>Descargar el P\u00f3ster n\u00b02 (Grupo Delacroix) en franc\u00e9s: <\/b>pel\u00edculas sin comentarios e informaciones en franc\u00e9s<br \/><a href=\"http:\/\/imd2013.mini.icom.museum\/wp-content\/uploads\/sites\/50\/2019\/01\/ICOM_IMD_AH_DELACROIX_French_2d.pdf\" title=\"TEXTE, ICOM IMD AH DELACROIX French 2d, ICOM_IMD_AH_DELACROIX_French_2d.pdf, 470 KB\">Baja resoluci\u00f3n <\/a><br \/><a href=\"http:\/\/imd2013.mini.icom.museum\/wp-content\/uploads\/sites\/50\/2019\/01\/ICOM_IMD_AH_DELACROIX_French_2d_Print.pdf\" title=\"TEXTE, ICOM IMD AH DELACROIX French 2d Print, ICOM_IMD_AH_DELACROIX_French_2d_Print.pdf, 16.9 MB\">Alta resoluci\u00f3n<\/a>  <\/p>\n<p>&gt; <b>Descargar el P\u00f3ster n\u00b02 (Grupo Delacroix) en espa\u00f1ol: <\/b>pel\u00edculas sin comentarios e informaciones en espa\u00f1ol<br \/><a href=\"http:\/\/imd2013.mini.icom.museum\/wp-content\/uploads\/sites\/50\/2019\/01\/ICOM_IMD_AH_DELACROIX_Spanish_2c_Print.pdf\" title=\"TEXTE, ICOM IMD AH DELACROIX Spanish 2c Print, ICOM_IMD_AH_DELACROIX_Spanish_2c_Print.pdf, 470 KB\">Baja resoluci\u00f3n <\/a><br \/><a href=\"http:\/\/imd2013.mini.icom.museum\/wp-content\/uploads\/sites\/50\/2019\/01\/ICOM_IMD_AH_DELACROIX_Spanish_2c_Print.pdf\" title=\"TEXTE, ICOM IMD AH DELACROIX Spanish 2c Print, ICOM_IMD_AH_DELACROIX_Spanish_2c_Print.pdf, 16.9 MB\">Alta resoluci\u00f3n<\/a> <\/p>\n<p>&gt; <b>Descargar el P\u00f3ster n\u00b02 (Grupo Delacroix) en alem\u00e1n:<\/b> pel\u00edculas sin comentarios e informaciones en alem\u00e1n<br \/><a href=\"http:\/\/imd2013.mini.icom.museum\/wp-content\/uploads\/sites\/50\/2019\/01\/ICOM_IMD_AH_DELACROIX_German_2e_Print.pdf\" title=\"ICOM_IMD_AH_DELACROIX_German_2e_Print.pdf (471 KB)\">Baja resoluci\u00f3n<\/a> <br \/><a href=\"http:\/\/imd2013.mini.icom.museum\/wp-content\/uploads\/sites\/50\/2019\/01\/ICOM_IMD_AH_DELACROIX_German_2e_Print.pdf\" title=\"ICOM_IMD_AH_DELACROIX_German_2e_Print.pdf (16.9 MB)\">Alta resoluci\u00f3n<\/a> <\/p>\n<p>\u02c3 <b>Descargar el P\u00f3ster n\u00b02 (Grupo Delacroix) <\/b>versi\u00f3n sin texto para a\u00f1adir su idioma local, pel\u00edculas e informaciones en ingl\u00e9s <br \/><a href=\"http:\/\/imd2013.mini.icom.museum\/wp-content\/uploads\/sites\/50\/2019\/01\/ICOM_IMD_AH_DELACROIX_Eng_Print_2b.pdf\" title=\"ICOM_IMD_AH_DELACROIX_Eng_Print_2b.pdf (454 KB)\">Baja resoluci\u00f3n<\/a><br \/><a href=\"http:\/\/imd2013.mini.icom.museum\/wp-content\/uploads\/sites\/50\/2019\/01\/ICOM_IMD_AH_DELACROIX_Eng_Print_2b.pdf\" title=\"ICOM_IMD_AH_DELACROIX_Eng_Print_2b.pdf (17.2 MB)\">Alta resoluci\u00f3n<\/a> <\/p>\n<p><b>\u00bfQu\u00e9 es un c\u00f3digo QR?<\/b><\/p>\n<p>Un <b>c\u00f3digo quick response (QR)<\/b> es un cuadrado compuesto de una matriz de puntos negros que permite almacenar informaci\u00f3n. Los usuarios pueden leer el c\u00f3digo de barras cargando una aplicaci\u00f3n que decodifica los datos QR en sus smartphones y los redirige a una direcci\u00f3n URL. Los museos pueden utilizar los c\u00f3digos QR de <b>forma gratuita<\/b>, puesto que se trata de una tecnolog\u00eda universal y ya se encuentra presente en la mayor\u00eda de los tel\u00e9fonos m\u00f3viles.<\/p>\n<p><b>La Colecci\u00f3n Roland <\/b><\/p>\n<p>Los or\u00edgenes de la Colecci\u00f3n Roland se remontan a finales de la d\u00e9cada de los 60, cuando su fundador, Anthony Roland, se dio cuenta de que las excepcionales pel\u00edculas sobre arte estaban en peligro o se hab\u00edan perdido. Se trabajo fue centrarse en la conservaci\u00f3n de dichos t\u00edtulos; tambi\u00e9n trat\u00f3 de dar acceso a pel\u00edculas a las generaciones actuales y futuras para su estudio y disfrute. El proyecto sin \u00e1nimo de lucro\u00a0 ART HOPPING acerca muchas de estas pel\u00edculas a un p\u00fablico internacional, con el fin de disfrutar de las obras cinematogr\u00e1ficas gratuitamente.<\/p>\n<p>Para m\u00e1s informaci\u00f3n sobre la Colecci\u00f3n Roland\u00a0 y las pel\u00edculas disponibles, visite la web: <a href=\"http:\/\/www.rolandcollection.com\/films\" target=\"_blank\">http:\/\/www.rolandcollection.com\/films<\/a><\/p>\n<p> \t\t<!--  Text: [end] --> \t\t\t<\/div>\n<\/p><\/div>\n<div><!-- --><\/div>\n<p> \t\t<!--  Image block: [end] --> \t\t\t   \t<!--  \t\tBEGIN: Content of extension \"hpo_relatedlink\", plugin \"tx_hporelatedlink_pi1\"  \t--> \t<\/p>\n<div> \t\t \t<\/div>\n<p> \t \t<!-- END: Content of extension \"hpo_relatedlink\", plugin \"tx_hporelatedlink_pi1\" -->  \t<\/div>\n<p> \t<!--  CONTENT ELEMENT, uid:10216\/textpic [end] --> \t\t<!--TYPO3SEARCH_end--> <\/div>\n","protected":false},"excerpt":{"rendered":"<p>ART HOPPING: La Colecci\u00f3n Roland proporciona pel\u00edculas de arte a los museos que participan al DIM Del 12 al 31 de mayo, el ICOM se asocia con la Colecci\u00f3n Roland para el proyecto ART HOPPING, que ofrece a los museos ampliar de manera notable su programa de actividades para el DIM permitiendo a los visitantes [&hellip;]<\/p>\n","protected":false},"author":1,"featured_media":0,"parent":134,"menu_order":1,"comment_status":"closed","ping_status":"closed","template":"","meta":{"footnotes":""},"yst_prominent_words":[],"acf":[],"_links":{"self":[{"href":"https:\/\/imd2013.mini.icom.museum\/es\/wp-json\/wp\/v2\/pages\/353"}],"collection":[{"href":"https:\/\/imd2013.mini.icom.museum\/es\/wp-json\/wp\/v2\/pages"}],"about":[{"href":"https:\/\/imd2013.mini.icom.museum\/es\/wp-json\/wp\/v2\/types\/page"}],"author":[{"embeddable":true,"href":"https:\/\/imd2013.mini.icom.museum\/es\/wp-json\/wp\/v2\/users\/1"}],"replies":[{"embeddable":true,"href":"https:\/\/imd2013.mini.icom.museum\/es\/wp-json\/wp\/v2\/comments?post=353"}],"version-history":[{"count":1,"href":"https:\/\/imd2013.mini.icom.museum\/es\/wp-json\/wp\/v2\/pages\/353\/revisions"}],"predecessor-version":[{"id":2617,"href":"https:\/\/imd2013.mini.icom.museum\/es\/wp-json\/wp\/v2\/pages\/353\/revisions\/2617"}],"up":[{"embeddable":true,"href":"https:\/\/imd2013.mini.icom.museum\/es\/wp-json\/wp\/v2\/pages\/134"}],"wp:attachment":[{"href":"https:\/\/imd2013.mini.icom.museum\/es\/wp-json\/wp\/v2\/media?parent=353"}],"wp:term":[{"taxonomy":"yst_prominent_words","embeddable":true,"href":"https:\/\/imd2013.mini.icom.museum\/es\/wp-json\/wp\/v2\/yst_prominent_words?post=353"}],"curies":[{"name":"wp","href":"https:\/\/api.w.org\/{rel}","templated":true}]}}