{"id":1257,"date":"2019-01-08T01:00:12","date_gmt":"2019-01-08T01:00:12","guid":{"rendered":"http:\/\/imd2013.icom.cust.oxymium.net\/espace-pro-presse\/espace-presse\/"},"modified":"2019-01-08T01:04:36","modified_gmt":"2019-01-08T01:04:36","slug":"espace-presse","status":"publish","type":"page","link":"https:\/\/imd2013.mini.icom.museum\/fr\/espace-pro-presse\/espace-presse\/","title":{"rendered":"Espace presse"},"content":{"rendered":"<div id=\"RTE_CONTENT\"> <!--TYPO3SEARCH_begin--> \t<!--  CONTENT ELEMENT, uid:8880\/text [begin] --> \t\t<\/p>\n<div id=\"c8880\"> \t\t<!--  Text: [begin] --> \t\t\t<\/p>\n<ul>\n<li><a href=\"http:\/\/imd2013.mini.icom.museum\/wp-content\/uploads\/sites\/50\/2019\/01\/120917_IMD2013_communique_de_presse_FR.pdf\" title=\"TEXT, 120917 IMD2013 communique de presse FR, 120917_IMD2013_communique_de_presse_FR.pdf, 137 KB\">Lancement de la Journ\u00e9e internationale des mus\u00e9es 2013 &#8211; Communiqu\u00e9 de presse<\/a><\/li>\n<\/ul>\n<p>\u00a0<\/p>\n<p>Si vous souhaitez obtenir des informations sur la Journ\u00e9e internationale des mus\u00e9es et les activit\u00e9s organis\u00e9es dans les diff\u00e9rents pays, vous pouvez contacter le <a href=\"mailto:icom.presse@icom.museum\" title=\"service de presse ICOM\">service de presse de l\u2019ICOM<\/a>. <\/p>\n<p>Afin de mieux conna\u00eetre l\u2019\u00e9v\u00e9nement, n\u2019h\u00e9sitez pas \u00e0 consulter le <a href=\"http:\/\/imd2013.mini.icom.museum\/wp-content\/uploads\/sites\/50\/2019\/01\/IMD2012-review-fr.pdf\" title=\"TEXT, IMD2012-review-fr, IMD2012-review-fr.pdf, 320 KB\">bilan des activit\u00e9s de la JIM 2012 aux quatre coins du monde<\/a>.<\/p>\n<p> \t\t<!--  Text: [end] --> \t\t\t   \t<!--  \t\tBEGIN: Content of extension \"hpo_relatedlink\", plugin \"tx_hporelatedlink_pi1\"  \t--> \t<\/p>\n<div> \t\t \t<\/div>\n<p> \t \t<!-- END: Content of extension \"hpo_relatedlink\", plugin \"tx_hporelatedlink_pi1\" -->  \t<\/div>\n<p> \t<!--  CONTENT ELEMENT, uid:8880\/text [end] --> \t\t<!--TYPO3SEARCH_end--> <\/div>\n","protected":false},"excerpt":{"rendered":"<p>Lancement de la Journ\u00e9e internationale des mus\u00e9es 2013 &#8211; Communiqu\u00e9 de presse \u00a0 Si vous souhaitez obtenir des informations sur la Journ\u00e9e internationale des mus\u00e9es et les activit\u00e9s organis\u00e9es dans les diff\u00e9rents pays, vous pouvez contacter le service de presse de l\u2019ICOM. Afin de mieux conna\u00eetre l\u2019\u00e9v\u00e9nement, n\u2019h\u00e9sitez pas \u00e0 consulter le bilan des activit\u00e9s [&hellip;]<\/p>\n","protected":false},"author":1,"featured_media":0,"parent":136,"menu_order":2,"comment_status":"closed","ping_status":"closed","template":"","meta":{"footnotes":""},"yst_prominent_words":[],"acf":[],"_links":{"self":[{"href":"https:\/\/imd2013.mini.icom.museum\/fr\/wp-json\/wp\/v2\/pages\/1257"}],"collection":[{"href":"https:\/\/imd2013.mini.icom.museum\/fr\/wp-json\/wp\/v2\/pages"}],"about":[{"href":"https:\/\/imd2013.mini.icom.museum\/fr\/wp-json\/wp\/v2\/types\/page"}],"author":[{"embeddable":true,"href":"https:\/\/imd2013.mini.icom.museum\/fr\/wp-json\/wp\/v2\/users\/1"}],"replies":[{"embeddable":true,"href":"https:\/\/imd2013.mini.icom.museum\/fr\/wp-json\/wp\/v2\/comments?post=1257"}],"version-history":[{"count":1,"href":"https:\/\/imd2013.mini.icom.museum\/fr\/wp-json\/wp\/v2\/pages\/1257\/revisions"}],"predecessor-version":[{"id":2577,"href":"https:\/\/imd2013.mini.icom.museum\/fr\/wp-json\/wp\/v2\/pages\/1257\/revisions\/2577"}],"up":[{"embeddable":true,"href":"https:\/\/imd2013.mini.icom.museum\/fr\/wp-json\/wp\/v2\/pages\/136"}],"wp:attachment":[{"href":"https:\/\/imd2013.mini.icom.museum\/fr\/wp-json\/wp\/v2\/media?parent=1257"}],"wp:term":[{"taxonomy":"yst_prominent_words","embeddable":true,"href":"https:\/\/imd2013.mini.icom.museum\/fr\/wp-json\/wp\/v2\/yst_prominent_words?post=1257"}],"curies":[{"name":"wp","href":"https:\/\/api.w.org\/{rel}","templated":true}]}}