{"id":1341,"date":"2019-01-08T01:00:31","date_gmt":"2019-01-08T01:00:31","guid":{"rendered":"http:\/\/imd2013.icom.cust.oxymium.net\/la-jim-2013\/programme-detaille\/afrique\/"},"modified":"2019-01-08T01:04:35","modified_gmt":"2019-01-08T01:04:35","slug":"afrique","status":"publish","type":"page","link":"https:\/\/imd2013.mini.icom.museum\/fr\/la-jim-2013\/programme-detaille\/afrique\/","title":{"rendered":"Afrique"},"content":{"rendered":"<div id=\"RTE_CONTENT\"> <!--TYPO3SEARCH_begin--> \t<!--  CONTENT ELEMENT, uid:10740\/text [begin] --> \t\t<\/p>\n<div id=\"c10740\"> \t\t<!--  Text: [begin] --> \t\t\t<\/p>\n<p><b>Botswana<\/b> <\/p>\n<p><b><br \/><\/b> <\/p>\n<p><b>Mus\u00e9e national, Gaborone<\/b> <\/p>\n<p>\u00a0<\/p>\n<p><i>Pour voir le programme, rendez-vous sur la version anglaise de cette page. <\/i> <\/p>\n<p>T\u00e9l. : 361 0400  <\/p>\n<p>\u00a0<\/p>\n<hr>\n<p> <!--  Text: [end] --><!--  \t\tBEGIN: Content of extension \"hpo_relatedlink\", plugin \"tx_hporelatedlink_pi1\"  \t--><\/p>\n<div> \t\t \t<\/div>\n<p> \t \t<!-- END: Content of extension \"hpo_relatedlink\", plugin \"tx_hporelatedlink_pi1\" -->  \t<\/div>\n<p> \t<!--  CONTENT ELEMENT, uid:10740\/text [end] --> \t\t \t<!--  CONTENT ELEMENT, uid:9905\/textpic [begin] --> \t\t<\/p>\n<div id=\"c9905\"> \t\t<!--  Image block: [begin] --> \t\t\t<\/p>\n<div>\n<div>\n<div>\n<ul>\n<li><img decoding=\"async\" src=\"http:\/\/imd2013.mini.icom.museum\/wp-content\/uploads\/sites\/50\/2019\/01\/burkina1_02.jpg\" alt=\"\"><\/li>\n<\/ul>\n<\/div>\n<div>\n<ul>\n<li><img decoding=\"async\" src=\"http:\/\/imd2013.mini.icom.museum\/wp-content\/uploads\/sites\/50\/2019\/01\/burkina2_02.jpg\" alt=\"\"><\/li>\n<\/ul>\n<\/div><\/div>\n<div> \t\t<!--  Text: [begin] --> \t\t\t<\/p>\n<p><b>Burkina Faso<\/b> <\/p>\n<p>\u00a0<\/p>\n<p><b>Ville de Diapaga<\/b> <\/p>\n<p>\u00a0<\/p>\n<p>Au Burkina Faso, la ville de Diapaga, province de la Tapoa, situ\u00e9e \u00e0 plus de 400km, \u00e0 l&#8217;est de la capitale a \u00e9t\u00e9 retenue cette ann\u00e9e pour abriter la Journ\u00e9e Internationale des Mus\u00e9es.<br \/>La JIM se d\u00e9roulera <b>du 16 au 19 mai 2013<\/b> \u00e0 Diapaga.<\/p>\n<p>Pour cette ann\u00e9e, le programme provisoire est le suivant :<br \/>16 mai : D\u00e9part de Ouagadougou, matin\u00e9e cin\u00e9matographique \u00e0 Diapaga<br \/>17 mai: Ouverture des travaux (\u00e9changes)<br \/>18 mai: Excursion touristique , Match de football, et Bal (soir\u00e9e dansante)<br \/>19 mai: Retour \u00e0 Ouagadougou <\/p>\n<p>\u00a0<\/p>\n<p><b>Contact:<\/b><br \/>Alassane WAONGO, Pr\u00e9sident d&#8217;ICOM Burkina Faso<br \/><a href=\"mailto:walassane@yahoo.fr\">walassane@yahoo.fr<\/a> <\/p>\n<p>\u00a0<\/p>\n<hr>\n<p> <!--  Text: [end] --> <\/div>\n<\/p><\/div>\n<div><!-- --><\/div>\n<p> \t\t<!--  Image block: [end] --> \t\t\t   \t<!--  \t\tBEGIN: Content of extension \"hpo_relatedlink\", plugin \"tx_hporelatedlink_pi1\"  \t--> \t<\/p>\n<div> \t\t \t<\/div>\n<p> \t \t<!-- END: Content of extension \"hpo_relatedlink\", plugin \"tx_hporelatedlink_pi1\" -->  \t<\/div>\n<p> \t<!--  CONTENT ELEMENT, uid:9905\/textpic [end] --> \t\t \t<!--  CONTENT ELEMENT, uid:10221\/textpic [begin] --> \t\t<\/p>\n<div id=\"c10221\"> \t\t<!--  Image block: [begin] --> \t\t\t<\/p>\n<div>\n<div><img decoding=\"async\" src=\"http:\/\/imd2013.mini.icom.museum\/wp-content\/uploads\/sites\/50\/2019\/01\/Cameroun1_02.JPG\" alt=\"\"><\/div>\n<div> \t\t<!--  Text: [begin] --> \t\t\t<\/p>\n<p><b>Cameroun<\/b> <\/p>\n<p><b>Mus\u00e9e des Civilisations,\u00a0Dschang<\/b> <\/p>\n<p>Conf\u00e9rence, publication, exposition, ateliers jeune public, jeux-concours, spectacle <\/p>\n<p>Le Mus\u00e9e des Civilisations se propose cette ann\u00e9e de r\u00e9fl\u00e9chir sur le th\u00e8me : Le mus\u00e9e: \u00abconservateur \u00bb d\u2019histoire et facilitateur du dialogue interculturel et interg\u00e9n\u00e9rationnel, d\u00e9clin\u00e9 du th\u00e8me g\u00e9n\u00e9ral propos\u00e9 par l\u2019ICOM pour la JIM 2013.<\/p>\n<p><b>Activit\u00e9 1 : Conf\u00e9rences \u2013 Date : 13 mai 2013 <br \/><\/b>Mus\u00e9e des Civilisations &#8211;\u00a0gratuit <\/p>\n<p>Ce th\u00e8me est un pr\u00e9texte, en cette ann\u00e9e de c\u00e9l\u00e9bration de la R\u00e9unification du Cameroun et de la cl\u00f4ture des activit\u00e9s c\u00e9l\u00e9brant son Cinquantenaire pour promouvoir et consolider le dialogue interculturel et interg\u00e9n\u00e9rationnel. A cet effet, les orientations th\u00e9matiques non exhaustives suivantes seront abord\u00e9es : <\/p>\n<p>&#8211; \u00a0 \u00a0 mus\u00e9e et histoire, <\/p>\n<p>&#8211; \u00a0 \u00a0 mus\u00e9e et dialogue interculturel, <\/p>\n<p>&#8211; \u00a0 \u00a0 mus\u00e9e et renforcement des liens interg\u00e9n\u00e9rationnels, <\/p>\n<p>&#8211; \u00a0 \u00a0 patrimoine et cr\u00e9ativit\u00e9, <\/p>\n<p>Un appel \u00e0 communication sera lanc\u00e9 \u00e0 cet effet au sein des institutions. Les communications retenues feront l\u2019objet d\u2019une programmation autour des conf\u00e9rences et tables rondes. <\/p>\n<p><b><br \/>Activit\u00e9 2 : Publication \u2013 Septembre\/Octobre 2013\u00a0<\/b> <\/p>\n<p>Le premier num\u00e9ro des \u00ab Cahiers de la JIM au Mus\u00e9e des Civilisations\u00bb r\u00e9unissant les communications de la JIM-2011, JIM-2012 et JIM-2013 sera \u00e9dit\u00e9 et publi\u00e9 en marge des activit\u00e9s.\u00a0 <\/p>\n<p><b><br \/>Activit\u00e9 3 : Exposition temporaire \u2013 Du 1er Novembre au 31 D\u00e9cembre 2013\u00a0<\/b> <\/p>\n<p>L\u2019aspect cr\u00e9atif sera mat\u00e9rialis\u00e9 par une \u00ab exposition temporaire \u00bb autour de deux artistes contemporains, laur\u00e9ats du \u00ab concours d\u2019art \u00bb de la JIM-2012. <\/p>\n<p><b><br \/>Activit\u00e9 4 : Ateliers pratiques \u2013 Du 13 au 20 Mai 2013 <br \/><\/b>5 Etablissements secondaires, disposant des clubs mus\u00e9e <\/p>\n<p>Les ateliers pratiques et tables rondes anim\u00e9s au sein des \u00e9tablissements scolaires par les clubs mus\u00e9es. A cet effet, une exposition itin\u00e9rante de photos, prises dans la base de donn\u00e9es du Mus\u00e9e des Civilisations (MDC), illustrant la relation entre le MDC et la communaut\u00e9 \u00e9ducative fera le tour des \u00e9tablissements scolaires et permettra aux \u00ab m\u00e9diateurs-juniors \u00bb que sont les membres des clubs mus\u00e9e, d\u2019\u00e9changer avec leurs camarades et revitaliser ainsi la visibilit\u00e9 de leurs clubs au sein de leurs \u00e9tablissements respectifs. <\/p>\n<p><b><br \/>Activit\u00e9 5 : Spectacle \u2013 Date : 20 novembre 2013 ; Heure : 15H \u2013 21H<br \/><\/b>A l\u2019esplanade du Mus\u00e9e des Civilisations &#8211; Gratuit <\/p>\n<p>Le mus\u00e9e se veut \u00eatre une \u00ab autre \u00e9cole \u00bb ouverte \u00e0 tous sans aucune distinction d\u2019\u00e2ge, de classes sociales\u2026 Le volet r\u00e9cr\u00e9atif permettra au mus\u00e9e de f\u00e9d\u00e9rer tous ses publics autour d\u2019un concert g\u00e9ant de musique programm\u00e9e \u00e0 la faveur de l\u2019anniversaire du MDC (20 novembre 2013) sous le concept de \u00ab Remember JIM-2013 around de MDC anniversary \u00bb. Cette activit\u00e9 grand public se d\u00e9clinera en trois principaux temps forts : <\/p>\n<p>&#8211; \u00a0 \u00a0 Animations diverses sur le site du mus\u00e9e (jeux-concours),<br \/>&#8211; \u00a0 \u00a0 Chants et danses patrimoniales avec les associations estudiantines associ\u00e9es au mus\u00e9e, concert de musique avec un ou deux artistes invit\u00e9s. \u00a0\u00a0 <\/p>\n<p>Gratuit\u00e9 pour toutes les activit\u00e9s<\/p>\n<p>\u00a0<br \/>Mus\u00e9e des civilisations<br \/>Adresse:\u00a0Sis au bord du lac municipal de Dschang, BP 99 Dschang,\u00a0Cameroun<br \/>T\u00e9l.: +237 33 45 18 53 \/ +237 99 07 48 34 \/ +237 98 61 73\u00a090<br \/><a href=\"mailto:contact@routedeschefferies.com\">contact@routedeschefferies.com<\/a><br \/><a href=\"http:\/\/www.routedeschefferies.com\" title=\"Ouvre un lien externe dans une nouvelle fen\u00eatre\" target=\"_blank\">www.routedeschefferies.com<\/a> <\/p>\n<p>\u00a0<\/p>\n<hr>\n<p> <!--  Text: [end] --> <\/div>\n<\/p><\/div>\n<div><!-- --><\/div>\n<p> \t\t<!--  Image block: [end] --> \t\t\t   \t<!--  \t\tBEGIN: Content of extension \"hpo_relatedlink\", plugin \"tx_hporelatedlink_pi1\"  \t--> \t<\/p>\n<div> \t\t \t<\/div>\n<p> \t \t<!-- END: Content of extension \"hpo_relatedlink\", plugin \"tx_hporelatedlink_pi1\" -->  \t<\/div>\n<p> \t<!--  CONTENT ELEMENT, uid:10221\/textpic [end] --> \t\t \t<!--  CONTENT ELEMENT, uid:10737\/textpic [begin] --> \t\t<\/p>\n<div id=\"c10737\"> \t\t<!--  Image block: [begin] --> \t\t\t<\/p>\n<div> \t\t<!--  Text: [begin] --> \t\t\t<\/p>\n<p><b>Egypte<\/b><\/p>\n<div>\n<p><b><br \/><img decoding=\"async\" clickenlarge=\"1\" src=\"http:\/\/imd2013.mini.icom.museum\/wp-content\/uploads\/sites\/50\/2019\/01\/RTEmagicC_Egypt_International-Museum-Day_children-museum_txdam7580_5f3ffc.jpg.jpg\" alt=\"\">Children Centre for Civilization and Creativity, Cairo Children Museum, Le\u00a0Caire<\/p>\n<p><\/b> <\/p>\n<p><i>Pour voir le programme, rendez vous sur la version anglaise de cette page.<\/p>\n<p><\/i><\/p>\n<\/p><\/div>\n<div>\n<p>Child Museum<br \/>34 \u00a0Abo Bakr \u00a0EL \u00a0Seddik \u00a0St.,\u00a0Heliopolis<br \/>Le Caire, Egypte<br \/>T\u00e9l : \u00a026399915\u00a0\u2013 26424246 \u00a0 \u00a0<br \/>Fax: 26326126 <\/p>\n<p><a href=\"http:\/\/www.childmuseum.net\" title=\"Opens external link in new window\" target=\"_blank\">http:\/\/www.childmuseum.net<\/a><\/p>\n<p>\u00a0<\/p>\n<p>\u00a0<\/p>\n<hr>\n<p>\u00a0<\/p>\n<\/p><\/div>\n<p> \t\t<!--  Text: [end] --> \t\t\t<\/div>\n<p> \t\t<!--  Image block: [end] --> \t\t\t   \t<!--  \t\tBEGIN: Content of extension \"hpo_relatedlink\", plugin \"tx_hporelatedlink_pi1\"  \t--> \t<\/p>\n<div> \t\t \t<\/div>\n<p> \t \t<!-- END: Content of extension \"hpo_relatedlink\", plugin \"tx_hporelatedlink_pi1\" -->  \t<\/div>\n<p> \t<!--  CONTENT ELEMENT, uid:10737\/textpic [end] --> \t\t \t<!--  CONTENT ELEMENT, uid:11229\/textpic [begin] --> \t\t<\/p>\n<div id=\"c11229\"> \t\t<!--  Image block: [begin] --> \t\t\t<\/p>\n<div>\n<div><img decoding=\"async\" src=\"http:\/\/imd2013.mini.icom.museum\/wp-content\/uploads\/sites\/50\/2019\/01\/Affiche-JIM-VADR2_01.jpg\" alt=\"\"><\/div>\n<div> \t\t<!--  Text: [begin] --> \t\t\t<\/p>\n<p>Maroc<\/p>\n<p>\u00a0<\/p>\n<p>Villa des Arts de Rabat<\/p>\n<p>Vendredi 17 mai 2013, 17.00 <\/p>\n<p>Lancement du r\u00e9seau des professionnels des mus\u00e9es du Grand Magreb <\/p>\n<p>\u00a0<\/p>\n<p>\u00a0<\/p>\n<p>\u00a0<\/p>\n<p>\u00a0<\/p>\n<p>\u00a0<\/p>\n<p>\u00a0<\/p>\n<hr>\n<p>\u00a0<\/p>\n<p> \t\t<!--  Text: [end] --> \t\t\t<\/div>\n<\/p><\/div>\n<div><!-- --><\/div>\n<p> \t\t<!--  Image block: [end] --> \t\t\t   \t<!--  \t\tBEGIN: Content of extension \"hpo_relatedlink\", plugin \"tx_hporelatedlink_pi1\"  \t--> \t<\/p>\n<div> \t\t \t<\/div>\n<p> \t \t<!-- END: Content of extension \"hpo_relatedlink\", plugin \"tx_hporelatedlink_pi1\" -->  \t<\/div>\n<p> \t<!--  CONTENT ELEMENT, uid:11229\/textpic [end] --> \t\t \t<!--  CONTENT ELEMENT, uid:10977\/text [begin] --> \t\t<\/p>\n<div id=\"c10977\"> \t\t<!--  Text: [begin] --> \t\t\t<\/p>\n<div>\n<p><b>Maroc<\/b><\/p>\n<\/div>\n<div>\n<p><b><br \/><\/b><\/p>\n<\/div>\n<div>\n<p><b>Mus\u00e9e d\u2019Arch\u00e9ologie, Ville de Rabat<\/b><\/p>\n<\/div>\n<div><\/div>\n<div>\n<p>\u00a0\u00a0<\/p>\n<\/div>\n<div>\n<p><i>Semaine du Mus\u00e9e du 02 au 10 Mai 2013<\/i><\/p>\n<\/div>\n<div><\/div>\n<div>\n<p>Sous l\u2019\u00e9gide de la Direction du Patrimoine et de la Direction r\u00e9gionale de la Culture de Rabat-Sal\u00e9-Zemmour-Zair et en partenariat avec la Ville de Rabat et diff\u00e9rents \u00e9tablissements universitaires et \u00e9ducatifs, ainsi que des organismes scientifiques et ceux de la soci\u00e9t\u00e9 civile ; le mus\u00e9e d\u2019Arch\u00e9ologie de Rabat c\u00e9l\u00e8bre en compagnie de la grande famille du r\u00e9seau mondial ICOM, la Journ\u00e9e Internationale des Mus\u00e9es JIM.<\/p>\n<\/div>\n<div><\/div>\n<div>\n<p>L\u2019\u00e9dition de cette ann\u00e9e qui s\u2019\u00e9talera du 02 au 10 Mai, aura un go\u00fbt sp\u00e9cial : Des \u00e9v\u00e9nements sous le signe de la repr\u00e9sentation artistique cr\u00e9ative de la m\u00e9moire, dans le but d\u2019atteindre une forme de progr\u00e8s social.\u00a0<\/p>\n<\/div>\n<div><\/div>\n<div><\/div>\n<div>\n<p>Le programme de la semaine du Mus\u00e9e 2013 comprend:<\/p>\n<\/div>\n<div><\/div>\n<div>\n<ul>\n<li>Exposition temporaire de l\u2019artiste Said Bouftass intitul\u00e9e : \u00ab Corps et Espaces \u00bb<\/li>\n<li>M\u00e9diation culturelle autour du travail de l\u2019artiste par \u00a0des professionnels de m\u00e9diation ISADAC<\/li>\n<li>Interpr\u00e9tation th\u00e9\u00e2trale autour de l\u2019exposition permanente \u00a0par les \u00e9tudiants de l\u2019ISADAC.<\/li>\n<li>Chant po\u00e9tique sur Th\u00e9s\u00e9e perform\u00e9 par Mlle Halima Arrassi, ISADA<\/li>\n<li>Table ronde \u00ab Mus\u00e9e et Partenariat \u00bb.<\/li>\n<li>Portes ouvertes sensibilisations pour le secteur social tout au long de la JIM 2013 (visites m\u00e9diatis\u00e9es, ateliers, projections et autres activit\u00e9s pour enfants et publics \u00e9loign\u00e9s)<\/li>\n<li>Pr\u00e9sentation de la biblioth\u00e8que num\u00e9rique des collections du mus\u00e9e<\/li>\n<li>Exposition des travaux des \u00e9tudiants de l\u2019ENA dans la galerie Cheb\u00e2a. Ce travail sera le fruit du cours \u00a0donn\u00e9 par M. Bouftass chaque mardi durant le mois d\u2019Avril dans les locaux du mus\u00e9e.<\/li>\n<\/ul>\n<\/div>\n<div>\n<p>\u00a0<\/p>\n<p>23 Rue Brihi, ville de\u00a0Rabat, Maroc<\/p>\n<\/p><\/div>\n<div>\n<p>Tel.: 05 37 70 \u00a019 19<\/p>\n<\/div>\n<div><\/div>\n<div>\n<p>Contact:\u00a0Khadija BOURCHOUK, <a href=\"mailto:Nasra.68@gmail.com\" title=\"Ouvre une fen\u00eatre pour la r\u00e9daction d'un mail\">Nasra.68@gmail.com<\/a>\u00a0 \u00a0<\/p>\n<\/div>\n<div><\/div>\n<div>\n<p>R\u00e9da Ajar\u00e2am, Commissaire de l\u2019\u00e9v\u00e9nement,\u00a0<a href=\"mailto:Reda.aj@hotmail.com\" title=\"Ouvre une fen\u00eatre pour la r\u00e9daction d'un mail\">Reda.aj@hotmail.com<\/a><\/p>\n<\/div>\n<div><\/div>\n<div><\/div>\n<div>\n<hr>\n<\/div>\n<div><\/div>\n<div><\/div>\n<p> \t\t<!--  Text: [end] --> \t\t\t   \t<!--  \t\tBEGIN: Content of extension \"hpo_relatedlink\", plugin \"tx_hporelatedlink_pi1\"  \t--> \t<\/p>\n<div> \t\t \t<\/div>\n<p> \t \t<!-- END: Content of extension \"hpo_relatedlink\", plugin \"tx_hporelatedlink_pi1\" -->  \t<\/div>\n<p> \t<!--  CONTENT ELEMENT, uid:10977\/text [end] --> \t\t \t<!--  CONTENT ELEMENT, uid:10616\/text [begin] --> \t\t<\/p>\n<div id=\"c10616\"> \t\t<!--  Text: [begin] --> \t\t\t<\/p>\n<p><b>Nig\u00e9ria<\/b> <\/p>\n<p><b><br \/><\/b> <\/p>\n<p><b>Mus\u00e9e National de Lagos, Onikan Lagos<\/b> <\/p>\n<p>\u00a0<\/p>\n<p><img decoding=\"async\" clickenlarge=\"1\" src=\"http:\/\/imd2013.mini.icom.museum\/wp-content\/uploads\/sites\/50\/2019\/01\/RTEmagicC_Nigeria-Lagos_museum_-_Copie_03.jpg.jpg\" alt=\"\"><i>Pour voir le programme, rendez-vous sur la version anglaise de cette page. <\/i><\/p>\n<p>Adresse : 2 J K Randle Street, Onikan Lagos <br \/>T\u00e9l. : 08033112623<br \/>Email : <a href=\"mailto:lagosmuseum@yahoo.com\">lagosmuseum@yahoo.com<\/a> ou <a href=\"mailto:museumlagos@yahoo.com\">museumlagos@yahoo.com<br \/><\/a><br \/><a href=\"http:\/\/www.nigerianmuseums.org\/\" target=\"_blank\">www.nigerianmuseums.org<\/a> <\/p>\n<p>\u00a0<\/p>\n<hr>\n<p> <!--  Text: [end] --><!--  \t\tBEGIN: Content of extension \"hpo_relatedlink\", plugin \"tx_hporelatedlink_pi1\"  \t--><\/p>\n<div> \t\t \t<\/div>\n<p> \t \t<!-- END: Content of extension \"hpo_relatedlink\", plugin \"tx_hporelatedlink_pi1\" -->  \t<\/div>\n<p> \t<!--  CONTENT ELEMENT, uid:10616\/text [end] --> \t\t \t<!--  CONTENT ELEMENT, uid:10517\/text [begin] --> \t\t<\/p>\n<div id=\"c10517\"> \t\t<!--  Text: [begin] --> \t\t\t<\/p>\n<p><b>Afrique du Sud<\/p>\n<p><\/b> <\/p>\n<p><b><\/b> <\/p>\n<p><b>Carnegie Art Gallery, Newcastle<\/p>\n<p><\/b><b><\/b><i>Pour voir le programme, rendez vous<\/i><i>\u00a0sur la version anglaise de cette page.<\/i> <\/p>\n<p>\u00a0<\/p>\n<p>Carnegie Art Gallery<br \/>P\/Bag X6621, 2940<br \/>Newcastle, Afrique du Sud<br \/>Fax: +27 (034) 312 1570<br \/>T\u00e9l.: +27 (034) 328 7622.  <\/p>\n<p>E-mail: <a href=\"mailto:gallery@newcastle.gov.za\">gallery@newcastle.gov.za<\/a><\/p>\n<p><a href=\"http:\/\/www.carnegie-art.co.za\" target=\"_blank\">http:\/\/www.carnegie-art.co.za<\/p>\n<p><\/a> <\/p>\n<hr>\n<p> <!--  Text: [end] --><!--  \t\tBEGIN: Content of extension \"hpo_relatedlink\", plugin \"tx_hporelatedlink_pi1\"  \t--><\/p>\n<div> \t\t \t<\/div>\n<p> \t \t<!-- END: Content of extension \"hpo_relatedlink\", plugin \"tx_hporelatedlink_pi1\" -->  \t<\/div>\n<p> \t<!--  CONTENT ELEMENT, uid:10517\/text [end] --> \t\t \t<!--  CONTENT ELEMENT, uid:10574\/textpic [begin] --> \t\t<\/p>\n<div id=\"c10574\"> \t\t<!--  Image block: [begin] --> \t\t\t<\/p>\n<div> \t\t<!--  Text: [begin] --> \t\t\t<\/p>\n<p><b>Afrique du Sud<\/b> <\/p>\n<p>\u00a0<\/p>\n<p><b>Diamond Museum, Cape Town<\/b> <\/p>\n<p><i>\u00a0<\/p>\n<p>Pour voir le programme, rendez vous sur la version anglaise de cette page. <\/i> <\/p>\n<p>\u00a0<\/p>\n<p>Diamond Museum<br \/>1er \u00e9tage &#8211;\u00a0The Clock Tower<br \/>Waterfront, Cape Town, 8001, Afrique du Sud<br \/>T\u00e9l.: +27 (0)21 421 2488<br \/><a href=\"mailto:info@capetowndiamondmuseum.org\">info@capetowndiamondmuseum.org<\/a><br \/><a href=\"http:\/\/www.capetowndiamondmuseum.org\" title=\"Opens external link in new window\" target=\"_blank\">http:\/\/www.capetowndiamondmuseum.org<\/a> <\/p>\n<p>\u00a0<\/p>\n<hr>\n<p> <!--  Text: [end] --> <\/div>\n<p> \t\t<!--  Image block: [end] --> \t\t\t   \t<!--  \t\tBEGIN: Content of extension \"hpo_relatedlink\", plugin \"tx_hporelatedlink_pi1\"  \t--> \t<\/p>\n<div> \t\t \t<\/div>\n<p> \t \t<!-- END: Content of extension \"hpo_relatedlink\", plugin \"tx_hporelatedlink_pi1\" -->  \t<\/div>\n<p> \t<!--  CONTENT ELEMENT, uid:10574\/textpic [end] --> \t\t<!--TYPO3SEARCH_end--> <\/div>\n","protected":false},"excerpt":{"rendered":"<p>Botswana Mus\u00e9e national, Gaborone \u00a0 Pour voir le programme, rendez-vous sur la version anglaise de cette page. T\u00e9l. : 361 0400 \u00a0 Burkina Faso \u00a0 Ville de Diapaga \u00a0 Au Burkina Faso, la ville de Diapaga, province de la Tapoa, situ\u00e9e \u00e0 plus de 400km, \u00e0 l&#8217;est de la capitale a \u00e9t\u00e9 retenue cette ann\u00e9e [&hellip;]<\/p>\n","protected":false},"author":1,"featured_media":0,"parent":157,"menu_order":0,"comment_status":"closed","ping_status":"closed","template":"","meta":{"footnotes":""},"yst_prominent_words":[],"acf":[],"_links":{"self":[{"href":"https:\/\/imd2013.mini.icom.museum\/fr\/wp-json\/wp\/v2\/pages\/1341"}],"collection":[{"href":"https:\/\/imd2013.mini.icom.museum\/fr\/wp-json\/wp\/v2\/pages"}],"about":[{"href":"https:\/\/imd2013.mini.icom.museum\/fr\/wp-json\/wp\/v2\/types\/page"}],"author":[{"embeddable":true,"href":"https:\/\/imd2013.mini.icom.museum\/fr\/wp-json\/wp\/v2\/users\/1"}],"replies":[{"embeddable":true,"href":"https:\/\/imd2013.mini.icom.museum\/fr\/wp-json\/wp\/v2\/comments?post=1341"}],"version-history":[{"count":1,"href":"https:\/\/imd2013.mini.icom.museum\/fr\/wp-json\/wp\/v2\/pages\/1341\/revisions"}],"predecessor-version":[{"id":2574,"href":"https:\/\/imd2013.mini.icom.museum\/fr\/wp-json\/wp\/v2\/pages\/1341\/revisions\/2574"}],"up":[{"embeddable":true,"href":"https:\/\/imd2013.mini.icom.museum\/fr\/wp-json\/wp\/v2\/pages\/157"}],"wp:attachment":[{"href":"https:\/\/imd2013.mini.icom.museum\/fr\/wp-json\/wp\/v2\/media?parent=1341"}],"wp:term":[{"taxonomy":"yst_prominent_words","embeddable":true,"href":"https:\/\/imd2013.mini.icom.museum\/fr\/wp-json\/wp\/v2\/yst_prominent_words?post=1341"}],"curies":[{"name":"wp","href":"https:\/\/api.w.org\/{rel}","templated":true}]}}