{"id":142,"date":"2019-01-08T00:49:06","date_gmt":"2019-01-08T00:49:06","guid":{"rendered":"http:\/\/imd2013.icom.cust.oxymium.net\/la-jim-2013\/la-jim-en-bref\/"},"modified":"2019-01-08T01:04:38","modified_gmt":"2019-01-08T01:04:38","slug":"la-jim-en-bref","status":"publish","type":"page","link":"https:\/\/imd2013.mini.icom.museum\/fr\/la-jim-2013\/la-jim-en-bref\/","title":{"rendered":"La JIM en bref"},"content":{"rendered":"<div id=\"RTE_CONTENT\"> <!--TYPO3SEARCH_begin--> \t<!--  CONTENT ELEMENT, uid:8848\/text [begin] --> \t\t<\/p>\n<div id=\"c8848\"> \t\t<!--  Text: [begin] --> \t\t\t<\/p>\n<p>Le Conseil international des mus\u00e9es (ICOM) a cr\u00e9\u00e9 la Journ\u00e9e internationale des mus\u00e9es en 1977 afin de sensibiliser le grand public au r\u00f4le des mus\u00e9es dans le d\u00e9veloppement de la soci\u00e9t\u00e9.<\/p>\n<p>De l\u2019Am\u00e9rique \u00e0 l\u2019Oc\u00e9anie en passant par l\u2019Europe, l\u2019Asie et l\u2019Afrique, la Journ\u00e9e internationale des mus\u00e9es est un moment unique pour la communaut\u00e9 des mus\u00e9es. Ce jour-l\u00e0, les mus\u00e9es participants mettent en avant une probl\u00e9matique qui concerne l&#8217;ensemble des institutions culturelles. La Journ\u00e9e internationale des mus\u00e9es repr\u00e9sente \u00e9galement une formidable occasion pour les professionnels des mus\u00e9es d\u2019aller \u00e0 la rencontre de leur public. Au c\u0153ur de la soci\u00e9t\u00e9, les mus\u00e9es sont des institutions au service de son d\u00e9veloppement. <\/p>\n<p>Traditionnellement, la Journ\u00e9e internationale des mus\u00e9es s\u2019organise autour du 18 mai. Elle peut durer une journ\u00e9e, un week-end ou une semaine, l\u2019objectif \u00e9tant de se r\u00e9unir au mus\u00e9e autour de la devise \u00ab Le mus\u00e9e, moyen important d&#8217;\u00e9changes culturels, d&#8217;enrichissement des cultures, du d\u00e9veloppement de la compr\u00e9hension mutuelle, de la coop\u00e9ration et de la paix entre les peuples \u00bb. <\/p>\n<p>La JIM f\u00e9d\u00e8re de plus en plus de mus\u00e9es \u00e0 travers le monde. En 2012, 32 000 mus\u00e9es ont particip\u00e9 \u00e0 l\u2019\u00e9v\u00e9nement dans 129 pays, sur les cinq continents.<\/p>\n<p> \t\t<!--  Text: [end] --> \t\t\t   \t<!--  \t\tBEGIN: Content of extension \"hpo_relatedlink\", plugin \"tx_hporelatedlink_pi1\"  \t--> \t<\/p>\n<div> \t\t \t<\/div>\n<p> \t \t<!-- END: Content of extension \"hpo_relatedlink\", plugin \"tx_hporelatedlink_pi1\" -->  \t<\/div>\n<p> \t<!--  CONTENT ELEMENT, uid:8848\/text [end] --> \t\t<!--TYPO3SEARCH_end--> <\/div>\n","protected":false},"excerpt":{"rendered":"<p>Le Conseil international des mus\u00e9es (ICOM) a cr\u00e9\u00e9 la Journ\u00e9e internationale des mus\u00e9es en 1977 afin de sensibiliser le grand public au r\u00f4le des mus\u00e9es dans le d\u00e9veloppement de la soci\u00e9t\u00e9. De l\u2019Am\u00e9rique \u00e0 l\u2019Oc\u00e9anie en passant par l\u2019Europe, l\u2019Asie et l\u2019Afrique, la Journ\u00e9e internationale des mus\u00e9es est un moment unique pour la communaut\u00e9 des [&hellip;]<\/p>\n","protected":false},"author":1,"featured_media":0,"parent":125,"menu_order":0,"comment_status":"closed","ping_status":"closed","template":"","meta":{"footnotes":""},"yst_prominent_words":[],"acf":[],"_links":{"self":[{"href":"https:\/\/imd2013.mini.icom.museum\/fr\/wp-json\/wp\/v2\/pages\/142"}],"collection":[{"href":"https:\/\/imd2013.mini.icom.museum\/fr\/wp-json\/wp\/v2\/pages"}],"about":[{"href":"https:\/\/imd2013.mini.icom.museum\/fr\/wp-json\/wp\/v2\/types\/page"}],"author":[{"embeddable":true,"href":"https:\/\/imd2013.mini.icom.museum\/fr\/wp-json\/wp\/v2\/users\/1"}],"replies":[{"embeddable":true,"href":"https:\/\/imd2013.mini.icom.museum\/fr\/wp-json\/wp\/v2\/comments?post=142"}],"version-history":[{"count":1,"href":"https:\/\/imd2013.mini.icom.museum\/fr\/wp-json\/wp\/v2\/pages\/142\/revisions"}],"predecessor-version":[{"id":2589,"href":"https:\/\/imd2013.mini.icom.museum\/fr\/wp-json\/wp\/v2\/pages\/142\/revisions\/2589"}],"up":[{"embeddable":true,"href":"https:\/\/imd2013.mini.icom.museum\/fr\/wp-json\/wp\/v2\/pages\/125"}],"wp:attachment":[{"href":"https:\/\/imd2013.mini.icom.museum\/fr\/wp-json\/wp\/v2\/media?parent=142"}],"wp:term":[{"taxonomy":"yst_prominent_words","embeddable":true,"href":"https:\/\/imd2013.mini.icom.museum\/fr\/wp-json\/wp\/v2\/yst_prominent_words?post=142"}],"curies":[{"name":"wp","href":"https:\/\/api.w.org\/{rel}","templated":true}]}}