{"id":154,"date":"2019-01-08T00:49:11","date_gmt":"2019-01-08T00:49:11","guid":{"rendered":"http:\/\/imd2013.icom.cust.oxymium.net\/la-jim-2013\/le-theme-2013\/"},"modified":"2019-01-08T01:04:38","modified_gmt":"2019-01-08T01:04:38","slug":"le-theme-2013","status":"publish","type":"page","link":"https:\/\/imd2013.mini.icom.museum\/fr\/la-jim-2013\/le-theme-2013\/","title":{"rendered":"Le th\u00e8me 2013"},"content":{"rendered":"<div id=\"RTE_CONTENT\"> <!--TYPO3SEARCH_begin--> \t<!--  CONTENT ELEMENT, uid:8869\/textpic [begin] --> \t\t<\/p>\n<div id=\"c8869\"> \t\t<!--  Image block: [begin] --> \t\t\t<\/p>\n<div>\n<div><a href=\"http:\/\/imd2013.icom.cust.oxymium.net\/fr\/espace-pro-presse\/laffiche-et-les-autres-supports-de-communication\/\"><img decoding=\"async\" src=\"http:\/\/imd2013.mini.icom.museum\/wp-content\/uploads\/sites\/50\/2019\/01\/imd2013_tri_big_02.jpg\" alt=\"\"><\/a><\/div>\n<div> \t\t<!--  Text: [begin] --> \t\t\t<\/p>\n<p>Le th\u00e8me de la JIM est choisi par le Comit\u00e9 consultatif de l\u2019ICOM afin de valoriser les enjeux des mus\u00e9es au sein de la soci\u00e9t\u00e9. <\/p>\n<p>En 2013, la communaut\u00e9 mus\u00e9ale a choisi d\u2019organiser la Journ\u00e9e internationale des mus\u00e9es autour du th\u00e8me : <\/p>\n<p><i><b>Mus\u00e9es (m\u00e9moire + cr\u00e9ativit\u00e9) = progr\u00e8s social<\/b><\/i> <\/p>\n<p>La richesse de notre h\u00e9ritage patrimonial, dont les mus\u00e9es sont les d\u00e9positaires et les metteurs en sc\u00e8ne, associ\u00e9e \u00e0 l\u2019inventivit\u00e9 et la vitalit\u00e9 avec lesquelles le secteur mus\u00e9al s\u2019est anim\u00e9 ces derni\u00e8res ann\u00e9es, fait aujourd\u2019hui la force\u00a0 des institutions mus\u00e9ales. Concilier leur mission traditionnelle de conservation de la m\u00e9moire avec la cr\u00e9ativit\u00e9 n\u00e9cessaire \u00e0 leur renouveau et au d\u00e9veloppement de leurs publics : voil\u00e0 l\u2019\u00e9volution que les mus\u00e9es s\u2019efforcent de mener, avec la ferme conviction que leur pr\u00e9sence et leurs actions peuvent transformer la soci\u00e9t\u00e9 de mani\u00e8re constructive. <\/p>\n<p>R\u00e9solument optimiste, ce th\u00e8me sous forme d\u2019\u00e9quation r\u00e9unit de mani\u00e8re dynamique diff\u00e9rents concepts essentiels pour d\u00e9finir ce qu\u2019est un mus\u00e9e aujourd\u2019hui, soulignant la nature universelle de ces institutions\u00a0 et l\u2019influence positive qu\u2019elles exercent sur la soci\u00e9t\u00e9. Il r\u00e9sume le grand \u00e9cart que les mus\u00e9es accomplissent et rappelle que leur vocation est de contribuer au d\u00e9veloppement et au rassemblement de la communaut\u00e9. <\/p>\n<p>\u00a0<\/p>\n<p>Pour vous accompagner dans l\u2019organisation de l\u2019\u00e9v\u00e9nement et \u00e9tablir un lien avec le th\u00e8me, cinq th\u00e9matiques vous sont propos\u00e9es afin de d\u00e9velopper votre programmation :<\/p>\n<ul>\n<li> <b>Des structures d\u2019\u00e9ducation informelle<\/b>. Le mus\u00e9e \u00e9duque de mani\u00e8re ludique ; c\u2019est un lieu d\u2019initiation sans obligation, qui favorise la connaissance au travers de moyens sans cesse renouvel\u00e9s.<\/li>\n<\/ul>\n<ul>\n<li> <b>Un espace social ancr\u00e9 dans son territoire<\/b>. Le mus\u00e9e est acteur de l\u2019identit\u00e9 et du dynamisme d\u2019un territoire. Par son action, il contribue \u00e0 valoriser le pass\u00e9 de son territoire et \u00e0 construire son avenir.<\/li>\n<\/ul>\n<ul>\n<li> <b>Un lien interg\u00e9n\u00e9rationnel<\/b>. Les mus\u00e9es entretiennent et font vivre la relation entre une communaut\u00e9 et son histoire. Ils repr\u00e9sentent des espaces de dialogue entre les g\u00e9n\u00e9rations.<\/li>\n<\/ul>\n<ul>\n<li> <b>Pr\u00e9senter le patrimoine de mani\u00e8re moderne<\/b>. Les mus\u00e9es ont su rapidement saisir les opportunit\u00e9s de communication et de m\u00e9diation associ\u00e9es aux nouveaux m\u00e9dias et sont d\u00e9sormais tr\u00e8s loin de l\u2019image poussi\u00e9reuse qu\u2019ils ont pu avoir.<\/li>\n<\/ul>\n<ul>\n<li> <b>Des pratiques innovantes pour mieux conserver<\/b>. Les dispositifs de conservation s\u2019am\u00e9liorent et le mus\u00e9e devient un v\u00e9ritable laboratoire o\u00f9 les techniques de travail ne cessent d\u2019\u00e9voluer.<\/li>\n<\/ul>\n<p> <!--  Text: [end] --> <\/div>\n<\/p><\/div>\n<div><!-- --><\/div>\n<p> \t\t<!--  Image block: [end] --> \t\t\t   \t<!--  \t\tBEGIN: Content of extension \"hpo_relatedlink\", plugin \"tx_hporelatedlink_pi1\"  \t--> \t<\/p>\n<div> \t\t \t<\/div>\n<p> \t \t<!-- END: Content of extension \"hpo_relatedlink\", plugin \"tx_hporelatedlink_pi1\" -->  \t<\/div>\n<p> \t<!--  CONTENT ELEMENT, uid:8869\/textpic [end] --> \t\t<!--TYPO3SEARCH_end--> <\/div>\n","protected":false},"excerpt":{"rendered":"<p>Le th\u00e8me de la JIM est choisi par le Comit\u00e9 consultatif de l\u2019ICOM afin de valoriser les enjeux des mus\u00e9es au sein de la soci\u00e9t\u00e9. En 2013, la communaut\u00e9 mus\u00e9ale a choisi d\u2019organiser la Journ\u00e9e internationale des mus\u00e9es autour du th\u00e8me : Mus\u00e9es (m\u00e9moire + cr\u00e9ativit\u00e9) = progr\u00e8s social La richesse de notre h\u00e9ritage patrimonial, [&hellip;]<\/p>\n","protected":false},"author":1,"featured_media":0,"parent":125,"menu_order":1,"comment_status":"closed","ping_status":"closed","template":"","meta":{"footnotes":""},"yst_prominent_words":[],"acf":[],"_links":{"self":[{"href":"https:\/\/imd2013.mini.icom.museum\/fr\/wp-json\/wp\/v2\/pages\/154"}],"collection":[{"href":"https:\/\/imd2013.mini.icom.museum\/fr\/wp-json\/wp\/v2\/pages"}],"about":[{"href":"https:\/\/imd2013.mini.icom.museum\/fr\/wp-json\/wp\/v2\/types\/page"}],"author":[{"embeddable":true,"href":"https:\/\/imd2013.mini.icom.museum\/fr\/wp-json\/wp\/v2\/users\/1"}],"replies":[{"embeddable":true,"href":"https:\/\/imd2013.mini.icom.museum\/fr\/wp-json\/wp\/v2\/comments?post=154"}],"version-history":[{"count":1,"href":"https:\/\/imd2013.mini.icom.museum\/fr\/wp-json\/wp\/v2\/pages\/154\/revisions"}],"predecessor-version":[{"id":2588,"href":"https:\/\/imd2013.mini.icom.museum\/fr\/wp-json\/wp\/v2\/pages\/154\/revisions\/2588"}],"up":[{"embeddable":true,"href":"https:\/\/imd2013.mini.icom.museum\/fr\/wp-json\/wp\/v2\/pages\/125"}],"wp:attachment":[{"href":"https:\/\/imd2013.mini.icom.museum\/fr\/wp-json\/wp\/v2\/media?parent=154"}],"wp:term":[{"taxonomy":"yst_prominent_words","embeddable":true,"href":"https:\/\/imd2013.mini.icom.museum\/fr\/wp-json\/wp\/v2\/yst_prominent_words?post=154"}],"curies":[{"name":"wp","href":"https:\/\/api.w.org\/{rel}","templated":true}]}}