{"id":178,"date":"2019-01-08T00:49:22","date_gmt":"2019-01-08T00:49:22","guid":{"rendered":"http:\/\/imd2013.icom.cust.oxymium.net\/infos-pratiques\/la-jim-pres-de-chez-vous\/"},"modified":"2019-01-08T01:04:38","modified_gmt":"2019-01-08T01:04:38","slug":"la-jim-pres-de-chez-vous","status":"publish","type":"page","link":"https:\/\/imd2013.mini.icom.museum\/fr\/infos-pratiques\/la-jim-pres-de-chez-vous\/","title":{"rendered":"La JIM pr\u00e8s de chez vous"},"content":{"rendered":"<div id=\"RTE_CONTENT\"> <!--TYPO3SEARCH_begin--> \t<!--  CONTENT ELEMENT, uid:8871\/textpic [begin] --> \t\t<\/p>\n<div id=\"c8871\"> \t\t<!--  Image block: [begin] --> \t\t\t<\/p>\n<div>\n<div> \t\t<!--  Text: [begin] --> \t\t\t<\/p>\n<p>La Journ\u00e9e internationale des mus\u00e9es est organis\u00e9e par pr\u00e8s de 32 000 mus\u00e9es dans 129 pays du monde. Il y a donc de grandes chances pour qu\u2019elle soit c\u00e9l\u00e9br\u00e9e pr\u00e8s de chez vous.  <\/p>\n<p>Afin de conna\u00eetre les \u00e9v\u00e9nements qui se d\u00e9rouleront \u00e0 proximit\u00e9 le jour J, vous pouvez consulter le programme d\u00e9taill\u00e9, o\u00f9 un certain nombre d\u2019\u00e9v\u00e9nements sont pr\u00e9sent\u00e9s et class\u00e9s par continent. Vous pouvez \u00e9galement devenir fan de la page Facebook de la JIM afin d\u2019\u00eatre tenu au courant des actualit\u00e9s.  <\/p>\n<p>De nombreux mus\u00e9es participent \u00e0 l\u2019\u00e9v\u00e9nement mais ne sont pas n\u00e9cessairement pr\u00e9sents sur le site Internet ou sur Facebook. Nous vous conseillons donc de consulter les sites Internet des institutions qui vous int\u00e9ressent ou de les contacter directement.<\/p>\n<p> \t\t<!--  Text: [end] --> \t\t\t<\/div>\n<div>\n<dl>\n<dt><a href=\"http:\/\/imd2013.mini.icom.museum\/wp-content\/uploads\/sites\/50\/2019\/01\/Brazil---CENTRO-CULTURAL-BANCO-DO-BRASIL_02.jpg&amp;md5=3d35f80e478691ed61b518ff12002918ff8a3957&amp;parameters[0]=YTo0OntzOjU6IndpZHRoIjtzOjQ6IjgwMG0iO3M6NjoiaGVpZ2h0IjtzOjQ6IjYw&amp;parameters[1]=MG0iO3M6NzoiYm9keVRhZyI7czo0MToiPGJvZHkgc3R5bGU9Im1hcmdpbjowOyBi&amp;parameters[2]=YWNrZ3JvdW5kOiNmZmY7Ij4iO3M6NDoid3JhcCI7czozNzoiPGEgaHJlZj0iamF2&amp;parameters[3]=YXNjcmlwdDpjbG9zZSgpOyI+IHwgPC9hPiI7fQ==\" onclick=\"openPic('\/index.php?eID=tx_cms_showpic&amp;file=uploads%2Fpics%2FBrazil---CENTRO-CULTURAL-BANCO-DO-BRASIL_02.jpg&amp;md5=3d35f80e478691ed61b518ff12002918ff8a3957&amp;parameters[0]=YTo0OntzOjU6IndpZHRoIjtzOjQ6IjgwMG0iO3M6NjoiaGVpZ2h0IjtzOjQ6IjYw&amp;parameters[1]=MG0iO3M6NzoiYm9keVRhZyI7czo0MToiPGJvZHkgc3R5bGU9Im1hcmdpbjowOyBi&amp;parameters[2]=YWNrZ3JvdW5kOiNmZmY7Ij4iO3M6NDoid3JhcCI7czozNzoiPGEgaHJlZj0iamF2&amp;parameters[3]=YXNjcmlwdDpjbG9zZSgpOyI%2BIHwgPC9hPiI7fQ%3D%3D','thePicture','width=709,height=471,status=0,menubar=0'); return false;\" target=\"thePicture\"><img decoding=\"async\" src=\"http:\/\/imd2013.mini.icom.museum\/wp-content\/uploads\/sites\/50\/2019\/01\/5a85b4e2e4.jpg\" alt=\"\"><\/a><\/dt>\n<dd>International Museum Day 2012 &#8211; Brazil <\/dd>\n<\/dl>\n<\/div><\/div>\n<div><!-- --><\/div>\n<p> \t\t<!--  Image block: [end] --> \t\t\t   \t<!--  \t\tBEGIN: Content of extension \"hpo_relatedlink\", plugin \"tx_hporelatedlink_pi1\"  \t--> \t<\/p>\n<div> \t\t \t<\/div>\n<p> \t \t<!-- END: Content of extension \"hpo_relatedlink\", plugin \"tx_hporelatedlink_pi1\" -->  \t<\/div>\n<p> \t<!--  CONTENT ELEMENT, uid:8871\/textpic [end] --> \t\t<!--TYPO3SEARCH_end--> <\/div>\n","protected":false},"excerpt":{"rendered":"<p>La Journ\u00e9e internationale des mus\u00e9es est organis\u00e9e par pr\u00e8s de 32 000 mus\u00e9es dans 129 pays du monde. Il y a donc de grandes chances pour qu\u2019elle soit c\u00e9l\u00e9br\u00e9e pr\u00e8s de chez vous. Afin de conna\u00eetre les \u00e9v\u00e9nements qui se d\u00e9rouleront \u00e0 proximit\u00e9 le jour J, vous pouvez consulter le programme d\u00e9taill\u00e9, o\u00f9 un certain [&hellip;]<\/p>\n","protected":false},"author":1,"featured_media":0,"parent":128,"menu_order":0,"comment_status":"closed","ping_status":"closed","template":"","meta":{"footnotes":""},"yst_prominent_words":[],"acf":[],"_links":{"self":[{"href":"https:\/\/imd2013.mini.icom.museum\/fr\/wp-json\/wp\/v2\/pages\/178"}],"collection":[{"href":"https:\/\/imd2013.mini.icom.museum\/fr\/wp-json\/wp\/v2\/pages"}],"about":[{"href":"https:\/\/imd2013.mini.icom.museum\/fr\/wp-json\/wp\/v2\/types\/page"}],"author":[{"embeddable":true,"href":"https:\/\/imd2013.mini.icom.museum\/fr\/wp-json\/wp\/v2\/users\/1"}],"replies":[{"embeddable":true,"href":"https:\/\/imd2013.mini.icom.museum\/fr\/wp-json\/wp\/v2\/comments?post=178"}],"version-history":[{"count":1,"href":"https:\/\/imd2013.mini.icom.museum\/fr\/wp-json\/wp\/v2\/pages\/178\/revisions"}],"predecessor-version":[{"id":2586,"href":"https:\/\/imd2013.mini.icom.museum\/fr\/wp-json\/wp\/v2\/pages\/178\/revisions\/2586"}],"up":[{"embeddable":true,"href":"https:\/\/imd2013.mini.icom.museum\/fr\/wp-json\/wp\/v2\/pages\/128"}],"wp:attachment":[{"href":"https:\/\/imd2013.mini.icom.museum\/fr\/wp-json\/wp\/v2\/media?parent=178"}],"wp:term":[{"taxonomy":"yst_prominent_words","embeddable":true,"href":"https:\/\/imd2013.mini.icom.museum\/fr\/wp-json\/wp\/v2\/yst_prominent_words?post=178"}],"curies":[{"name":"wp","href":"https:\/\/api.w.org\/{rel}","templated":true}]}}