{"id":181,"date":"2019-01-08T00:49:27","date_gmt":"2019-01-08T00:49:27","guid":{"rendered":"http:\/\/imd2013.icom.cust.oxymium.net\/infos-pratiques\/reseaux-sociaux\/"},"modified":"2019-01-08T01:04:37","modified_gmt":"2019-01-08T01:04:37","slug":"reseaux-sociaux","status":"publish","type":"page","link":"https:\/\/imd2013.mini.icom.museum\/fr\/infos-pratiques\/reseaux-sociaux\/","title":{"rendered":"R\u00e9seaux sociaux"},"content":{"rendered":"<div id=\"RTE_CONTENT\"> <!--TYPO3SEARCH_begin--> \t<!--  CONTENT ELEMENT, uid:8872\/text [begin] --> \t\t<\/p>\n<div id=\"c8872\"> \t\t<!--  Text: [begin] --> \t\t\t<\/p>\n<p>Devenir fan de la page Facebook<\/p>\n<p>Vous recevrez ainsi les mises \u00e0 jour en temps r\u00e9el et la programmation des \u00e9v\u00e9nements. Une information \u00e0 ne pas rater ? Les fans de la page sont automatiquement inform\u00e9s ! <\/p>\n<p>Rep\u00e9rer le hashtag de la JIM sur Twitter<\/p>\n<p>Un Tweet est un \u00ab Gazouilli \u00bb de 140 caract\u00e8res comparable \u00e0 un statut Facebook (\u00ab que faites-vous en ce moment ? \u00bb). Beaucoup de mus\u00e9es participants ont un compte sur Twitter et communiquent en temps r\u00e9el sur leurs actualit\u00e9s concernant l\u2019\u00e9v\u00e9nement. Vous pouvez les rep\u00e9rer gr\u00e2ce au hashtag (mot cl\u00e9) de la JIM 2013 : #JIM2012 <\/p>\n<p>\u00a0<\/p>\n<p>\u00a0<\/p>\n<p>\u00a0<\/p>\n<p>\u00a0<\/p>\n<p> \t\t<!--  Text: [end] --> \t\t\t   \t<!--  \t\tBEGIN: Content of extension \"hpo_relatedlink\", plugin \"tx_hporelatedlink_pi1\"  \t--> \t<\/p>\n<div> \t\t \t<\/div>\n<p> \t \t<!-- END: Content of extension \"hpo_relatedlink\", plugin \"tx_hporelatedlink_pi1\" -->  \t<\/div>\n<p> \t<!--  CONTENT ELEMENT, uid:8872\/text [end] --> \t\t<!--TYPO3SEARCH_end--> <\/div>\n","protected":false},"excerpt":{"rendered":"<p>Devenir fan de la page Facebook Vous recevrez ainsi les mises \u00e0 jour en temps r\u00e9el et la programmation des \u00e9v\u00e9nements. Une information \u00e0 ne pas rater ? Les fans de la page sont automatiquement inform\u00e9s ! Rep\u00e9rer le hashtag de la JIM sur Twitter Un Tweet est un \u00ab Gazouilli \u00bb de 140 caract\u00e8res [&hellip;]<\/p>\n","protected":false},"author":1,"featured_media":0,"parent":128,"menu_order":1,"comment_status":"closed","ping_status":"closed","template":"","meta":{"footnotes":""},"yst_prominent_words":[],"acf":[],"_links":{"self":[{"href":"https:\/\/imd2013.mini.icom.museum\/fr\/wp-json\/wp\/v2\/pages\/181"}],"collection":[{"href":"https:\/\/imd2013.mini.icom.museum\/fr\/wp-json\/wp\/v2\/pages"}],"about":[{"href":"https:\/\/imd2013.mini.icom.museum\/fr\/wp-json\/wp\/v2\/types\/page"}],"author":[{"embeddable":true,"href":"https:\/\/imd2013.mini.icom.museum\/fr\/wp-json\/wp\/v2\/users\/1"}],"replies":[{"embeddable":true,"href":"https:\/\/imd2013.mini.icom.museum\/fr\/wp-json\/wp\/v2\/comments?post=181"}],"version-history":[{"count":1,"href":"https:\/\/imd2013.mini.icom.museum\/fr\/wp-json\/wp\/v2\/pages\/181\/revisions"}],"predecessor-version":[{"id":2585,"href":"https:\/\/imd2013.mini.icom.museum\/fr\/wp-json\/wp\/v2\/pages\/181\/revisions\/2585"}],"up":[{"embeddable":true,"href":"https:\/\/imd2013.mini.icom.museum\/fr\/wp-json\/wp\/v2\/pages\/128"}],"wp:attachment":[{"href":"https:\/\/imd2013.mini.icom.museum\/fr\/wp-json\/wp\/v2\/media?parent=181"}],"wp:term":[{"taxonomy":"yst_prominent_words","embeddable":true,"href":"https:\/\/imd2013.mini.icom.museum\/fr\/wp-json\/wp\/v2\/yst_prominent_words?post=181"}],"curies":[{"name":"wp","href":"https:\/\/api.w.org\/{rel}","templated":true}]}}