{"id":205,"date":"2019-01-08T00:49:36","date_gmt":"2019-01-08T00:49:36","guid":{"rendered":"http:\/\/imd2013.icom.cust.oxymium.net\/licom\/icom-rio-2013\/"},"modified":"2019-01-08T01:04:37","modified_gmt":"2019-01-08T01:04:37","slug":"icom-rio-2013","status":"publish","type":"page","link":"https:\/\/imd2013.mini.icom.museum\/fr\/licom\/icom-rio-2013\/","title":{"rendered":"ICOM RIO 2013"},"content":{"rendered":"<div id=\"RTE_CONTENT\"> <!--TYPO3SEARCH_begin--> \t<!--  CONTENT ELEMENT, uid:8874\/textpic [begin] --> \t\t<\/p>\n<div id=\"c8874\"> \t\t<!--  Image block: [begin] --> \t\t\t<\/p>\n<div>\n<div><img decoding=\"async\" src=\"http:\/\/imd2013.mini.icom.museum\/wp-content\/uploads\/sites\/50\/2019\/01\/e8fa9dd30f.jpg\" alt=\"\"><\/div>\n<div> \t\t<!--  Text: [begin] --> \t\t\t<\/p>\n<p>En 2013, le Br\u00e9sil sera sans aucun doute \u00e0 l\u2019honneur pendant la JIM puisque la 23e Conf\u00e9rence g\u00e9n\u00e9rale de l\u2019ICOM se tiendra \u00e0 Rio de Janeiro du 10 au 17 ao\u00fbt 2013.  <\/p>\n<p>\u00c0 cette occasion, le th\u00e8me de la JIM sera enrichi et donnera lieu \u00e0 de nombreuses sessions organis\u00e9es par les diff\u00e9rents Comit\u00e9s internationaux de l\u2019ICOM. Cette manifestation r\u00e9unira plus de 3 000 professionnels des mus\u00e9es, membres ou non de l\u2019ICOM, pour engager une r\u00e9flexion et un dialogue sur les enjeux auxquels le secteur mus\u00e9al fait face.  <\/p>\n<p>N\u2019h\u00e9sitez pas \u00e0 vous rendre sur le site Internet de l\u2019ICOM, <a href=\"http:\/\/icom.museum\/\" title=\"ICOM\" target=\"_blank\">http:\/\/icom.museum<\/a>, pour vous tenir inform\u00e9s de l\u2019ouverture des inscriptions et des d\u00e9tails du programme de la Conf\u00e9rence. <\/p>\n<p>\u00a0<\/p>\n<p>\u00a0<\/p>\n<p> \t\t<!--  Text: [end] --> \t\t\t<\/div>\n<\/p><\/div>\n<div><!-- --><\/div>\n<p> \t\t<!--  Image block: [end] --> \t\t\t   \t<!--  \t\tBEGIN: Content of extension \"hpo_relatedlink\", plugin \"tx_hporelatedlink_pi1\"  \t--> \t<\/p>\n<div> \t\t \t<\/div>\n<p> \t \t<!-- END: Content of extension \"hpo_relatedlink\", plugin \"tx_hporelatedlink_pi1\" -->  \t<\/div>\n<p> \t<!--  CONTENT ELEMENT, uid:8874\/textpic [end] --> \t\t<!--TYPO3SEARCH_end--> <\/div>\n","protected":false},"excerpt":{"rendered":"<p>En 2013, le Br\u00e9sil sera sans aucun doute \u00e0 l\u2019honneur pendant la JIM puisque la 23e Conf\u00e9rence g\u00e9n\u00e9rale de l\u2019ICOM se tiendra \u00e0 Rio de Janeiro du 10 au 17 ao\u00fbt 2013. \u00c0 cette occasion, le th\u00e8me de la JIM sera enrichi et donnera lieu \u00e0 de nombreuses sessions organis\u00e9es par les diff\u00e9rents Comit\u00e9s internationaux [&hellip;]<\/p>\n","protected":false},"author":1,"featured_media":0,"parent":130,"menu_order":1,"comment_status":"closed","ping_status":"closed","template":"","meta":{"footnotes":""},"yst_prominent_words":[],"acf":[],"_links":{"self":[{"href":"https:\/\/imd2013.mini.icom.museum\/fr\/wp-json\/wp\/v2\/pages\/205"}],"collection":[{"href":"https:\/\/imd2013.mini.icom.museum\/fr\/wp-json\/wp\/v2\/pages"}],"about":[{"href":"https:\/\/imd2013.mini.icom.museum\/fr\/wp-json\/wp\/v2\/types\/page"}],"author":[{"embeddable":true,"href":"https:\/\/imd2013.mini.icom.museum\/fr\/wp-json\/wp\/v2\/users\/1"}],"replies":[{"embeddable":true,"href":"https:\/\/imd2013.mini.icom.museum\/fr\/wp-json\/wp\/v2\/comments?post=205"}],"version-history":[{"count":1,"href":"https:\/\/imd2013.mini.icom.museum\/fr\/wp-json\/wp\/v2\/pages\/205\/revisions"}],"predecessor-version":[{"id":2583,"href":"https:\/\/imd2013.mini.icom.museum\/fr\/wp-json\/wp\/v2\/pages\/205\/revisions\/2583"}],"up":[{"embeddable":true,"href":"https:\/\/imd2013.mini.icom.museum\/fr\/wp-json\/wp\/v2\/pages\/130"}],"wp:attachment":[{"href":"https:\/\/imd2013.mini.icom.museum\/fr\/wp-json\/wp\/v2\/media?parent=205"}],"wp:term":[{"taxonomy":"yst_prominent_words","embeddable":true,"href":"https:\/\/imd2013.mini.icom.museum\/fr\/wp-json\/wp\/v2\/yst_prominent_words?post=205"}],"curies":[{"name":"wp","href":"https:\/\/api.w.org\/{rel}","templated":true}]}}