{"id":208,"date":"2019-01-08T00:49:41","date_gmt":"2019-01-08T00:49:41","guid":{"rendered":"http:\/\/imd2013.icom.cust.oxymium.net\/partenaires\/la-nuit-europeenne-des-musees\/"},"modified":"2019-01-08T01:04:37","modified_gmt":"2019-01-08T01:04:37","slug":"la-nuit-europeenne-des-musees","status":"publish","type":"page","link":"https:\/\/imd2013.mini.icom.museum\/fr\/partenaires\/la-nuit-europeenne-des-musees\/","title":{"rendered":"La Nuit europ\u00e9enne des mus\u00e9es"},"content":{"rendered":"<div id=\"RTE_CONTENT\"> <!--TYPO3SEARCH_begin--> \t<!--  CONTENT ELEMENT, uid:8875\/text [begin] --> \t\t<\/p>\n<div id=\"c8875\"> \t\t<!--  Text: [begin] --> \t\t\t<\/p>\n<p>Depuis 2011, l&#8217;ICOM accorde son patronage \u00e0 la Nuit europ\u00e9enne des mus\u00e9es, qui a lieu, tous les ans, le samedi le plus proche de la Journ\u00e9e internationale des mus\u00e9es. En 2013, les deux \u00e9v\u00e8nements co\u00efncident, puisque la Nuit europ\u00e9enne des mus\u00e9es aura lieu en m\u00eame temps que la Journ\u00e9e internationale des mus\u00e9es, le samedi 18 mai <\/p>\n<p>\u00a0<\/p>\n<p>La Nuit europ\u00e9enne des mus\u00e9es a \u00e9t\u00e9 cr\u00e9\u00e9e, en 2005, par le Minist\u00e8re fran\u00e7ais de la Culture et de la Communication. Elle permet aux visiteurs de visiter les mus\u00e9es participants, de nuit, gratuitement, en reculant la contrainte horaire de la fermeture, jusqu&#8217;\u00e0 une heure du matin environ. <\/p>\n<p>En accueillant le public la nuit, les mus\u00e9es ouvrent \u00e0 une autre visite de leurs collections, une approche plus sensorielle et insolite. De nombreuses animations sont propos\u00e9es. Un public diff\u00e9rent, plus jeune, familial est pr\u00e9sent. Le public participe massivement \u00e0 cet \u00e9v\u00e8nement festif. L&#8217;an dernier, deux millions de visiteurs ont fr\u00e9quent\u00e9 la Nuit des mus\u00e9es, en France. <\/p>\n<p>\u00a0<\/p>\n<p>Le Conseil de l&#8217;Europe et l&#8217;UNESCO patronnent \u00e9galement l&#8217;\u00e9v\u00e9nement. La F\u00e9d\u00e9ration fran\u00e7aise des amis des mus\u00e9es et la R\u00e9union des mus\u00e9es nationaux \u2013 Grand Palais sont des partenaires institutionnels de l&#8217;op\u00e9ration. <\/p>\n<p>\u00a0<\/p>\n<p>La Nuit europ\u00e9enne des mus\u00e9es est pr\u00e9sente sur internet et les r\u00e9seaux sociaux o\u00f9 elle a une certaine visibilit\u00e9 : <\/p>\n<p>\u00a0<\/p>\n<p>site internet : <a href=\"http:\/\/www.nuitdesmusees.culture.fr\" target=\"_blank\">www.nuitdesmusees.culture.fr<\/a>\u00a0 <\/p>\n<p>\u00a0<\/p>\n<p>profil Facebook : <a href=\"http:\/\/www.facebook.com\/nuitdesmusees\" target=\"_blank\">www.facebook.com\/nuitdesmusees<\/a>\u00a0 <\/p>\n<p>\u00a0<\/p>\n<p>profil Twitter : <a href=\"https:\/\/twitter.com\/NuitdesMusees\" title=\"Ouvre un lien externe dans une nouvelle fen\u00eatre\" target=\"_blank\">http:\/\/twitter.com\/nuitdesmusees<\/a>  <\/p>\n<p>\u00a0<\/p>\n<p>Cha\u00eene Dailymotion : <a href=\"http:\/\/www.dailymotion.com\/Nuitdesmusees\" target=\"_blank\">www.dailymotion.com\/Nuitdesmusees<\/a>\u00a0 <\/p>\n<p>\u00a0<\/p>\n<p>Page Flickr : <a href=\"http:\/\/www.flickr.com\/photos\/nuitdesmusees\" target=\"_blank\">www.flickr.com\/photos\/nuitdesmusees<\/a>\u00a0  <\/p>\n<p>\u00a0<\/p>\n<p>\u00a0<\/p>\n<p>\u00a0<\/p>\n<p>\u00a0<\/p>\n<p>\u00a0<\/p>\n<p> \t\t<!--  Text: [end] --> \t\t\t   \t<!--  \t\tBEGIN: Content of extension \"hpo_relatedlink\", plugin \"tx_hporelatedlink_pi1\"  \t--> \t<\/p>\n<div> \t\t \t<\/div>\n<p> \t \t<!-- END: Content of extension \"hpo_relatedlink\", plugin \"tx_hporelatedlink_pi1\" -->  \t<\/div>\n<p> \t<!--  CONTENT ELEMENT, uid:8875\/text [end] --> \t\t<!--TYPO3SEARCH_end--> <\/div>\n","protected":false},"excerpt":{"rendered":"<p>Depuis 2011, l&#8217;ICOM accorde son patronage \u00e0 la Nuit europ\u00e9enne des mus\u00e9es, qui a lieu, tous les ans, le samedi le plus proche de la Journ\u00e9e internationale des mus\u00e9es. En 2013, les deux \u00e9v\u00e8nements co\u00efncident, puisque la Nuit europ\u00e9enne des mus\u00e9es aura lieu en m\u00eame temps que la Journ\u00e9e internationale des mus\u00e9es, le samedi 18 [&hellip;]<\/p>\n","protected":false},"author":1,"featured_media":0,"parent":133,"menu_order":0,"comment_status":"closed","ping_status":"closed","template":"","meta":{"footnotes":""},"yst_prominent_words":[],"acf":[],"_links":{"self":[{"href":"https:\/\/imd2013.mini.icom.museum\/fr\/wp-json\/wp\/v2\/pages\/208"}],"collection":[{"href":"https:\/\/imd2013.mini.icom.museum\/fr\/wp-json\/wp\/v2\/pages"}],"about":[{"href":"https:\/\/imd2013.mini.icom.museum\/fr\/wp-json\/wp\/v2\/types\/page"}],"author":[{"embeddable":true,"href":"https:\/\/imd2013.mini.icom.museum\/fr\/wp-json\/wp\/v2\/users\/1"}],"replies":[{"embeddable":true,"href":"https:\/\/imd2013.mini.icom.museum\/fr\/wp-json\/wp\/v2\/comments?post=208"}],"version-history":[{"count":1,"href":"https:\/\/imd2013.mini.icom.museum\/fr\/wp-json\/wp\/v2\/pages\/208\/revisions"}],"predecessor-version":[{"id":2582,"href":"https:\/\/imd2013.mini.icom.museum\/fr\/wp-json\/wp\/v2\/pages\/208\/revisions\/2582"}],"up":[{"embeddable":true,"href":"https:\/\/imd2013.mini.icom.museum\/fr\/wp-json\/wp\/v2\/pages\/133"}],"wp:attachment":[{"href":"https:\/\/imd2013.mini.icom.museum\/fr\/wp-json\/wp\/v2\/media?parent=208"}],"wp:term":[{"taxonomy":"yst_prominent_words","embeddable":true,"href":"https:\/\/imd2013.mini.icom.museum\/fr\/wp-json\/wp\/v2\/yst_prominent_words?post=208"}],"curies":[{"name":"wp","href":"https:\/\/api.w.org\/{rel}","templated":true}]}}