{"id":2316,"date":"2019-01-08T01:03:02","date_gmt":"2019-01-08T01:03:02","guid":{"rendered":"http:\/\/imd2013.icom.cust.oxymium.net\/la-jim-2013\/programme-detaille\/amerique-du-nord\/"},"modified":"2019-01-08T01:04:34","modified_gmt":"2019-01-08T01:04:34","slug":"amerique-du-nord","status":"publish","type":"page","link":"https:\/\/imd2013.mini.icom.museum\/fr\/la-jim-2013\/programme-detaille\/amerique-du-nord\/","title":{"rendered":"Am\u00e9rique du Nord"},"content":{"rendered":"<div id=\"RTE_CONTENT\"> <!--TYPO3SEARCH_begin--> \t<!--  CONTENT ELEMENT, uid:10277\/text [begin] --> \t\t<\/p>\n<div id=\"c10277\"> \t\t<!--  Text: [begin] --> \t\t\t<\/p>\n<p><b>Canada<\/p>\n<p>Bank of Canada\u2019s Currency Museum, Ottawa (Ontario)<\/b><\/p>\n<p><img decoding=\"async\" clickenlarge=\"1\" src=\"http:\/\/imd2013.mini.icom.museum\/wp-content\/uploads\/sites\/50\/2019\/01\/RTEmagicC_Canada_Currency_museum_FR_01.jpg.jpg\" alt=\"\">18 mai 2013<br \/>Rassemblement <i>Histoires \u00e0 raconter, collections \u00e0 explorer<\/i> : <\/p>\n<p>Nos pauvres conservateurs sont bien \u00e0 plaindre. C\u2019est la Journ\u00e9e internationale des mus\u00e9es et nous ne les laissons m\u00eame pas estimer ou authentifier vos collections. Qu\u2019\u00e0 cela ne tienne, vous pouvez quand m\u00eame \u00e9gayer leur journ\u00e9e en venant leur montrer vos vieux billets et vos pi\u00e8ces de monnaie anciennes : ils vous raconteront toutes sortes de choses in\u00e9dites \u00e0 leur sujet, que ce soit \u00e0 propos de leur origine ou des histoires les entourant. N\u2019oubliez surtout pas nos restaurateurs; ils seront sur place pour vous expliquer comment prendre bien soin de tous ces merveilleux objets. Nous invitons les enfants \u00e0 apporter leur collection \u2013 qu\u2019elle soit compos\u00e9e de jouets, de capsules de bouteille, de timbres, de jeux vid\u00e9o ou de bandes dessin\u00e9e \u2013 peu importe. Pour nous, l\u2019important c\u2019est qu\u2019ils collectionnent et nous serons heureux de soutenir avec enthousiasme leur passion. Joignez-vous \u00e0 nous, beaucoup de plaisir nous attend!<\/p>\n<p>Free as always <\/p>\n<p>Currency Museum Bank of Canada<br \/>245 Sparks Street<br \/>(between Bank and Kent)<br \/>Ottawa, Ontario<br \/>Canada<br \/>K1A 0G9 <\/p>\n<p>T\u00e9l. : 613-782-8914 <\/p>\n<p>Email:<a href=\"mailto:museum-musee@bankofcanada.ca\"> museum-musee@bankofcanada.ca<\/p>\n<p><\/a> <\/p>\n<p><a href=\"http:\/\/www.currencymuseum.ca\/\" target=\"_blank\">http:\/\/www.currencymuseum.ca\/<\/a> <\/p>\n<p>\u00a0<\/p>\n<hr>\n<p> <!--  Text: [end] --><!--  \t\tBEGIN: Content of extension \"hpo_relatedlink\", plugin \"tx_hporelatedlink_pi1\"  \t--><\/p>\n<div> \t\t \t<\/div>\n<p> \t \t<!-- END: Content of extension \"hpo_relatedlink\", plugin \"tx_hporelatedlink_pi1\" -->  \t<\/div>\n<p> \t<!--  CONTENT ELEMENT, uid:10277\/text [end] --> \t\t \t<!--  CONTENT ELEMENT, uid:9848\/text [begin] --> \t\t<\/p>\n<div id=\"c9848\"> \t\t<!--  Text: [begin] --> \t\t\t<\/p>\n<p><span><img decoding=\"async\" src=\"http:\/\/imd2013.mini.icom.museum\/wp-content\/uploads\/sites\/50\/2019\/01\/RTEmagicC_canada-heritage-park-museum_01.JPG.JPG\" alt=\"\">Canada<\/span> <\/p>\n<p>\u00a0<\/p>\n<p><span>Heritage Park Museum, Terrace, BC<\/span> <\/p>\n<p>\u00a0<\/p>\n<p><i>Pour voir le programme, rendez vous sur la version anglaise de cette page.\u00a0<\/i> <\/p>\n<p>Adresse: 4702 Kerby Ave., Terrace, BC; <br \/>Mailing address : Box 512, Terrace, BC, V8G 4B5<br \/>Tel. 1-250-635-4546<br \/>Contact : Kelsey Wiebe <a href=\"mailto:curator@heritageparkmuseum.com\">curator@heritageparkmuseum.com<\/a> <\/p>\n<p>Site Internet : <a href=\"http:\/\/www.heritageparkmuseum.com\/\" target=\"_blank\">www.heritageparkmuseum.com<\/a><br \/>Page Facebook : <a href=\"http:\/\/facebook.com\/heritageparkmuseum\" target=\"_blank\">facebook.com\/heritageparkmuseum<\/a> <\/p>\n<hr>\n<p>\u00a0<\/p>\n<p> \t\t<!--  Text: [end] --> \t\t\t   \t<!--  \t\tBEGIN: Content of extension \"hpo_relatedlink\", plugin \"tx_hporelatedlink_pi1\"  \t--> \t<\/p>\n<div> \t\t \t<\/div>\n<p> \t \t<!-- END: Content of extension \"hpo_relatedlink\", plugin \"tx_hporelatedlink_pi1\" -->  \t<\/div>\n<p> \t<!--  CONTENT ELEMENT, uid:9848\/text [end] --> \t\t \t<!--  CONTENT ELEMENT, uid:10429\/textpic [begin] --> \t\t<\/p>\n<div id=\"c10429\"> \t\t<!--  Image block: [begin] --> \t\t\t<\/p>\n<div>\n<div><img decoding=\"async\" src=\"http:\/\/imd2013.mini.icom.museum\/wp-content\/uploads\/sites\/50\/2019\/01\/Canada-Stewart_02.jpg\" alt=\"\"><\/div>\n<div> \t\t<!--  Text: [begin] --> \t\t\t<\/p>\n<p><b>Canada<\/b> <\/p>\n<p><b><br \/>Mus\u00e9e Stewart, Montr\u00e9al<\/b> <\/p>\n<p>\u00a0<\/p>\n<p><i><b>Montr\u00e9al, ville fortifi\u00e9e<\/b><\/i> <\/p>\n<p>Maquette anim\u00e9e interactive de Montr\u00e9al <\/p>\n<p>Au moyen d\u2019une maquette anim\u00e9e interactive repr\u00e9sentant Montr\u00e9al vers 1750, d\u00e9couvrez le quotidien des habitants, l\u2019histoire cach\u00e9e des premi\u00e8res rues et b\u00e2timents ainsi que la vie de personnages plus grands que nature ! Six \u00e9crans tactiles permettent au visiteur de se familiariser avec divers aspects du Montr\u00e9al d\u2019autrefois. Ils offrent un choix de sujets propres \u00e0 la zone d\u2019interactivit\u00e9. La rue Saint-Paul, le march\u00e9 Bonsecours, la ville fortifi\u00e9e, le sens de la f\u00eate\u2026 Douze sujets sont abord\u00e9s dans ces capsules cr\u00e9\u00e9es \u00e0 partir de documents d\u2019archives, cartes, gravures et peintures de notre collection, d\u2019animation et d\u2019images vid\u00e9o. <\/p>\n<p>Laur\u00e9at du Prix Audiovisuel et multim\u00e9dia T\u00e9l\u00e9-Qu\u00e9bec, 2012 et du Prix Numix 2012 dans la cat\u00e9gorie culturelle &#8211; production mus\u00e9ale <\/p>\n<p>\u00a0<\/p>\n<p>Droits d\u2019entr\u00e9e au Mus\u00e9e applicables (voir site web) <\/p>\n<p>Exposition permanente &#8211; activit\u00e9 \u00e0 l&#8217;ann\u00e9e <\/p>\n<p>\u00a0<\/p>\n<p>Mus\u00e9e Stewart <\/p>\n<p>20, chemin du Tour-de-l\u2019Isle, Montr\u00e9al (Qu\u00e9bec) H3C 0K7, Canada <\/p>\n<p>T\u00e9l: 514 861-6701 <\/p>\n<p>Fax: 514 861-2211 <\/p>\n<p>Contact: Nicole Gilbert <\/p>\n<p>Email: <a href=\"mailto:info@stewart-museum.org\" title=\"Ouvre une fen\u00eatre pour la r\u00e9daction d'un mail\">info@stewart-museum.org<\/a> <\/p>\n<p><a href=\"http:\/\/www.stewart-museum.org\" target=\"_blank\">www.stewart-museum.org<\/a><\/p>\n<p>\u00a0<\/p>\n<hr>\n<div><\/div>\n<p> \t\t<!--  Text: [end] --> \t\t\t<\/div>\n<\/p><\/div>\n<div><!-- --><\/div>\n<p> \t\t<!--  Image block: [end] --> \t\t\t   \t<!--  \t\tBEGIN: Content of extension \"hpo_relatedlink\", plugin \"tx_hporelatedlink_pi1\"  \t--> \t<\/p>\n<div> \t\t \t<\/div>\n<p> \t \t<!-- END: Content of extension \"hpo_relatedlink\", plugin \"tx_hporelatedlink_pi1\" -->  \t<\/div>\n<p> \t<!--  CONTENT ELEMENT, uid:10429\/textpic [end] --> \t\t \t<!--  CONTENT ELEMENT, uid:11297\/text [begin] --> \t\t<\/p>\n<div id=\"c11297\"> \t\t<!--  Text: [begin] --> \t\t\t<\/p>\n<p><span>\u00c9tats-Unis<\/span> <\/p>\n<p><span>Association of Art Museums Directors &#8211; AAMD Member Museums Celebrating Art Museum Day 2013<\/span> <\/p>\n<p>Pour voir le <a href=\"https:\/\/aamd.org\/our-members\/from-the-field\/art-museum-day-2013\" target=\"_blank\">programme<\/a><a href=\"https:\/\/aamd.org\/our-members\/from-the-field\/art-museum-day-2013\" target=\"_blank\">https:\/\/aamd.org\/our-members\/from-the-field\/art-museum-day-2013<\/a> <\/p>\n<hr>\n<p>\u00a0<\/p>\n<p> \t\t<!--  Text: [end] --> \t\t\t   \t<!--  \t\tBEGIN: Content of extension \"hpo_relatedlink\", plugin \"tx_hporelatedlink_pi1\"  \t--> \t<\/p>\n<div> \t\t \t<\/div>\n<p> \t \t<!-- END: Content of extension \"hpo_relatedlink\", plugin \"tx_hporelatedlink_pi1\" -->  \t<\/div>\n<p> \t<!--  CONTENT ELEMENT, uid:11297\/text [end] --> \t\t \t<!--  CONTENT ELEMENT, uid:9871\/text [begin] --> \t\t<\/p>\n<div id=\"c9871\"> \t\t<!--  Text: [begin] --> \t\t\t<\/p>\n<p><b>Etats-Unis<\/p>\n<p><\/b> <\/p>\n<p><b>Nasher Sculpture Center, Dallas, Texas<\/b> <\/p>\n<p><i>Pour voir le programme, rendez-vous sur la version anglaise de cette page<\/i><\/p>\n<p>Address: 2001 Flora, Dallas, TX 75201<br \/>Tel.: 214.242.5178<br \/>Contact person: Paula Lindstrom<br \/><a href=\"mailto:plindstrom@nashersculpturecenter.org\" title=\"Opens window for sending email\">plindstrom@nashersculpturecenter.org<\/a><\/p>\n<p><a href=\"http:\/\/www.nashersculpturecenter.org\/\" title=\"Opens external link in new window\" target=\"_blank\">http:\/\/www.nashersculpturecenter.org<\/a>\u00a0\u00a0\u00a0\u00a0\u00a0\u00a0\u00a0\u00a0\u00a0\u00a0\u00a0\u00a0\u00a0 <\/p>\n<p>\u00a0<\/p>\n<hr>\n<p> <!--  Text: [end] --><!--  \t\tBEGIN: Content of extension \"hpo_relatedlink\", plugin \"tx_hporelatedlink_pi1\"  \t--><\/p>\n<div> \t\t \t<\/div>\n<p> \t \t<!-- END: Content of extension \"hpo_relatedlink\", plugin \"tx_hporelatedlink_pi1\" -->  \t<\/div>\n<p> \t<!--  CONTENT ELEMENT, uid:9871\/text [end] --> \t\t \t<!--  CONTENT ELEMENT, uid:10284\/text [begin] --> \t\t<\/p>\n<div id=\"c10284\"> \t\t<!--  Text: [begin] --> \t\t\t<\/p>\n<p><b>Etats-Unis<\/b> <\/p>\n<p><b><br \/><\/b> <\/p>\n<p><b>H. Lee White Marine Museum, Oswego, NY<\/b> <\/p>\n<p>\u00a0<\/p>\n<p><b><img decoding=\"async\" clickenlarge=\"1\" src=\"http:\/\/imd2013.mini.icom.museum\/wp-content\/uploads\/sites\/50\/2019\/01\/RTEmagicC_USA-lee_white_marine_museum_03.jpg.jpg\" alt=\"\"><\/b><i>Pour voir le programme, rendez-vous sur la version anglaise de cette page<\/i><b><\/b> <\/p>\n<p>\u00a0<\/p>\n<p>\u00a0<\/p>\n<p>PO Box 101, End of West First Street Pier, <br \/>Oswego, NY 13126, USA<br \/>T\u00e9l.: 315-342-0480<br \/><a href=\"mailto:info@hleewhitemarinemuseum.com\">info@hleewhitemarinemuseum.com<\/p>\n<p><\/a> <\/p>\n<p> <a href=\"http:\/\/www.hleewhitemarinemuseum.com\" target=\"_blank\">www.hleewhitemarinemuseum.com<\/a> <\/p>\n<p>\u00a0<\/p>\n<hr>\n<p> <!--  Text: [end] --><!--  \t\tBEGIN: Content of extension \"hpo_relatedlink\", plugin \"tx_hporelatedlink_pi1\"  \t--><\/p>\n<div> \t\t \t<\/div>\n<p> \t \t<!-- END: Content of extension \"hpo_relatedlink\", plugin \"tx_hporelatedlink_pi1\" -->  \t<\/div>\n<p> \t<!--  CONTENT ELEMENT, uid:10284\/text [end] --> \t\t \t<!--  CONTENT ELEMENT, uid:10619\/text [begin] --> \t\t<\/p>\n<div id=\"c10619\"> \t\t<!--  Text: [begin] --> \t\t\t<\/p>\n<p><b>Etats-Unis<\/b> <\/p>\n<p><b><br \/><\/b> <\/p>\n<p><b><img decoding=\"async\" src=\"http:\/\/imd2013.mini.icom.museum\/wp-content\/uploads\/sites\/50\/2019\/01\/RTEmagicC_US-El_Paso_02.jpg.jpg\" alt=\"\">El Paso Museum of History (EPMH)<\/b> <\/p>\n<p>\u00a0<\/p>\n<p><i>Pour voir le programme, rendez vous sur la version anglaise de cette page. <br \/><\/i> <\/p>\n<p>\u00a0<\/p>\n<p>510 N. Santa Fe Street, El Paso, Texas 79901<br \/>Tel: +1 915-351-3588 <br \/><a href=\"mailto:cityhistorymuseum@elpasotexas.gov\">cityhistorymuseum@elpasotexas.gov<\/a> <\/p>\n<p>\u00a0<\/p>\n<p><a href=\"http:\/\/www.elpasotexas.gov\/history\/\" target=\"_blank\">http:\/\/www.elpasotexas.gov\/history\/<\/a> <\/p>\n<p>\u00a0<\/p>\n<hr>\n<p> <!--  Text: [end] --><!--  \t\tBEGIN: Content of extension \"hpo_relatedlink\", plugin \"tx_hporelatedlink_pi1\"  \t--><\/p>\n<div> \t\t \t<\/div>\n<p> \t \t<!-- END: Content of extension \"hpo_relatedlink\", plugin \"tx_hporelatedlink_pi1\" -->  \t<\/div>\n<p> \t<!--  CONTENT ELEMENT, uid:10619\/text [end] --> \t\t \t<!--  CONTENT ELEMENT, uid:10625\/text [begin] --> \t\t<\/p>\n<div id=\"c10625\"> \t\t<!--  Text: [begin] --> \t\t\t<\/p>\n<p><b>Etats-Unis<\/b> <\/p>\n<p><b><br \/><\/b> <\/p>\n<p><b>Stark Museum of Art, Orange, Texas<\/b> <\/p>\n<p>\u00a0<\/p>\n<p><i>Pour voir le programme, rendez-vous sur la version anglaise de cette page. <br \/><\/i> <\/p>\n<p><img decoding=\"async\" src=\"http:\/\/imd2013.mini.icom.museum\/wp-content\/uploads\/sites\/50\/2019\/01\/RTEmagicC_USA_stark_museum_of_art_orange_texas_03.jpg.jpg\" alt=\"\">712 Green Ave.<br \/>Orange, Texas 77630<br \/>T\u00e9l : 409-886-2787<br \/>Fax : 409-883-6361<br \/>Email : <a href=\"mailto:info@starkmuseum.org\">info@starkmuseum.org<\/a><br \/>Contact : Elena Ivanova \u2013 Chief Educator &#8211; <a href=\"mailto:eivanova@starkmuseum.org\">eivanova@starkmuseum.org<\/a> <\/p>\n<p><a href=\"http:\/\/www.starkculturalvenues.org\/\" target=\"_blank\">www.starkculturalvenues.org<\/a> <\/p>\n<p>\u00a0<\/p>\n<hr>\n<p> <!--  Text: [end] --><!--  \t\tBEGIN: Content of extension \"hpo_relatedlink\", plugin \"tx_hporelatedlink_pi1\"  \t--><\/p>\n<div> \t\t \t<\/div>\n<p> \t \t<!-- END: Content of extension \"hpo_relatedlink\", plugin \"tx_hporelatedlink_pi1\" -->  \t<\/div>\n<p> \t<!--  CONTENT ELEMENT, uid:10625\/text [end] --> \t\t \t<!--  CONTENT ELEMENT, uid:10680\/text [begin] --> \t\t<\/p>\n<div id=\"c10680\"> \t\t<!--  Text: [begin] --> \t\t\t<\/p>\n<p><b>Etats-Unis<\/b> <\/p>\n<p><b><br \/>Pueblo Grande Museum, Phoenix<\/b> <\/p>\n<p>\u00a0<\/p>\n<p><i>Pour voir le programme, rendez-vous sur la version anglaise de cette page.\u00a0<\/i> <\/p>\n<p>\u00a0<\/p>\n<p><a href=\"http:\/\/phoenix.gov\/recreation\/arts\/museums\/pueblo\/index.html\" title=\"Opens external link in new window\" target=\"_blank\">Website<\/a> <\/p>\n<p>\u00a0<\/p>\n<hr>\n<p> <!--  Text: [end] --><!--  \t\tBEGIN: Content of extension \"hpo_relatedlink\", plugin \"tx_hporelatedlink_pi1\"  \t--><\/p>\n<div> \t\t \t<\/div>\n<p> \t \t<!-- END: Content of extension \"hpo_relatedlink\", plugin \"tx_hporelatedlink_pi1\" -->  \t<\/div>\n<p> \t<!--  CONTENT ELEMENT, uid:10680\/text [end] --> \t\t \t<!--  CONTENT ELEMENT, uid:10683\/text [begin] --> \t\t<\/p>\n<div id=\"c10683\"> \t\t<!--  Text: [begin] --> \t\t\t<\/p>\n<p><b>Etats-Unis<\/b> <\/p>\n<p>\u00a0<\/p>\n<p><b>Chesapeake Bay Maritime Museum, St Michaels<\/b> <\/p>\n<p>\u00a0<\/p>\n<p><i>Pour voir le programme, rendez-vous sur la version anglaise de cette page.<br \/><\/i><\/p>\n<p><a href=\"http:\/\/www.cbmm.org\" target=\"_blank\">www.cbmm.org<\/a> <\/p>\n<p>\u00a0<\/p>\n<hr>\n<p> <!--  Text: [end] --><!--  \t\tBEGIN: Content of extension \"hpo_relatedlink\", plugin \"tx_hporelatedlink_pi1\"  \t--><\/p>\n<div> \t\t \t<\/div>\n<p> \t \t<!-- END: Content of extension \"hpo_relatedlink\", plugin \"tx_hporelatedlink_pi1\" -->  \t<\/div>\n<p> \t<!--  CONTENT ELEMENT, uid:10683\/text [end] --> \t\t \t<!--  CONTENT ELEMENT, uid:10778\/textpic [begin] --> \t\t<\/p>\n<div id=\"c10778\"> \t\t<!--  Image block: [begin] --> \t\t\t<\/p>\n<div>\n<div><img decoding=\"async\" src=\"http:\/\/imd2013.mini.icom.museum\/wp-content\/uploads\/sites\/50\/2019\/01\/USA-MuseumsArt_02.jpg\" alt=\"\"><\/div>\n<div> \t\t<!--  Text: [begin] --> \t\t\t<\/p>\n<p><b>Etats-Unis<\/b><\/p>\n<div>\n<p><b><br \/><\/b><\/p>\n<\/div>\n<div>\n<p><b>The Harvard Art Museums, Cambridge<br \/><\/b> <\/p>\n<p>\u00a0<\/p>\n<\/p><\/div>\n<div><\/div>\n<div><\/div>\n<div><\/div>\n<p><i>Pour voir le programme, rendez vous sur la version anglaise de cette page.<\/i> <\/p>\n<\/p>\n<div><\/div>\n<div><\/div>\n<div><\/div>\n<div>\n<p>485 Broadway, Cambridge, MA 02138<\/p>\n<\/div>\n<div>\n<p>Tel: 617-495-9400<\/p>\n<\/div>\n<div>\n<p><a href=\"http:\/\/www.harvardartmuseums.org\" title=\"Opens external link in new window\" target=\"_blank\">www.harvardartmuseums.org<\/a> <\/p>\n<p>\u00a0<\/p>\n<hr>\n<p>\u00a0<\/p>\n<\/p><\/div>\n<div><\/div>\n<div><\/div>\n<p> \t\t<!--  Text: [end] --> \t\t\t<\/div>\n<\/p><\/div>\n<div><!-- --><\/div>\n<p> \t\t<!--  Image block: [end] --> \t\t\t   \t<!--  \t\tBEGIN: Content of extension \"hpo_relatedlink\", plugin \"tx_hporelatedlink_pi1\"  \t--> \t<\/p>\n<div> \t\t \t<\/div>\n<p> \t \t<!-- END: Content of extension \"hpo_relatedlink\", plugin \"tx_hporelatedlink_pi1\" -->  \t<\/div>\n<p> \t<!--  CONTENT ELEMENT, uid:10778\/textpic [end] --> \t\t \t<!--  CONTENT ELEMENT, uid:10832\/text [begin] --> \t\t<\/p>\n<div id=\"c10832\"> \t\t<!--  Text: [begin] --> \t\t\t<\/p>\n<p><b>Etats-Unis<\/b><\/p>\n<div>\n<p><b><br \/>Minneapolis:<\/b><\/p>\n<\/div>\n<div>\n<p><b>Walker Art Center<\/b><\/p>\n<\/div>\n<div>\n<p><b>Minneapolis Institue of Arts<\/b><\/p>\n<\/div>\n<div>\n<p><b>Weisman Art Museum<\/b> <\/p>\n<p>\u00a0<\/p>\n<\/p><\/div>\n<div><\/div>\n<div>\n<p>\u00a0<\/p>\n<p><i>Pour voir le programme, rendez vous sur la version anglaise de cette page.\u00a0<\/i><\/p>\n<div><\/div>\n<\/p><\/div>\n<div>\n<p><a href=\"http:\/\/gallery.mailchimp.com\/676886a9cd25ef4fe0e56c868\/files\/International_Museum_Day_2013_draft.1.pdf\" title=\"Opens external link in new window\" target=\"_blank\">Plus d&#8217;informations ici<\/a>. <\/p>\n<p>\u00a0<\/p>\n<hr>\n<p>\u00a0<\/p>\n<\/p><\/div>\n<p> \t\t<!--  Text: [end] --> \t\t\t   \t<!--  \t\tBEGIN: Content of extension \"hpo_relatedlink\", plugin \"tx_hporelatedlink_pi1\"  \t--> \t<\/p>\n<div> \t\t \t<\/div>\n<p> \t \t<!-- END: Content of extension \"hpo_relatedlink\", plugin \"tx_hporelatedlink_pi1\" -->  \t<\/div>\n<p> \t<!--  CONTENT ELEMENT, uid:10832\/text [end] --> \t\t \t<!--  CONTENT ELEMENT, uid:11173\/textpic [begin] --> \t\t<\/p>\n<div id=\"c11173\"> \t\t<!--  Image block: [begin] --> \t\t\t<\/p>\n<div>\n<div><img decoding=\"async\" src=\"http:\/\/imd2013.mini.icom.museum\/wp-content\/uploads\/sites\/50\/2019\/01\/powell_02.jpg\" alt=\"\"><\/div>\n<div> \t\t<!--  Text: [begin] --> \t\t\t<\/p>\n<p><b>Etats-Unis<\/b><\/p>\n<div>\n<p><b><br \/><\/b><\/p>\n<\/div>\n<div>\n<p><b>Florida Museum of Natural History; Gainesville, Floride<\/b><\/p>\n<\/div>\n<div><\/div>\n<div><\/div>\n<p>\u00a0<\/p>\n<p><i><br \/>Pour voir le programme, rendez vous sur la version anglaise de cette page.<br \/><\/i><\/p>\n<div><\/div>\n<div><\/div>\n<div>\n<p>T\u00e9l: 352-846-2000<\/p>\n<\/div>\n<div>\n<p>Fax: 352-846-0253<\/p>\n<\/div>\n<div>\n<p>Email: <a href=\"mailto:museuminfo@flmnh.ufl.edu\" title=\"Opens window for sending email\">museuminfo@flmnh.ufl.edu<\/a><\/p>\n<\/div>\n<div>\n<p>Adresse: 3215 Hull Road, Gainesville, FL 32611<\/p>\n<\/div>\n<div>\n<p>Site Internet: <a href=\"http:\/\/www.flmnh.ufl.edu\" title=\"Opens external link in new window\" target=\"_blank\">www.flmnh.ufl.edu<\/a> <\/p>\n<p>\u00a0<\/p>\n<\/p><\/div>\n<div>\n<hr>\n<p>\u00a0<\/p>\n<\/p><\/div>\n<p> \t\t<!--  Text: [end] --> \t\t\t<\/div>\n<\/p><\/div>\n<div><!-- --><\/div>\n<p> \t\t<!--  Image block: [end] --> \t\t\t   \t<!--  \t\tBEGIN: Content of extension \"hpo_relatedlink\", plugin \"tx_hporelatedlink_pi1\"  \t--> \t<\/p>\n<div> \t\t \t<\/div>\n<p> \t \t<!-- END: Content of extension \"hpo_relatedlink\", plugin \"tx_hporelatedlink_pi1\" -->  \t<\/div>\n<p> \t<!--  CONTENT ELEMENT, uid:11173\/textpic [end] --> \t\t \t<!--  CONTENT ELEMENT, uid:11308\/textpic [begin] --> \t\t<\/p>\n<div id=\"c11308\"> \t\t<!--  Image block: [begin] --> \t\t\t<\/p>\n<div> \t\t<!--  Text: [begin] --> \t\t\t<\/p>\n<p><span>Etats-Unis<\/span> <\/p>\n<p><span><\/span> <\/p>\n<p><span>Ukrainian Museum, New York<\/span> <\/p>\n<p><span><\/span> <\/p>\n<p><i>Pour voir le programme, rendez vous sur la version\u00a0anglaise de cette page.<\/i> <\/p>\n<p>\u00a0<\/p>\n<p>222 East 6th Street<br \/>New York, NY 10003<br \/>212-228-0110 x304<br \/>212-228-1947 (fax) <\/p>\n<p><a href=\"http:\/\/www.ukrainianmuseum.org\" title=\"Opens external link in new window\" target=\"_blank\">http:\/\/www.ukrainianmuseum.org<\/a> <\/p>\n<hr>\n<p>\u00a0<\/p>\n<p> \t\t<!--  Text: [end] --> \t\t\t<\/div>\n<p> \t\t<!--  Image block: [end] --> \t\t\t   \t<!--  \t\tBEGIN: Content of extension \"hpo_relatedlink\", plugin \"tx_hporelatedlink_pi1\"  \t--> \t<\/p>\n<div> \t\t \t<\/div>\n<p> \t \t<!-- END: Content of extension \"hpo_relatedlink\", plugin \"tx_hporelatedlink_pi1\" -->  \t<\/div>\n<p> \t<!--  CONTENT ELEMENT, uid:11308\/textpic [end] --> \t\t<!--TYPO3SEARCH_end--> <\/div>\n","protected":false},"excerpt":{"rendered":"<p>Canada Bank of Canada\u2019s Currency Museum, Ottawa (Ontario) 18 mai 2013Rassemblement Histoires \u00e0 raconter, collections \u00e0 explorer : Nos pauvres conservateurs sont bien \u00e0 plaindre. C\u2019est la Journ\u00e9e internationale des mus\u00e9es et nous ne les laissons m\u00eame pas estimer ou authentifier vos collections. Qu\u2019\u00e0 cela ne tienne, vous pouvez quand m\u00eame \u00e9gayer leur journ\u00e9e en [&hellip;]<\/p>\n","protected":false},"author":1,"featured_media":0,"parent":157,"menu_order":4,"comment_status":"closed","ping_status":"closed","template":"","meta":{"footnotes":""},"yst_prominent_words":[],"acf":[],"_links":{"self":[{"href":"https:\/\/imd2013.mini.icom.museum\/fr\/wp-json\/wp\/v2\/pages\/2316"}],"collection":[{"href":"https:\/\/imd2013.mini.icom.museum\/fr\/wp-json\/wp\/v2\/pages"}],"about":[{"href":"https:\/\/imd2013.mini.icom.museum\/fr\/wp-json\/wp\/v2\/types\/page"}],"author":[{"embeddable":true,"href":"https:\/\/imd2013.mini.icom.museum\/fr\/wp-json\/wp\/v2\/users\/1"}],"replies":[{"embeddable":true,"href":"https:\/\/imd2013.mini.icom.museum\/fr\/wp-json\/wp\/v2\/comments?post=2316"}],"version-history":[{"count":1,"href":"https:\/\/imd2013.mini.icom.museum\/fr\/wp-json\/wp\/v2\/pages\/2316\/revisions"}],"predecessor-version":[{"id":2570,"href":"https:\/\/imd2013.mini.icom.museum\/fr\/wp-json\/wp\/v2\/pages\/2316\/revisions\/2570"}],"up":[{"embeddable":true,"href":"https:\/\/imd2013.mini.icom.museum\/fr\/wp-json\/wp\/v2\/pages\/157"}],"wp:attachment":[{"href":"https:\/\/imd2013.mini.icom.museum\/fr\/wp-json\/wp\/v2\/media?parent=2316"}],"wp:term":[{"taxonomy":"yst_prominent_words","embeddable":true,"href":"https:\/\/imd2013.mini.icom.museum\/fr\/wp-json\/wp\/v2\/yst_prominent_words?post=2316"}],"curies":[{"name":"wp","href":"https:\/\/api.w.org\/{rel}","templated":true}]}}