{"id":352,"date":"2019-01-08T00:52:38","date_gmt":"2019-01-08T00:52:38","guid":{"rendered":"http:\/\/imd2013.icom.cust.oxymium.net\/partenaires\/art-hopping\/"},"modified":"2019-01-08T01:04:37","modified_gmt":"2019-01-08T01:04:37","slug":"art-hopping","status":"publish","type":"page","link":"https:\/\/imd2013.mini.icom.museum\/fr\/partenaires\/art-hopping\/","title":{"rendered":"Art Hopping"},"content":{"rendered":"<div id=\"RTE_CONTENT\"> <!--TYPO3SEARCH_begin--> \t<!--  CONTENT ELEMENT, uid:10216\/textpic [begin] --> \t\t<\/p>\n<div id=\"c10216\"> \t\t<!--  Image block: [begin] --> \t\t\t<\/p>\n<div>\n<div><a href=\"http:\/\/imd2013.mini.icom.museum\/wp-content\/uploads\/sites\/50\/2019\/01\/ART_HOPPING.jpg\"><img decoding=\"async\" src=\"http:\/\/imd2013.mini.icom.museum\/wp-content\/uploads\/sites\/50\/2019\/01\/ART-HOPPING-2_01.jpg\" alt=\"\"><\/a><\/div>\n<div> \t\t<!--  Text: [begin] --> \t\t\t<\/p>\n<p><span>ART HOPPING : La Collection Roland offre plusieurs heures de films sur l\u2019art aux mus\u00e9es participant \u00e0 IMD<\/span> <\/p>\n<p>Du 12 au 31 mai, l\u2019ICOM s\u2019associe \u00e0 la Collection Roland des Films sur l\u2019Art pour le projet ART HOPPING, qui\u00a0 a pour but de proposer aux mus\u00e9es d\u2019enrichir leur programme d\u2019activit\u00e9s pour la JIM en offrant \u00e0 leurs visiteurs un acc\u00e8s gratuit \u00e0 de nombreux films sur l\u2019art. <\/p>\n<h3><b>39 films = 17 heures de cin\u00e9ma gratuit<\/b><\/h3>\n<p>ART HOPPING transporte le spectateur dans un univers cin\u00e9matographique tr\u00e8s large, avec deux s\u00e9ries de films.<\/p>\n<ul>\n<li>La premi\u00e8re (S\u00e9rie Picasso) s\u2019\u00e9tend de la culture Maya \u00e0 Dali, en passant par Michel-Ange et Picasso, et bien d\u2019autres. En tout, ce sont 21 films repr\u00e9sentant 12 heures de contenus, r\u00e9alis\u00e9s par 19 cin\u00e9astes et comment\u00e9s en anglais qui sont disponible.<\/li>\n<li>La deuxi\u00e8me (S\u00e9rie Delacroix) offre 18 films \/ 5 heures de contenus, accompagn\u00e9s d&#8217;une musique originale et sans commentaire ni texte, pour un public non-anglophone ou malentendant.<\/li>\n<\/ul>\n<p>La Collection Roland offre aux institutions qui participent \u00e0 la Journ\u00e9e internationale des mus\u00e9es les redevances et les frais de distribution de sorte que la mise \u00e0 disposition de ces films pour le public est totalement gratuite.<\/p>\n<p>\u02c3 <a href=\"http:\/\/www.rcqr.org\/?e\" target=\"_blank\">Consulter la liste des films disponibles<\/p>\n<p><\/a> <\/p>\n<h3>Deux affiches ART HOPPING interactives en 7 versions t\u00e9l\u00e9chargeables<\/h3>\n<p>Les affiches propos\u00e9es pour le projet ART HOPPING contiennent plusieurs\u00a0codes QR qui\u00a0activent instantan\u00e9ment les films s\u00e9lectionn\u00e9s. En pointant ainsi leur smartphone vers le carr\u00e9 \u00e0 modules noirs, les visiteurs pourront acc\u00e9der aux films de l\u2019Egypte ancienne \u00e0 la p\u00e9riode romanesque jusqu\u2019\u00e0 aujourd\u2019hui. Ils pourront ainsi visionner un film complet ou simplement quelques extraits des titres propos\u00e9s. L\u2019acc\u00e8s \u00e0 la Collection Roland est imm\u00e9diat et le streaming des films ne n\u00e9cessite pas de connexion Internet ou de navigation sur un site Web.\u00a0<\/p>\n<p>Diff\u00e9rentes versions des affiches ART HOPPING sont disponibles en <b>anglais, espagnol, fran\u00e7ais et allemand.<\/b> Une version sans texte pouvant \u00eatre personnalis\u00e9e est \u00e9galement disponible, permettant ainsi aux mus\u00e9es de cr\u00e9er des affiches dans leur propre langue. <\/p>\n<p>S\u2019ils le d\u00e9sirent, les mus\u00e9es peuvent aussi <b>distribuer l\u2019affiche<\/b> \u00e0 l\u2019entr\u00e9e de leur institution ou dans des \u00e9tablissements scolaires, biblioth\u00e8ques, jardins, ainsi que transf\u00e9rer le document \u00e9lectroniquement \u00e0 leurs r\u00e9seaux de membres et de b\u00e9n\u00e9voles (sachant que les QR codes fonctionnent aussi tr\u00e8s bien en imprimant l&#8217;affiche au format A4). Ils peuvent aussi <b>placer les codes QR \u00e0 l\u2019int\u00e9rieur du mus\u00e9e<\/b> afin de les rendre accessibles aux visiteurs, ou m\u00eame <b>sur leur site Internet<\/b> puisque les codes QR peuvent \u00eatre facilement num\u00e9ris\u00e9s depuis un \u00e9cran. <b>Les films peuvent aussi \u00eatre projet\u00e9s sur de petits \u00e9crans \u00e0 l\u2019int\u00e9rieur des mus\u00e9es<\/b>. La faisabilit\u00e9 de tout autre usage pourra aussi \u00eatre \u00e9tudi\u00e9e.<\/p>\n<p>\u02c3 <b>T\u00e9l\u00e9charger l&#8217;affiche n\u00b01 (S\u00e9rie Picasso) dans sa version personnalisable, pour ajouter la langue de votre choix <\/b>: films et informations en anglais.<br \/><a href=\"http:\/\/imd2013.mini.icom.museum\/wp-content\/uploads\/sites\/50\/2019\/01\/ICOM_IMD_AH_PICASSO_Print_1b.pdf\" title=\"ICOM_IMD_AH_PICASSO_Print_1b.pdf (441 KB)\">Basse d\u00e9finition<\/a> (pour utilisation sur \u00e9crans)<br \/><a href=\"http:\/\/imd2013.mini.icom.museum\/wp-content\/uploads\/sites\/50\/2019\/01\/ICOM_IMD_AH_PICASSO_Print_1a.pdf\" title=\"ICOM_IMD_AH_PICASSO_Print_1a.pdf (21 MB)\">Haute d\u00e9finition<\/a> (pour impression)<\/p>\n<p>\u02c3 <b>T\u00e9l\u00e9charger l&#8217;affiche n\u00b01 (S\u00e9rie Picasso) en anglais <\/b>: films et informations en anglais.<br \/><a href=\"http:\/\/imd2013.mini.icom.museum\/wp-content\/uploads\/sites\/50\/2019\/01\/ICOM_IMD_AH_PICASSO_Print_1a.pdf\" title=\"ICOM_IMD_AH_PICASSO_Print_1a.pdf (448 KB)\">Basse d\u00e9finition<\/a><br \/><a href=\"http:\/\/imd2013.mini.icom.museum\/wp-content\/uploads\/sites\/50\/2019\/01\/ICOM_IMD_AH_PICASSO_Print_1b.pdf\" title=\"ICOM_IMD_AH_PICASSO_Print_1b.pdf (21 MB)\">Haute d\u00e9finition<\/a><\/p>\n<p>\u02c3 <b>T\u00e9l\u00e9charger l&#8217;affiche n\u00b02 (S\u00e9rie Delacroix) dans sa version personnalisable, pour ajouter la langue de votre choix <\/b>: films sans texte ni commentaires, informations en anglais.<br \/><a href=\"http:\/\/imd2013.mini.icom.museum\/wp-content\/uploads\/sites\/50\/2019\/01\/ICOM_IMD_AH_DELACROIX_Engish_2a.pdf\" title=\"ICOM_IMD_AH_DELACROIX_Engish_2a.pdf (461 KB)\">Basse d\u00e9finition<\/a> (pour utilisation sur \u00e9crans)<br \/><a href=\"http:\/\/imd2013.mini.icom.museum\/wp-content\/uploads\/sites\/50\/2019\/01\/ICOM_IMD_AH_DELACROIX_Eng_Print_2b.pdf\" title=\"ICOM_IMD_AH_DELACROIX_Eng_Print_2b.pdf (17.2 MB)\">Haute d\u00e9finition<\/a> (pour impression)<\/p>\n<p>\u02c3 <b>T\u00e9l\u00e9charger l&#8217;affiche n\u00b02 (S\u00e9rie Delacroix) en fran\u00e7ais <\/b>: films sans texte ni commentaires, informations en fran\u00e7ais.<br \/><a href=\"http:\/\/imd2013.mini.icom.museum\/wp-content\/uploads\/sites\/50\/2019\/01\/ICOM_IMD_AH_DELACROIX_French_2d.pdf\" title=\"ICOM_IMD_AH_DELACROIX_French_2d.pdf (470 KB)\">Basse d\u00e9finition<\/a><br \/><a href=\"http:\/\/imd2013.mini.icom.museum\/wp-content\/uploads\/sites\/50\/2019\/01\/ICOM_IMD_AH_DELACROIX_French_2d_Print.pdf\" title=\"ICOM_IMD_AH_DELACROIX_French_2d_Print.pdf (16.9 MB)\">Haute d\u00e9finition<br \/><\/a><br \/>&gt; <b>T\u00e9l\u00e9charger l&#8217;affiche n\u00b02 (S\u00e9rie Delacroix) en anglais <\/b>: films et informations en anglais.<br \/><a href=\"http:\/\/imd2013.mini.icom.museum\/wp-content\/uploads\/sites\/50\/2019\/01\/ICOM_IMD_AH_DELACROIX_Eng_Print_2b.pdf\" title=\"ICOM_IMD_AH_DELACROIX_Eng_Print_2b.pdf (454 KB)\">Basse d\u00e9finition<\/a><br \/>Haute d\u00e9finition<\/p>\n<p>\u02c3 <b>T\u00e9l\u00e9charger l&#8217;affiche n\u00b02 (S\u00e9rie Delacroix) en espagnol <\/b>: films sans texte ni commentaires, informations en espagnol.<br \/><a href=\"http:\/\/imd2013.mini.icom.museum\/wp-content\/uploads\/sites\/50\/2019\/01\/ICOM_IMD_AH_DELACROIX_Spanish_2c_Print.pdf\" title=\"ICOM_IMD_AH_DELACROIX_Spanish_2c_Print.pdf (470 KB)\">Basse d\u00e9finition<\/a><br \/><a href=\"http:\/\/imd2013.mini.icom.museum\/wp-content\/uploads\/sites\/50\/2019\/01\/ICOM_IMD_AH_DELACROIX_Spanish_2c_Print.pdf\" title=\"ICOM_IMD_AH_DELACROIX_Spanish_2c_Print.pdf (16.9 MB)\">Haute d\u00e9finition<\/a><\/p>\n<p>\u02c3 <b>T\u00e9l\u00e9charger l&#8217;affiche n\u00b02 (S\u00e9rie Delacroix) en allemand <\/b>: films sans texte ni commentaires, informations en allemand.<br \/><a href=\"http:\/\/imd2013.mini.icom.museum\/wp-content\/uploads\/sites\/50\/2019\/01\/ICOM_IMD_AH_DELACROIX_German_2e_Print.pdf\" title=\"ICOM_IMD_AH_DELACROIX_German_2e_Print.pdf (471 KB)\">Basse d\u00e9finition<\/a><br \/><a href=\"http:\/\/imd2013.mini.icom.museum\/wp-content\/uploads\/sites\/50\/2019\/01\/ICOM_IMD_AH_DELACROIX_German_2e_Print.pdf\" title=\"ICOM_IMD_AH_DELACROIX_German_2e_Print.pdf (16.9 MB)\">Haute d\u00e9finition<\/a><\/p>\n<p>Si vous souhaitez utiliser les films et les affiches pour la JIM et que vous souhaitez de l&#8217;aide ou plus d&#8217;informations, n&#8217;h\u00e9sitez pas \u00e0 <a href=\"mailto:imd@icom.museum\" title=\"Ouvre une fen\u00eatre pour la r\u00e9daction d'un mail\">nous contacter<\/a>.<\/p>\n<p><\/p>\n<h3>Qu\u2019est-ce qu\u2019un code QR ?<\/h3>\n<p>Un <b>code quick response (QR) <\/b>est un carr\u00e9 constitu\u00e9 de modules noirs qui contient de l\u2019information encod\u00e9e. Les utilisateurs peuvent num\u00e9riser le code en t\u00e9l\u00e9chargeant une application sur leur smartphones qui reconnait les donn\u00e9es transcrites dans le code QR et renvoie directement au film s\u00e9lectionn\u00e9. Les mus\u00e9es peuvent utiliser les code-barres QR <b>gratuitement<\/b> puisque la technologie est universelle et d\u00e9j\u00e0 pr\u00e9sente dans la majorit\u00e9 des t\u00e9l\u00e9phones portable. <\/p>\n<p>\u00a0<\/p>\n<hr>\n<h3>La Collection Roland des Films sur l\u2019Art<\/h3>\n<p>Les origines de la Collection Roland remontent aux ann\u00e9es 60, lorsque le fondateur Anthony Roland remarqua que des films exceptionnels sur l\u2019art risquaient de se perdre. Son travail se concentre sur la pr\u00e9servation de ces titres, qui visent \u00e0 offrir un acc\u00e8s aux films sur l\u2019art pour les g\u00e9n\u00e9rations pr\u00e9sentes et futures \u00e0 des fins \u00e9ducatives ou de loisir. Le projet \u00e0 but non-lucratif ART HOPPING pr\u00e9sente plusieurs de ces films \u00e0 un public international, afin qu\u2019ils puissent visionner gratuitement ces \u0153uvres.<\/p>\n<p>Pour plus de d\u00e9tails concernant la Collection Roland et le type de films disponibles : <a href=\"http:\/\/www.rolandcollection.com\/films\" target=\"_blank\">http:\/\/www.rolandcollection.com\/films<\/a><\/p>\n<p><\/p>\n<p> \t\t<!--  Text: [end] --> \t\t\t<\/div>\n<\/p><\/div>\n<div><!-- --><\/div>\n<p> \t\t<!--  Image block: [end] --> \t\t\t   \t<!--  \t\tBEGIN: Content of extension \"hpo_relatedlink\", plugin \"tx_hporelatedlink_pi1\"  \t--> \t<\/p>\n<div> \t\t \t<\/div>\n<p> \t \t<!-- END: Content of extension \"hpo_relatedlink\", plugin \"tx_hporelatedlink_pi1\" -->  \t<\/div>\n<p> \t<!--  CONTENT ELEMENT, uid:10216\/textpic [end] --> \t\t<!--TYPO3SEARCH_end--> <\/div>\n","protected":false},"excerpt":{"rendered":"<p>ART HOPPING : La Collection Roland offre plusieurs heures de films sur l\u2019art aux mus\u00e9es participant \u00e0 IMD Du 12 au 31 mai, l\u2019ICOM s\u2019associe \u00e0 la Collection Roland des Films sur l\u2019Art pour le projet ART HOPPING, qui\u00a0 a pour but de proposer aux mus\u00e9es d\u2019enrichir leur programme d\u2019activit\u00e9s pour la JIM en offrant [&hellip;]<\/p>\n","protected":false},"author":1,"featured_media":0,"parent":133,"menu_order":1,"comment_status":"closed","ping_status":"closed","template":"","meta":{"footnotes":""},"yst_prominent_words":[],"acf":[],"_links":{"self":[{"href":"https:\/\/imd2013.mini.icom.museum\/fr\/wp-json\/wp\/v2\/pages\/352"}],"collection":[{"href":"https:\/\/imd2013.mini.icom.museum\/fr\/wp-json\/wp\/v2\/pages"}],"about":[{"href":"https:\/\/imd2013.mini.icom.museum\/fr\/wp-json\/wp\/v2\/types\/page"}],"author":[{"embeddable":true,"href":"https:\/\/imd2013.mini.icom.museum\/fr\/wp-json\/wp\/v2\/users\/1"}],"replies":[{"embeddable":true,"href":"https:\/\/imd2013.mini.icom.museum\/fr\/wp-json\/wp\/v2\/comments?post=352"}],"version-history":[{"count":1,"href":"https:\/\/imd2013.mini.icom.museum\/fr\/wp-json\/wp\/v2\/pages\/352\/revisions"}],"predecessor-version":[{"id":2581,"href":"https:\/\/imd2013.mini.icom.museum\/fr\/wp-json\/wp\/v2\/pages\/352\/revisions\/2581"}],"up":[{"embeddable":true,"href":"https:\/\/imd2013.mini.icom.museum\/fr\/wp-json\/wp\/v2\/pages\/133"}],"wp:attachment":[{"href":"https:\/\/imd2013.mini.icom.museum\/fr\/wp-json\/wp\/v2\/media?parent=352"}],"wp:term":[{"taxonomy":"yst_prominent_words","embeddable":true,"href":"https:\/\/imd2013.mini.icom.museum\/fr\/wp-json\/wp\/v2\/yst_prominent_words?post=352"}],"curies":[{"name":"wp","href":"https:\/\/api.w.org\/{rel}","templated":true}]}}