{"id":364,"date":"2019-01-08T00:52:45","date_gmt":"2019-01-08T00:52:45","guid":{"rendered":"http:\/\/imd2013.icom.cust.oxymium.net\/partenaires\/les-partenaires\/"},"modified":"2019-01-08T01:04:36","modified_gmt":"2019-01-08T01:04:36","slug":"les-partenaires","status":"publish","type":"page","link":"https:\/\/imd2013.mini.icom.museum\/fr\/partenaires\/les-partenaires\/","title":{"rendered":"Les partenaires"},"content":{"rendered":"<div id=\"RTE_CONTENT\"> <!--TYPO3SEARCH_begin--> \t<!--  CONTENT ELEMENT, uid:9834\/textpic [begin] --> \t\t<\/p>\n<div id=\"c9834\"> \t\t<!--  Header: [begin] --> \t\t\t<\/p>\n<h2>Le Programme \u00ab M\u00e9moire du Monde \u00bb de l\u2019UNESCO, partenaire officiel de la Journ\u00e9e internationale des mus\u00e9es<\/h2>\n<p> \t\t<!--  Header: [end] --> \t\t\t \t\t<!--  Image block: [begin] --> \t\t\t<\/p>\n<div>\n<div><img decoding=\"async\" src=\"http:\/\/imd2013.mini.icom.museum\/wp-content\/uploads\/sites\/50\/2019\/01\/logo_MoW_Unesco.gif\" alt=\"\"><\/div>\n<div> \t\t<!--  Text: [begin] --> \t\t\t<\/p>\n<p>\u00c0 l\u2019occasion de la Journ\u00e9e internationale des mus\u00e9es 2013, l\u2019ICOM s\u2019associe au Programme M\u00e9moire du monde de l\u2019UNESCO, qui c\u00e9l\u00e8bre en 2012 son 20e anniversaire. <\/p>\n<p>L\u2019ICOM et l\u2019UNESCO sont heureux d\u2019offrir un exemplaire de l\u2019ouvrage M\u00e9moire du monde aux 12 mus\u00e9es africains les plus rapides dans l\u2019envoi de leur programme d\u2019activit\u00e9s ! <\/p>\n<p>L\u2019ICOM et Le Programme M\u00e9moire du monde, consacr\u00e9 \u00e0 la pr\u00e9servation du patrimoine documentaire mondial, ont tous deux pour vocation la sauvegarde du patrimoine au profit de la soci\u00e9t\u00e9 ; et partagent la conviction que la num\u00e9risation de documents importants facilite l\u2019acc\u00e8s \u00e0 son contenu.<\/p>\n<p> \t\t<!--  Text: [end] --> \t\t\t<\/div>\n<\/p><\/div>\n<div><!-- --><\/div>\n<p> \t\t<!--  Image block: [end] --> \t\t\t   \t<!--  \t\tBEGIN: Content of extension \"hpo_relatedlink\", plugin \"tx_hporelatedlink_pi1\"  \t--> \t<\/p>\n<div> \t\t \t<\/div>\n<p> \t \t<!-- END: Content of extension \"hpo_relatedlink\", plugin \"tx_hporelatedlink_pi1\" -->  \t<\/div>\n<p> \t<!--  CONTENT ELEMENT, uid:9834\/textpic [end] --> \t\t<!--TYPO3SEARCH_end--> <\/div>\n","protected":false},"excerpt":{"rendered":"<p>Le Programme \u00ab M\u00e9moire du Monde \u00bb de l\u2019UNESCO, partenaire officiel de la Journ\u00e9e internationale des mus\u00e9es \u00c0 l\u2019occasion de la Journ\u00e9e internationale des mus\u00e9es 2013, l\u2019ICOM s\u2019associe au Programme M\u00e9moire du monde de l\u2019UNESCO, qui c\u00e9l\u00e8bre en 2012 son 20e anniversaire. L\u2019ICOM et l\u2019UNESCO sont heureux d\u2019offrir un exemplaire de l\u2019ouvrage M\u00e9moire du monde [&hellip;]<\/p>\n","protected":false},"author":1,"featured_media":0,"parent":133,"menu_order":2,"comment_status":"closed","ping_status":"closed","template":"","meta":{"footnotes":""},"yst_prominent_words":[],"acf":[],"_links":{"self":[{"href":"https:\/\/imd2013.mini.icom.museum\/fr\/wp-json\/wp\/v2\/pages\/364"}],"collection":[{"href":"https:\/\/imd2013.mini.icom.museum\/fr\/wp-json\/wp\/v2\/pages"}],"about":[{"href":"https:\/\/imd2013.mini.icom.museum\/fr\/wp-json\/wp\/v2\/types\/page"}],"author":[{"embeddable":true,"href":"https:\/\/imd2013.mini.icom.museum\/fr\/wp-json\/wp\/v2\/users\/1"}],"replies":[{"embeddable":true,"href":"https:\/\/imd2013.mini.icom.museum\/fr\/wp-json\/wp\/v2\/comments?post=364"}],"version-history":[{"count":1,"href":"https:\/\/imd2013.mini.icom.museum\/fr\/wp-json\/wp\/v2\/pages\/364\/revisions"}],"predecessor-version":[{"id":2580,"href":"https:\/\/imd2013.mini.icom.museum\/fr\/wp-json\/wp\/v2\/pages\/364\/revisions\/2580"}],"up":[{"embeddable":true,"href":"https:\/\/imd2013.mini.icom.museum\/fr\/wp-json\/wp\/v2\/pages\/133"}],"wp:attachment":[{"href":"https:\/\/imd2013.mini.icom.museum\/fr\/wp-json\/wp\/v2\/media?parent=364"}],"wp:term":[{"taxonomy":"yst_prominent_words","embeddable":true,"href":"https:\/\/imd2013.mini.icom.museum\/fr\/wp-json\/wp\/v2\/yst_prominent_words?post=364"}],"curies":[{"name":"wp","href":"https:\/\/api.w.org\/{rel}","templated":true}]}}